{"id":11725,"date":"2024-02-21T14:58:43","date_gmt":"2024-02-21T13:58:43","guid":{"rendered":"https:\/\/gostynin.bpplock.pl\/?page_id=11725"},"modified":"2024-12-18T09:09:19","modified_gmt":"2024-12-18T08:09:19","slug":"gromadzenie-i-opracowanie-zbiorow","status":"publish","type":"page","link":"https:\/\/gostynin.bpplock.pl\/en\/gromadzenie-i-opracowanie-zbiorow\/","title":{"rendered":"Gromadzenie i Opracowanie Zbior\u00f3w"},"content":{"rendered":"\n<p>Wydzia\u0142 zajmuje si\u0119:<\/p>\n\n\n\n<ul class=\"wp-block-list\">\n<li>dokonywaniem wyboru i gromadzeniem ksi\u0119gozbioru zgodnie z koncepcj\u0105 pracy Biblioteki<\/li>\n\n\n\n<li>opracowaniem w systemie komputerowym PROLIB<\/li>\n\n\n\n<li>nawi\u0105zywaniem wsp\u00f3\u0142pracy z osobami prywatnymi i instytucjami w celu pozyskania dar\u00f3w<\/li>\n\n\n\n<li>organizowaniem skontrum, dokonywaniem selekcji zbior\u00f3w zwartych<\/li>\n\n\n\n<li>prowadzeniem rejestru przybytk\u00f3w i ubytk\u00f3w<\/li>\n\n\n\n<li>promowaniem nowo\u015bci wydawniczych na stronie Biblioteki<\/li>\n\n\n\n<li>wsp\u00f3\u0142organizowaniem imprez bibliotecznych maj\u0105cych na celu promowanie czytelnictwa, ksi\u0105\u017cki i Biblioteki w \u015brodowisku<\/li>\n\n\n\n<li>udzielaniem konsultacji nauczycielom bibliotekarzom w zakresie ewidencji, gromadzenia i opracowania zbior\u00f3w<\/li>\n<\/ul>\n\n\n\n<div style=\"height:20px\" aria-hidden=\"true\" class=\"wp-block-spacer\"><\/div>\n\n\n\n<div class=\"wp-block-stackable-card stk-block-card stk-block stk-1d311e1 is-style-default\" data-v=\"2\" data-block-id=\"1d311e1\"><style>.stk-1d311e1 .stk-block-card__image{height:358px !important;}.stk-1d311e1 .stk-block-card__image img{object-fit:contain !important;}<\/style><div class=\"stk--no-padding stk-container stk-1d311e1-container stk-hover-parent\"><figure class=\"stk-block-card__image stk-img-wrapper stk-image--shape-stretch\"><img loading=\"lazy\" decoding=\"async\" class=\"stk-img wp-image-11806\" src=\"https:\/\/gostynin.bpplock.pl\/wp-content\/uploads\/sites\/30\/2024\/02\/9117749-int.jpg\" width=\"1536\" height=\"2048\" alt=\"Jolanta Sieczkowska\" srcset=\"https:\/\/gostynin.bpplock.pl\/wp-content\/uploads\/sites\/30\/2024\/02\/9117749-int.jpg 1536w, https:\/\/gostynin.bpplock.pl\/wp-content\/uploads\/sites\/30\/2024\/02\/9117749-int-225x300.jpg 225w, https:\/\/gostynin.bpplock.pl\/wp-content\/uploads\/sites\/30\/2024\/02\/9117749-int-768x1024.jpg 768w, https:\/\/gostynin.bpplock.pl\/wp-content\/uploads\/sites\/30\/2024\/02\/9117749-int-1152x1536.jpg 1152w, https:\/\/gostynin.bpplock.pl\/wp-content\/uploads\/sites\/30\/2024\/02\/9117749-int-1320x1760.jpg 1320w, https:\/\/gostynin.bpplock.pl\/wp-content\/uploads\/sites\/30\/2024\/02\/9117749-int-18x24.jpg 18w, https:\/\/gostynin.bpplock.pl\/wp-content\/uploads\/sites\/30\/2024\/02\/9117749-int-27x36.jpg 27w, https:\/\/gostynin.bpplock.pl\/wp-content\/uploads\/sites\/30\/2024\/02\/9117749-int-36x48.jpg 36w\" sizes=\"auto, (max-width: 1536px) 100vw, 1536px\" \/><\/figure><div class=\"stk-container-padding stk-block-card__content\"><div class=\"stk-block-content stk-inner-blocks stk-1d311e1-inner-blocks\">\n<div class=\"wp-block-stackable-heading stk-block-heading stk-block-heading--v2 stk-block stk-1fce584\" id=\"nauczycielka-bibliotekarka\" data-block-id=\"1fce584\"><h2 class=\"stk-block-heading__text has-text-align-center\">Nauczycielka bibliotekarka<\/h2><\/div>\n\n\n\n<div class=\"wp-block-stackable-text stk-block-text stk-block stk-90fbe0f\" data-block-id=\"90fbe0f\"><p class=\"stk-block-text__text has-text-align-center\"><strong>Kierowniczka Biblioteki Pedagogicznej w P\u0142ocku Filia w Gostyninie<\/strong><\/p><\/div>\n\n\n\n<div class=\"wp-block-stackable-subtitle stk-block-subtitle stk-block stk-a7b2e33\" data-block-id=\"a7b2e33\"><p class=\"stk-block-subtitle__text stk-subtitle has-text-align-center\"><strong><strong>Bo\u017cena Trojanowska<\/strong><\/strong><\/p><\/div>\n\n\n\n<p class=\"has-text-align-center\"><a href=\"mailto:bozena.trojanowska@bpplock.pl\">bozena.trojanowska@bpplock.pl<\/a><\/p>\n<\/div><\/div><\/div><\/div>\n","protected":false},"excerpt":{"rendered":"<p>Wydzia\u0142 zajmuje si\u0119: Nauczycielka bibliotekarka Kierowniczka Biblioteki Pedagogicznej w P\u0142ocku Filia w Gostyninie Bo\u017cena Trojanowska bozena.trojanowska@bpplock.pl<\/p>\n","protected":false},"author":899,"featured_media":0,"parent":0,"menu_order":0,"comment_status":"closed","ping_status":"closed","template":"","meta":{"_acf_changed":false,"_oasis_is_in_workflow":0,"_oasis_original":0,"inline_featured_image":false,"site-sidebar-layout":"default","site-content-layout":"","ast-site-content-layout":"default","site-content-style":"default","site-sidebar-style":"default","ast-global-header-display":"","ast-banner-title-visibility":"","ast-main-header-display":"","ast-hfb-above-header-display":"","ast-hfb-below-header-display":"","ast-hfb-mobile-header-display":"","site-post-title":"","ast-breadcrumbs-content":"","ast-featured-img":"","footer-sml-layout":"","ast-disable-related-posts":"","theme-transparent-header-meta":"","adv-header-id-meta":"","stick-header-meta":"","header-above-stick-meta":"","header-main-stick-meta":"","header-below-stick-meta":"","astra-migrate-meta-layouts":"set","ast-page-background-enabled":"default","ast-page-background-meta":{"desktop":{"background-color":"","background-image":"","background-repeat":"repeat","background-position":"center center","background-size":"auto","background-attachment":"scroll","background-type":"","background-media":"","overlay-type":"","overlay-color":"","overlay-opacity":"","overlay-gradient":""},"tablet":{"background-color":"","background-image":"","background-repeat":"repeat","background-position":"center center","background-size":"auto","background-attachment":"scroll","background-type":"","background-media":"","overlay-type":"","overlay-color":"","overlay-opacity":"","overlay-gradient":""},"mobile":{"background-color":"","background-image":"","background-repeat":"repeat","background-position":"center center","background-size":"auto","background-attachment":"scroll","background-type":"","background-media":"","overlay-type":"","overlay-color":"","overlay-opacity":"","overlay-gradient":""}},"ast-content-background-meta":{"desktop":{"background-color":"var(--ast-global-color-5)","background-image":"","background-repeat":"repeat","background-position":"center center","background-size":"auto","background-attachment":"scroll","background-type":"","background-media":"","overlay-type":"","overlay-color":"","overlay-opacity":"","overlay-gradient":""},"tablet":{"background-color":"var(--ast-global-color-5)","background-image":"","background-repeat":"repeat","background-position":"center center","background-size":"auto","background-attachment":"scroll","background-type":"","background-media":"","overlay-type":"","overlay-color":"","overlay-opacity":"","overlay-gradient":""},"mobile":{"background-color":"var(--ast-global-color-5)","background-image":"","background-repeat":"repeat","background-position":"center center","background-size":"auto","background-attachment":"scroll","background-type":"","background-media":"","overlay-type":"","overlay-color":"","overlay-opacity":"","overlay-gradient":""}},"_themeisle_gutenberg_block_has_review":false,"footnotes":""},"class_list":["post-11725","page","type-page","status-publish","hentry"],"acf":[],"featured_image_urls_v2":{"full":"","thumbnail":"","medium":"","medium_large":"","large":"","1536x1536":"","2048x2048":"","menu-24x24":"","menu-36x36":"","menu-48x48":""},"post_excerpt_stackable_v2":"<p>Wydzia\u0142 zajmuje si\u0119: dokonywaniem wyboru i gromadzeniem ksi\u0119gozbioru zgodnie z koncepcj\u0105 pracy Biblioteki opracowaniem w systemie komputerowym PROLIB nawi\u0105zywaniem wsp\u00f3\u0142pracy z osobami prywatnymi i instytucjami w celu pozyskania dar\u00f3w organizowaniem skontrum, dokonywaniem selekcji zbior\u00f3w zwartych prowadzeniem rejestru przybytk\u00f3w i ubytk\u00f3w promowaniem nowo\u015bci wydawniczych na stronie Biblioteki wsp\u00f3\u0142organizowaniem imprez bibliotecznych maj\u0105cych na celu promowanie czytelnictwa, ksi\u0105\u017cki i Biblioteki w \u015brodowisku udzielaniem konsultacji nauczycielom bibliotekarzom w zakresie ewidencji, gromadzenia i opracowania zbior\u00f3w Nauczycielka bibliotekarka Kierowniczka Biblioteki Pedagogicznej w P\u0142ocku Filia w Gostyninie Bo\u017cena Trojanowska bozena.trojanowska@bpplock.pl<\/p>\n","category_list_v2":"","author_info_v2":{"name":"lserafinowski","url":"https:\/\/gostynin.bpplock.pl\/en\/author\/lserafinowski\/"},"comments_num_v2":"0 comments","_links":{"self":[{"href":"https:\/\/gostynin.bpplock.pl\/en\/wp-json\/wp\/v2\/pages\/11725","targetHints":{"allow":["GET"]}}],"collection":[{"href":"https:\/\/gostynin.bpplock.pl\/en\/wp-json\/wp\/v2\/pages"}],"about":[{"href":"https:\/\/gostynin.bpplock.pl\/en\/wp-json\/wp\/v2\/types\/page"}],"author":[{"embeddable":true,"href":"https:\/\/gostynin.bpplock.pl\/en\/wp-json\/wp\/v2\/users\/899"}],"replies":[{"embeddable":true,"href":"https:\/\/gostynin.bpplock.pl\/en\/wp-json\/wp\/v2\/comments?post=11725"}],"version-history":[{"count":14,"href":"https:\/\/gostynin.bpplock.pl\/en\/wp-json\/wp\/v2\/pages\/11725\/revisions"}],"predecessor-version":[{"id":19573,"href":"https:\/\/gostynin.bpplock.pl\/en\/wp-json\/wp\/v2\/pages\/11725\/revisions\/19573"}],"wp:attachment":[{"href":"https:\/\/gostynin.bpplock.pl\/en\/wp-json\/wp\/v2\/media?parent=11725"}],"curies":[{"name":"wp","href":"https:\/\/api.w.org\/{rel}","templated":true}]}}