{"id":1470,"date":"2021-11-25T10:27:11","date_gmt":"2021-11-25T09:27:11","guid":{"rendered":"https:\/\/gostynin.bpplock.pl\/?page_id=1470"},"modified":"2024-02-05T13:47:16","modified_gmt":"2024-02-05T12:47:16","slug":"czasopisma-prenumerowane-2021","status":"publish","type":"page","link":"https:\/\/gostynin.bpplock.pl\/en\/czasopisma-prenumerowane-2021\/","title":{"rendered":"Czasopisma prenumerowane w 2024 r."},"content":{"rendered":"\n<h2 class=\"wp-block-heading\"><strong>Czasopisma prenumerowane b\u0105d\u017a otrzymywane przez Bibliotek\u0119 Pedagogiczn\u0105 w P\u0142ocku Filia w Gostyninie w&nbsp;2024 r.<\/strong><\/h2>\n\n\n\n<p><em>Klikaj\u0105c w tytu\u0142 czasopisma przejdziesz do jego opisu w katalogu INTEGRO<\/em><\/p>\n\n\n\n<ol class=\"wp-block-list\">\n<li><a href=\"https:\/\/opac.bpplock.pl\/822000165224\/dokumenty-ciagle\/biblioteka-w-szkole?bibFilter=124\" target=\"_blank\" rel=\"noopener\">Biblioteka w Szkole<\/a> <\/li>\n\n\n\n<li><a href=\"https:\/\/opac.bpplock.pl\/822000165228\/dokumenty-ciagle\/biologia-w-szkole?bibFilter=124\" target=\"_blank\" rel=\"noopener\">Biologia w Szkole<\/a><\/li>\n\n\n\n<li><a href=\"https:\/\/opac.bpplock.pl\/822000175696\/dokumenty-ciagle\/biuletyn-instytutu-pamieci-narodowej?bibFilter=124\" target=\"_blank\" rel=\"noopener\">Biuletyn IPN<\/a> *<\/li>\n\n\n\n<li><a href=\"https:\/\/opac.bpplock.pl\/822100202782\/dokumenty-ciagle\/blizej-przedszkola?bibFilter=124\" target=\"_blank\" rel=\"noopener\">Bli\u017cej Przedszkola<\/a><\/li>\n\n\n\n<li><a href=\"https:\/\/opac.bpplock.pl\/822000165232\/dokumenty-ciagle\/charaktery?bibFilter=124\" target=\"_blank\" rel=\"noopener\">Charaktery<\/a><\/li>\n\n\n\n<li><a href=\"https:\/\/opac.bpplock.pl\/822000165247\/dokumenty-ciagle\/dyrektor-szkoly?bibFilter=124\" target=\"_blank\" rel=\"noopener\">Dyrektor Szko\u0142y<\/a><\/li>\n\n\n\n<li><a href=\"https:\/\/opac.bpplock.pl\/822800590485\/dokumenty-ciagle\/edukacja-wczesnoszkolna?bibFilter=124\" target=\"_blank\" rel=\"noopener\">Edukacja Wczesnoszkolna<\/a><\/li>\n\n\n\n<li><a href=\"https:\/\/opac.bpplock.pl\/822000165266\/dokumenty-ciagle\/geografia-w-szkole?bibFilter=124\" target=\"_blank\" rel=\"noopener\">Geografia w Szkole<\/a><\/li>\n\n\n\n<li><a href=\"https:\/\/opac.bpplock.pl\/822000165269\/dokumenty-ciagle\/glos-nauczycielski?bibFilter=124\" target=\"_blank\" rel=\"noopener\">G\u0142os Nauczycielski<\/a><\/li>\n\n\n\n<li><a href=\"https:\/\/opac.bpplock.pl\/822000171433\/dokumenty-ciagle\/glos-pedagogiczny?bibFilter=124\" target=\"_blank\" rel=\"noopener\">G\u0142os Pedagogiczny<\/a><\/li>\n\n\n\n<li><a href=\"https:\/\/opac.bpplock.pl\/822800553039\/dokumenty-ciagle\/jezyk-polski-w-szkole-ponadpodstawowej?bibFilter=124\" target=\"_blank\" rel=\"noopener\">J\u0119zyk Polski w Szkole Ponadpodstawowej<\/a><\/li>\n\n\n\n<li><a href=\"https:\/\/opac.bpplock.pl\/822000165285\/dokumenty-ciagle\/jezyki-obce-w-szkole?bibFilter=124\" target=\"_blank\" rel=\"noopener\">J\u0119zyki Obce w Szkole<\/a> *<\/li>\n\n\n\n<li><a href=\"https:\/\/opac.bpplock.pl\/822000165311\/dokumenty-ciagle\/matematyka?bibFilter=124\" target=\"_blank\" rel=\"noopener\">Matematyka<\/a><\/li>\n\n\n\n<li><a href=\"https:\/\/opac.bpplock.pl\/822100179087\/dokumenty-ciagle\/polityka-spoleczna?bibFilter=124\" target=\"_blank\" rel=\"noopener\">Polityka Spo\u0142eczna<\/a><\/li>\n\n\n\n<li><a href=\"https:\/\/opac.bpplock.pl\/822000165330\/dokumenty-ciagle\/polonistyka?bibFilter=124\" target=\"_blank\" rel=\"noopener\">Polonistyka<\/a><\/li>\n\n\n\n<li><a href=\"https:\/\/opac.bpplock.pl\/822000165334\/dokumenty-ciagle\/poradnik-bibliotekarza?bibFilter=124\" target=\"_blank\" rel=\"noopener\">Poradnik Bibliotekarza<\/a><\/li>\n\n\n\n<li><a href=\"https:\/\/opac.bpplock.pl\/822000175686\/dokumenty-ciagle\/praca-socjalna?bibFilter=124\" target=\"_blank\" rel=\"noopener\">Praca Socjalna<\/a><\/li>\n\n\n\n<li><a href=\"https:\/\/opac.bpplock.pl\/822000175686\/dokumenty-ciagle\/praca-socjalna?bibFilter=124\" target=\"_blank\" rel=\"noopener\">Problemy Opieku\u0144czo-Wychowawcze<\/a><\/li>\n\n\n\n<li><a href=\"https:\/\/opac.bpplock.pl\/822000165361\/dokumenty-ciagle\/remedium?bibFilter=124\" target=\"_blank\" rel=\"noopener\">Remedium<\/a><\/li>\n\n\n\n<li><a href=\"https:\/\/opac.bpplock.pl\/822000165377\/dokumenty-ciagle\/szkola-specjalna?bibFilter=124\" target=\"_blank\" rel=\"noopener\">Szko\u0142a Specjalna<\/a><\/li>\n\n\n\n<li><a href=\"https:\/\/opac.bpplock.pl\/822100202767\/dokumenty-ciagle\/swietlica-w-szkole?bibFilter=124\" target=\"_blank\" rel=\"noopener\">\u015awietlica w Szkole<\/a><\/li>\n\n\n\n<li><a href=\"https:\/\/opac.bpplock.pl\/822900647390\/dokumenty-ciagle\/w-cyfrowej-szkole?bibFilter=124\" target=\"_blank\" rel=\"noopener\">W Cyfrowej Szkole<\/a> *<\/li>\n\n\n\n<li><a href=\"https:\/\/opac.bpplock.pl\/822000165383\/dokumenty-ciagle\/wiadomosci-historyczne?bibFilter=124\" target=\"_blank\" rel=\"noopener\">Wiadomo\u015bci Historyczne<\/a><\/li>\n\n\n\n<li><a href=\"https:\/\/opac.bpplock.pl\/822000165393\/dokumenty-ciagle\/wychowanie-fizyczne-i-zdrowotne?bibFilter=124\" target=\"_blank\" rel=\"noopener\">Wychowanie Fizyczne i Zdrowotne<\/a><\/li>\n\n\n\n<li><a href=\"https:\/\/opac.bpplock.pl\/822300263662\/dokumenty-ciagle\/wychowanie-muzyczne?bibFilter=124\" target=\"_blank\" rel=\"noopener\">Wychowanie Muzyczne<\/a><\/li>\n\n\n\n<li><a href=\"https:\/\/opac.bpplock.pl\/822000165466\/dokumenty-ciagle\/wychowanie-w-przedszkolu?bibFilter=124\" target=\"_blank\" rel=\"noopener\">Wychowanie w Przedszkolu<\/a><\/li>\n\n\n\n<li><a href=\"https:\/\/opac.bpplock.pl\/822000165468\/dokumenty-ciagle\/wychowawca?bibFilter=124\" target=\"_blank\" rel=\"noopener\">Wychowawca<\/a><\/li>\n\n\n\n<li><a href=\"https:\/\/opac.bpplock.pl\/822000165476\/dokumenty-ciagle\/zycie-szkoly?bibFilter=124\" target=\"_blank\" rel=\"noopener\">\u017bycie Szko\u0142y<\/a><\/li>\n<\/ol>\n\n\n\n<p>* czasopisma gratisowe<\/p>\n","protected":false},"excerpt":{"rendered":"<p>Czasopisma prenumerowane b\u0105d\u017a otrzymywane przez Bibliotek\u0119 Pedagogiczn\u0105 w P\u0142ocku Filia w Gostyninie w&nbsp;2024 r. Klikaj\u0105c w tytu\u0142 czasopisma przejdziesz do [&hellip;]<\/p>\n","protected":false},"author":997,"featured_media":0,"parent":0,"menu_order":0,"comment_status":"closed","ping_status":"closed","template":"","meta":{"_acf_changed":false,"_oasis_is_in_workflow":0,"_oasis_original":0,"inline_featured_image":false,"site-sidebar-layout":"default","site-content-layout":"","ast-site-content-layout":"default","site-content-style":"default","site-sidebar-style":"default","ast-global-header-display":"","ast-banner-title-visibility":"","ast-main-header-display":"","ast-hfb-above-header-display":"","ast-hfb-below-header-display":"","ast-hfb-mobile-header-display":"","site-post-title":"","ast-breadcrumbs-content":"","ast-featured-img":"","footer-sml-layout":"","ast-disable-related-posts":"","theme-transparent-header-meta":"","adv-header-id-meta":"","stick-header-meta":"","header-above-stick-meta":"","header-main-stick-meta":"","header-below-stick-meta":"","astra-migrate-meta-layouts":"set","ast-page-background-enabled":"default","ast-page-background-meta":{"desktop":{"background-color":"","background-image":"","background-repeat":"repeat","background-position":"center center","background-size":"auto","background-attachment":"scroll","background-type":"","background-media":"","overlay-type":"","overlay-color":"","overlay-opacity":"","overlay-gradient":""},"tablet":{"background-color":"","background-image":"","background-repeat":"repeat","background-position":"center center","background-size":"auto","background-attachment":"scroll","background-type":"","background-media":"","overlay-type":"","overlay-color":"","overlay-opacity":"","overlay-gradient":""},"mobile":{"background-color":"","background-image":"","background-repeat":"repeat","background-position":"center center","background-size":"auto","background-attachment":"scroll","background-type":"","background-media":"","overlay-type":"","overlay-color":"","overlay-opacity":"","overlay-gradient":""}},"ast-content-background-meta":{"desktop":{"background-color":"var(--ast-global-color-5)","background-image":"","background-repeat":"repeat","background-position":"center center","background-size":"auto","background-attachment":"scroll","background-type":"","background-media":"","overlay-type":"","overlay-color":"","overlay-opacity":"","overlay-gradient":""},"tablet":{"background-color":"var(--ast-global-color-5)","background-image":"","background-repeat":"repeat","background-position":"center center","background-size":"auto","background-attachment":"scroll","background-type":"","background-media":"","overlay-type":"","overlay-color":"","overlay-opacity":"","overlay-gradient":""},"mobile":{"background-color":"var(--ast-global-color-5)","background-image":"","background-repeat":"repeat","background-position":"center center","background-size":"auto","background-attachment":"scroll","background-type":"","background-media":"","overlay-type":"","overlay-color":"","overlay-opacity":"","overlay-gradient":""}},"_themeisle_gutenberg_block_has_review":false,"footnotes":""},"class_list":["post-1470","page","type-page","status-publish","hentry"],"acf":[],"featured_image_urls_v2":{"full":"","thumbnail":"","medium":"","medium_large":"","large":"","1536x1536":"","2048x2048":"","menu-24x24":"","menu-36x36":"","menu-48x48":""},"post_excerpt_stackable_v2":"<p>Czasopisma prenumerowane b\u0105d\u017a otrzymywane przez Bibliotek\u0119 Pedagogiczn\u0105 w P\u0142ocku Filia w Gostyninie w&nbsp;2024 r. Klikaj\u0105c w tytu\u0142 czasopisma przejdziesz do jego opisu w katalogu INTEGRO Biblioteka w Szkole Biologia w Szkole Biuletyn IPN * Bli\u017cej Przedszkola Charaktery Dyrektor Szko\u0142y Edukacja Wczesnoszkolna Geografia w Szkole G\u0142os Nauczycielski G\u0142os Pedagogiczny J\u0119zyk Polski w Szkole Ponadpodstawowej J\u0119zyki Obce w Szkole * Matematyka Polityka Spo\u0142eczna Polonistyka Poradnik Bibliotekarza Praca Socjalna Problemy Opieku\u0144czo-Wychowawcze Remedium Szko\u0142a Specjalna \u015awietlica w Szkole W Cyfrowej Szkole * Wiadomo\u015bci Historyczne Wychowanie Fizyczne i Zdrowotne Wychowanie Muzyczne Wychowanie w Przedszkolu Wychowawca \u017bycie Szko\u0142y * czasopisma gratisowe<\/p>\n","category_list_v2":"","author_info_v2":{"name":"jsieczkowska","url":"https:\/\/gostynin.bpplock.pl\/en\/author\/jsieczkowska\/"},"comments_num_v2":"0 comments","_links":{"self":[{"href":"https:\/\/gostynin.bpplock.pl\/en\/wp-json\/wp\/v2\/pages\/1470","targetHints":{"allow":["GET"]}}],"collection":[{"href":"https:\/\/gostynin.bpplock.pl\/en\/wp-json\/wp\/v2\/pages"}],"about":[{"href":"https:\/\/gostynin.bpplock.pl\/en\/wp-json\/wp\/v2\/types\/page"}],"author":[{"embeddable":true,"href":"https:\/\/gostynin.bpplock.pl\/en\/wp-json\/wp\/v2\/users\/997"}],"replies":[{"embeddable":true,"href":"https:\/\/gostynin.bpplock.pl\/en\/wp-json\/wp\/v2\/comments?post=1470"}],"version-history":[{"count":22,"href":"https:\/\/gostynin.bpplock.pl\/en\/wp-json\/wp\/v2\/pages\/1470\/revisions"}],"predecessor-version":[{"id":10402,"href":"https:\/\/gostynin.bpplock.pl\/en\/wp-json\/wp\/v2\/pages\/1470\/revisions\/10402"}],"wp:attachment":[{"href":"https:\/\/gostynin.bpplock.pl\/en\/wp-json\/wp\/v2\/media?parent=1470"}],"curies":[{"name":"wp","href":"https:\/\/api.w.org\/{rel}","templated":true}]}}