{"id":1613,"date":"2021-11-25T11:14:44","date_gmt":"2021-11-25T10:14:44","guid":{"rendered":"https:\/\/gostynin.bpplock.pl\/?page_id=1613"},"modified":"2021-11-25T11:56:21","modified_gmt":"2021-11-25T10:56:21","slug":"klasy-4-8","status":"publish","type":"page","link":"https:\/\/gostynin.bpplock.pl\/en\/klasy-4-8\/","title":{"rendered":"Klasy 4 &#8211; 8"},"content":{"rendered":"\n<div class=\"wp-block-columns is-layout-flex wp-container-core-columns-is-layout-28f84493 wp-block-columns-is-layout-flex\">\n<div class=\"wp-block-column is-layout-flow wp-block-column-is-layout-flow\">\n<div class=\"wp-block-image\"><figure class=\"aligncenter size-full\"><a href=\"https:\/\/gostynin.bpplock.pl\/szkoly-podstawowe\/\"><img loading=\"lazy\" decoding=\"async\" width=\"96\" height=\"98\" src=\"https:\/\/gostynin.bpplock.pl\/wp-content\/uploads\/sites\/30\/2021\/11\/powrot.png\" alt=\"\" class=\"wp-image-1527\" srcset=\"https:\/\/gostynin.bpplock.pl\/wp-content\/uploads\/sites\/30\/2021\/11\/powrot.png 96w, https:\/\/gostynin.bpplock.pl\/wp-content\/uploads\/sites\/30\/2021\/11\/powrot-24x24.png 24w, https:\/\/gostynin.bpplock.pl\/wp-content\/uploads\/sites\/30\/2021\/11\/powrot-36x36.png 36w, https:\/\/gostynin.bpplock.pl\/wp-content\/uploads\/sites\/30\/2021\/11\/powrot-48x48.png 48w\" sizes=\"auto, (max-width: 96px) 100vw, 96px\" \/><\/a><\/figure><\/div>\n<\/div>\n<\/div>\n\n\n\n<ol class=\"wp-block-list\"><li><a href=\"https:\/\/gostynin.bpplock.pl\/wp-content\/uploads\/sites\/30\/2021\/11\/11_Autoportret_to_nie_selfie_IV_VII.pdf\">Autoportret to nie selfie<\/a><\/li><li><a href=\"https:\/\/gostynin.bpplock.pl\/wp-content\/uploads\/sites\/30\/2021\/11\/10_Chmury_i_inne_zjawiska_atmosferyczne_IV_VII.pdf\">Chmury i inne zjawiska atmosferyczne<\/a><\/li><li><a href=\"https:\/\/gostynin.bpplock.pl\/wp-content\/uploads\/sites\/30\/2021\/11\/Choroby_zakazne_grypa_podst_VI-VIII.pdf\">Choroby zaka\u017ane &#8211; grypa<\/a><\/li><li><a href=\"https:\/\/gostynin.bpplock.pl\/wp-content\/uploads\/sites\/30\/2021\/11\/choroby_zakazne_w_naszym_domu_podst_VI-VIII.pdf\">Choroby zaka\u017ane w naszym domu<\/a><\/li><li><a href=\"https:\/\/gostynin.bpplock.pl\/wp-content\/uploads\/sites\/30\/2021\/11\/Czeslaw_Milosz_jako_laureat_Literackiej_Nagrody_Nobla_kl_VII-VIII.pdf\">Czes\u0142aw Mi\u0142osz jako laureat Literackiej Nagrody Nobla<\/a><\/li><li><a href=\"https:\/\/gostynin.bpplock.pl\/wp-content\/uploads\/sites\/30\/2021\/11\/4_Dokumentowanie_zdarzen_Projekt_fotograficzny_IV_VII.pdf\">Dokumentowanie zdarze\u0144. Projekt fotograficzny<\/a><\/li><li><a href=\"https:\/\/gostynin.bpplock.pl\/wp-content\/uploads\/sites\/30\/2021\/11\/Domowy_recykling_kl_IV_VI.docx.pdf\">Domowy recykling<\/a><\/li><li><a href=\"https:\/\/gostynin.bpplock.pl\/wp-content\/uploads\/sites\/30\/2021\/11\/Dzieci_dzwonia_telefon_zaufania_dzieci_i_mlodziezy_podst_kl_IV-VI.docx.pdf\">Dzieci dzwoni\u0105 &#8211; telefon zaufania dzieci i m\u0142odzie\u017cy<\/a><\/li><li><a href=\"https:\/\/gostynin.bpplock.pl\/wp-content\/uploads\/sites\/30\/2021\/11\/Dzien_Ojca_IV-V.doc.pdf\">Dzie\u0144 Ojca<\/a><\/li><li><a href=\"https:\/\/gostynin.bpplock.pl\/wp-content\/uploads\/sites\/30\/2021\/11\/Emocje_podst_VI-VIII.pdf\">Emocje<\/a><\/li><li><a href=\"https:\/\/gostynin.bpplock.pl\/wp-content\/uploads\/sites\/30\/2021\/11\/Formy_ochrony_przyrody_podst_VI-VIII.pdf\">Formy ochrony przyrody<\/a><\/li><li><a href=\"https:\/\/gostynin.bpplock.pl\/wp-content\/uploads\/sites\/30\/2021\/11\/graffiti_podst_VI-VIII.pdf\">Graffiti<\/a><\/li><li><a href=\"https:\/\/gostynin.bpplock.pl\/wp-content\/uploads\/sites\/30\/2021\/11\/higiena_osobista_podst_VI-VIII.pdf\">Higiena osobista<\/a><\/li><li><a href=\"https:\/\/gostynin.bpplock.pl\/wp-content\/uploads\/sites\/30\/2021\/11\/jak_bezpiecznie_spedzamy_czas_wolny_VI_VIII.pdf\">Jak bezpiecznie sp\u0119dzamy czas wolny<\/a><\/li><li><a href=\"https:\/\/gostynin.bpplock.pl\/wp-content\/uploads\/sites\/30\/2021\/11\/Jak_wedlug_starozytnych_Grekow_powstaly_pory_roku_kl_5.pdf\">Jak wed\u0142ug staro\u017cytnych Grek\u00f3w powsta\u0142y pory roku<\/a><\/li><li><a href=\"https:\/\/gostynin.bpplock.pl\/wp-content\/uploads\/sites\/30\/2021\/11\/Jestem_EKO_podst_VI-VIII.pdf\">Jestem EKO<\/a><\/li><li><a href=\"https:\/\/gostynin.bpplock.pl\/wp-content\/uploads\/sites\/30\/2021\/11\/Kartka_z_pamietnika_kl_IV_VI.pdf\">Kartka z pami\u0119tnika<\/a><\/li><li><a href=\"https:\/\/gostynin.bpplock.pl\/wp-content\/uploads\/sites\/30\/2021\/11\/Karuzela_barw_-kl_4.pdf\">Karuzela barw<\/a><\/li><li><a href=\"https:\/\/gostynin.bpplock.pl\/wp-content\/uploads\/sites\/30\/2021\/11\/Katalogi_elektroniczne_bibliotek_kl_IV_VI.pdf\">Katalogi elektroniczne bibliotek<\/a><\/li><li><a href=\"https:\/\/gostynin.bpplock.pl\/wp-content\/uploads\/sites\/30\/2021\/11\/Kody_QR_kl_IV_VI.docx.pdf\">Kody QR<\/a><\/li><li><a href=\"https:\/\/gostynin.bpplock.pl\/wp-content\/uploads\/sites\/30\/2021\/11\/las_przyjacielem_czlowieka_podst_VI-VIII.pdf\">Las przyjacielem cz\u0142owieka<\/a><\/li><li><a href=\"https:\/\/gostynin.bpplock.pl\/wp-content\/uploads\/sites\/30\/2021\/11\/Zycie_tworczosc_Henryka_Sienkiewicza_kl_IV_VI.pdf\">\u017bycie i tw\u00f3rczo\u015b\u0107 Henryka Sienkiewicza<\/a><\/li><li><a href=\"https:\/\/gostynin.bpplock.pl\/wp-content\/uploads\/sites\/30\/2021\/11\/Jak_napisac_zaproszenie_kl_IV_VI.pdf\">Jak napisa\u0107 zaproszenie<\/a><\/li><li><a href=\"https:\/\/gostynin.bpplock.pl\/wp-content\/uploads\/sites\/30\/2021\/11\/Jak_zredagowac_podziekowanie_kl_IV_VI.pdf\">Jak zredagowa\u0107 podzi\u0119kowanie<\/a><\/li><li><a href=\"https:\/\/gostynin.bpplock.pl\/wp-content\/uploads\/sites\/30\/2021\/11\/9_Jakie_informacje_przekazujemy_w_sieci_IV_VII.pdf\">Jakie informacje przekazujemy w sieci<\/a><\/li><li><a href=\"https:\/\/gostynin.bpplock.pl\/wp-content\/uploads\/sites\/30\/2021\/11\/Jan_Pawel_II_zyciorys_zlote_mysli_podst_kl_IV-VI.docx.pdf\">Jan Pawe\u0142 II &#8211; \u017cyciorys i z\u0142ote my\u015bli<\/a><\/li><li><a href=\"https:\/\/gostynin.bpplock.pl\/wp-content\/uploads\/sites\/30\/2021\/11\/Magiczny_swiat_basni_4.pdf\">Magiczny \u015bwiat ba\u015bni<\/a><\/li><li><a href=\"https:\/\/gostynin.bpplock.pl\/wp-content\/uploads\/sites\/30\/2021\/11\/Miedzynarodowy_Dzien_Muzeow_kl_I-III_IV-VIII-1.pdf\">Mi\u0119dzynarodowy Dzie\u0144 Muze\u00f3w<\/a><\/li><li><a href=\"https:\/\/gostynin.bpplock.pl\/wp-content\/uploads\/sites\/30\/2021\/11\/Mocne_i_slabe_strony_charakteru_czlowieka_podst_kl_III-VI.docx.pdf\">Mocne i s\u0142abe strony charakteru cz\u0142owieka<\/a><\/li><li><a href=\"https:\/\/gostynin.bpplock.pl\/wp-content\/uploads\/sites\/30\/2021\/11\/8_Moja_mala_ojczyzna_IV_VII.pdf\">Moja ma\u0142a ojczyzna<\/a><\/li><li><a href=\"https:\/\/gostynin.bpplock.pl\/wp-content\/uploads\/sites\/30\/2021\/11\/Moja_ulubiona_ksiazka_podst_kl_III-VI.pdf\">Moja ulubiona ksi\u0105\u017cka<\/a><\/li><li><a href=\"https:\/\/gostynin.bpplock.pl\/wp-content\/uploads\/sites\/30\/2021\/11\/3_Moj_ksiegozbior_moj_ekslibris_IV_VII.pdf\">M\u00f3j ksi\u0119gozbi\u00f3r &#8211; m\u00f3j ekslibris<\/a><\/li><li><a href=\"https:\/\/gostynin.bpplock.pl\/wp-content\/uploads\/sites\/30\/2021\/11\/Moj_ulubiony_bohater_ksiazkowy_kl_VIII.pdf\">M\u00f3j ulubiony bohater ksi\u0105\u017ckowy<\/a><\/li><li><a href=\"https:\/\/gostynin.bpplock.pl\/wp-content\/uploads\/sites\/30\/2021\/11\/Najwazniejsze_wartosci_w_zyciu_czlowieka_kl_IV_VI.pdf\">Najwa\u017cniejsze warto\u015bci w \u017cyciu cz\u0142owieka<\/a><\/li><li><a href=\"https:\/\/gostynin.bpplock.pl\/wp-content\/uploads\/sites\/30\/2021\/11\/Nie_szata_zdobi_czlowieka_kl_IV_VI.pdf\">Nie szata zdobi cz\u0142owieka<\/a><\/li><li><a href=\"https:\/\/gostynin.bpplock.pl\/wp-content\/uploads\/sites\/30\/2021\/11\/Odwaga_cywilna_kl_IV_VI.pdf\">Odwaga cywilna<\/a><\/li><li><a href=\"https:\/\/gostynin.bpplock.pl\/wp-content\/uploads\/sites\/30\/2021\/11\/Orzeczenie_i_podmiot_kl_IV_VI.pdf\">Orzeczenie i podmiot<\/a><\/li><li><a href=\"https:\/\/gostynin.bpplock.pl\/wp-content\/uploads\/sites\/30\/2021\/11\/1_Picture_book_kl_IV_VII.pdf\">Picture book &#8211; ksi\u0105\u017cka obrazkowa<\/a><\/li><li><a href=\"https:\/\/gostynin.bpplock.pl\/wp-content\/uploads\/sites\/30\/2021\/11\/Pisownia_wyrazow_z_chi_h_kl_IV_VI.pdf\">Pisownia wyraz\u00f3w z ch i h<\/a><\/li><li><a href=\"https:\/\/gostynin.bpplock.pl\/wp-content\/uploads\/sites\/30\/2021\/11\/Plock_moje_miasto_kl_IV_VIII.pdf\">P\u0142ock &#8211; moje miasto<\/a><\/li><li><a href=\"https:\/\/gostynin.bpplock.pl\/wp-content\/uploads\/sites\/30\/2021\/11\/Po_co_nam_przypowiesci_kl-6-1.pdf\">Po co nam przypowie\u015bci<\/a><\/li><li><a href=\"https:\/\/gostynin.bpplock.pl\/wp-content\/uploads\/sites\/30\/2021\/11\/Polscy_laureaci_Nagrody_Nobla_dziedzinie_literatury_kl_IV_VI-1.pdf\">Polscy laureaci Nagrody Nobla w dziedzinie literatury<\/a><\/li><li><a href=\"https:\/\/gostynin.bpplock.pl\/wp-content\/uploads\/sites\/30\/2021\/11\/Poznajemy_cwiczenia_ksztaltujace_prawidlowa_postawe_kl_4-1.pdf\">Poznajemy \u0107wiczenia kszta\u0142tuj\u0105ce prawid\u0142ow\u0105 postaw\u0119<\/a><\/li><li><a href=\"https:\/\/gostynin.bpplock.pl\/wp-content\/uploads\/sites\/30\/2021\/11\/Pozyczac_czy_nie_pozyczac_6-1.pdf\">Po\u017cycza\u0107, czy nie po\u017cycza\u0107<\/a><\/li><li><a href=\"https:\/\/gostynin.bpplock.pl\/wp-content\/uploads\/sites\/30\/2021\/11\/Programowanie_online_w_Scratch_kl_IV_VIII-1.pdf\">Programowanie online w Scratch<\/a><\/li><li><a href=\"https:\/\/gostynin.bpplock.pl\/wp-content\/uploads\/sites\/30\/2021\/11\/Przyimki_i_spojniki_kl_IV_VI-1.pdf\">Przyimki i sp\u00f3jniki<\/a><\/li><li><a href=\"https:\/\/gostynin.bpplock.pl\/wp-content\/uploads\/sites\/30\/2021\/11\/Uczymy_sie_przyjecia_prowadzenia_pilki_wewnetrzna_czescia_stopy_kl_IV_VI-1-1.pdf\">Przyj\u0119cie pi\u0142ki<\/a><\/li><li><a href=\"https:\/\/gostynin.bpplock.pl\/wp-content\/uploads\/sites\/30\/2021\/11\/Rozwazania_o_zyciu_na_podstawie_postaci_Santiago_z_lektury_Stary_czlowiek_i_morze_kl_8-1.pdf\">Rozwa\u017cania o \u017cyciu na podstawie postaci Santiago z lektury \u201eStary cz\u0142owiek i morze\u201d<\/a><\/li><li><a href=\"https:\/\/gostynin.bpplock.pl\/wp-content\/uploads\/sites\/30\/2021\/11\/6_Scrapbooking_IV_VII-1.pdf\">Scrapbooking<\/a><\/li><li><a href=\"https:\/\/gostynin.bpplock.pl\/wp-content\/uploads\/sites\/30\/2021\/11\/12_Siedem_cudow_swiata_IV_VII-1.pdf\">Siedem cud\u00f3w \u015bwiata<\/a><\/li><li><a href=\"https:\/\/gostynin.bpplock.pl\/wp-content\/uploads\/sites\/30\/2021\/11\/Skad_sie_bierze_dzien_i_noc__podst_kl_IV-VI-1.pdf\">Sk\u0105d si\u0119 bierze dzie\u0144 i noc<\/a><\/li><li><a href=\"https:\/\/gostynin.bpplock.pl\/wp-content\/uploads\/sites\/30\/2021\/11\/Swiat_przedstawiony_w_Opowiesci_z_Narnii_kl_IV_VI-1.pdf\">\u015awiat przedstawiony w Opowie\u015bci z Narnii<\/a><\/li><li><a href=\"https:\/\/gostynin.bpplock.pl\/wp-content\/uploads\/sites\/30\/2021\/11\/2_Swiatowy_Dzien_Ksiazki_kl_IV_VII-1.pdf\">\u015awiatowy Dzie\u0144 Ksi\u0105\u017cki<\/a><\/li><li><a href=\"https:\/\/gostynin.bpplock.pl\/wp-content\/uploads\/sites\/30\/2021\/11\/swiatowy_Dzie_Oceanow_kl_III_IV_V.doc-1-1.pdf\">\u015awiatowy Dzie\u0144 Ocean\u00f3w &#8211; 8.06<\/a><\/li><li><a href=\"https:\/\/gostynin.bpplock.pl\/wp-content\/uploads\/sites\/30\/2021\/11\/Tacy_sami_jak_My_podst_VI-VIII-1.pdf\">Tacy sami jak My<\/a><\/li><li><a href=\"https:\/\/gostynin.bpplock.pl\/wp-content\/uploads\/sites\/30\/2021\/11\/Tangram_nauka_zabawa_kl_IV_VI.docx-1.pdf\">Tangram \u2013 nauka i zabawa<\/a><\/li><li><a href=\"https:\/\/gostynin.bpplock.pl\/wp-content\/uploads\/sites\/30\/2021\/11\/Tworzenie_komiksu_kl_IV_VIII-1.pdf\">Tworzenie komiksu<\/a><\/li><li><a href=\"https:\/\/gostynin.bpplock.pl\/wp-content\/uploads\/sites\/30\/2021\/11\/Uczymy_sie_przyjecia_prowadzenia_pilki_wewnetrzna_czescia_stopy_kl_IV_VI-2.pdf\">Uczymy si\u0119 przyj\u0119cia i prowadzenia pi\u0142ki wewn\u0119trzn\u0105 cz\u0119\u015bci\u0105 stopy<\/a><\/li><li><a href=\"https:\/\/gostynin.bpplock.pl\/wp-content\/uploads\/sites\/30\/2021\/11\/Ukladamy_plan_wydarzen_Kajko_i_Kokosz_kl_IV_VI-1.pdf\">Uk\u0142adamy plan wydarze\u0144 Kajko i Kokosz<\/a><\/li><li><a href=\"https:\/\/gostynin.bpplock.pl\/wp-content\/uploads\/sites\/30\/2021\/11\/Uzaleznienia_VI-VIII-1.pdf\">Uzale\u017cnienia<\/a><\/li><li><a href=\"https:\/\/gostynin.bpplock.pl\/wp-content\/uploads\/sites\/30\/2021\/11\/W_pracowni_Leonarda_da_Vinci_podst_kl_IV-VIII.docx-1.pdf\">W pracowni Leonarda da Vinci<\/a><\/li><li><a href=\"https:\/\/gostynin.bpplock.pl\/wp-content\/uploads\/sites\/30\/2021\/11\/W_pustyni_i_w_puszczy-kl_IV_VI-1.pdf\">W pustyni i w puszczy<\/a><\/li><li><a href=\"https:\/\/gostynin.bpplock.pl\/wp-content\/uploads\/sites\/30\/2021\/11\/7_Wesele_Stanislawa_Wyspianskiego_Lapbook_IV_VII-1.pdf\">Wesele Stanis\u0142awa Wyspia\u0144skiego &#8211; Lapbook<\/a><\/li><li><a href=\"https:\/\/gostynin.bpplock.pl\/wp-content\/uploads\/sites\/30\/2021\/11\/5_Wielka_i_mala_litera_IV_VII-1.pdf\">Wielka i ma\u0142a litera<\/a><\/li><li><a href=\"https:\/\/gostynin.bpplock.pl\/wp-content\/uploads\/sites\/30\/2021\/11\/Wizyta_w_iteatrze_spektakl_Psiakosc_IV_VI-1.pdf\">Wizyta w iteatrze &#8211; spektakl Psiako\u015b\u0107<\/a><\/li><li><a href=\"https:\/\/gostynin.bpplock.pl\/wp-content\/uploads\/sites\/30\/2021\/11\/wolontariat_VI_VIII-1.pdf\">Wolontariat<\/a><\/li><li><a href=\"https:\/\/gostynin.bpplock.pl\/wp-content\/uploads\/sites\/30\/2021\/11\/WF-1.pdf\">Wychowanie fizyczne<\/a><\/li><li><a href=\"https:\/\/gostynin.bpplock.pl\/wp-content\/uploads\/sites\/30\/2021\/11\/Zalety_korzystania_z_bibliotek_i_czytania_ksiazek_kl_IV_VI-1.pdf\">Zalety korzystania z bibliotek i czytania ksi\u0105\u017cek<\/a><\/li><li><a href=\"https:\/\/gostynin.bpplock.pl\/wp-content\/uploads\/sites\/30\/2021\/11\/Zasady_ortografii_Pisownia_z_rz_i_z_kl_IV_VI-1.pdf\">Zasady ortografii &#8211; Pisownia z rz i \u017c<\/a><\/li><li><a href=\"https:\/\/gostynin.bpplock.pl\/wp-content\/uploads\/sites\/30\/2021\/11\/Zdanie_pojedyncze_a_zdanie_zlozone_kl_IV_VI-1.pdf\">Zdanie pojedyncze a zdanie z\u0142o\u017cone<\/a><\/li><\/ol>\n","protected":false},"excerpt":{"rendered":"<p>Autoportret to nie selfie Chmury i inne zjawiska atmosferyczne Choroby zaka\u017ane &#8211; grypa Choroby zaka\u017ane w naszym domu Czes\u0142aw Mi\u0142osz [&hellip;]<\/p>\n","protected":false},"author":112,"featured_media":0,"parent":0,"menu_order":0,"comment_status":"closed","ping_status":"closed","template":"","meta":{"_acf_changed":false,"_oasis_is_in_workflow":0,"_oasis_original":0,"inline_featured_image":false,"site-sidebar-layout":"default","site-content-layout":"","ast-site-content-layout":"default","site-content-style":"default","site-sidebar-style":"default","ast-global-header-display":"","ast-banner-title-visibility":"","ast-main-header-display":"","ast-hfb-above-header-display":"","ast-hfb-below-header-display":"","ast-hfb-mobile-header-display":"","site-post-title":"","ast-breadcrumbs-content":"","ast-featured-img":"","footer-sml-layout":"","ast-disable-related-posts":"","theme-transparent-header-meta":"","adv-header-id-meta":"","stick-header-meta":"","header-above-stick-meta":"","header-main-stick-meta":"","header-below-stick-meta":"","astra-migrate-meta-layouts":"default","ast-page-background-enabled":"default","ast-page-background-meta":{"desktop":{"background-color":"","background-image":"","background-repeat":"repeat","background-position":"center center","background-size":"auto","background-attachment":"scroll","background-type":"","background-media":"","overlay-type":"","overlay-color":"","overlay-opacity":"","overlay-gradient":""},"tablet":{"background-color":"","background-image":"","background-repeat":"repeat","background-position":"center center","background-size":"auto","background-attachment":"scroll","background-type":"","background-media":"","overlay-type":"","overlay-color":"","overlay-opacity":"","overlay-gradient":""},"mobile":{"background-color":"","background-image":"","background-repeat":"repeat","background-position":"center center","background-size":"auto","background-attachment":"scroll","background-type":"","background-media":"","overlay-type":"","overlay-color":"","overlay-opacity":"","overlay-gradient":""}},"ast-content-background-meta":{"desktop":{"background-color":"var(--ast-global-color-5)","background-image":"","background-repeat":"repeat","background-position":"center center","background-size":"auto","background-attachment":"scroll","background-type":"","background-media":"","overlay-type":"","overlay-color":"","overlay-opacity":"","overlay-gradient":""},"tablet":{"background-color":"var(--ast-global-color-5)","background-image":"","background-repeat":"repeat","background-position":"center center","background-size":"auto","background-attachment":"scroll","background-type":"","background-media":"","overlay-type":"","overlay-color":"","overlay-opacity":"","overlay-gradient":""},"mobile":{"background-color":"var(--ast-global-color-5)","background-image":"","background-repeat":"repeat","background-position":"center center","background-size":"auto","background-attachment":"scroll","background-type":"","background-media":"","overlay-type":"","overlay-color":"","overlay-opacity":"","overlay-gradient":""}},"_themeisle_gutenberg_block_has_review":false,"footnotes":""},"class_list":["post-1613","page","type-page","status-publish","hentry"],"acf":[],"featured_image_urls_v2":{"full":"","thumbnail":"","medium":"","medium_large":"","large":"","1536x1536":"","2048x2048":"","menu-24x24":"","menu-36x36":"","menu-48x48":""},"post_excerpt_stackable_v2":"<p>Autoportret to nie selfieChmury i inne zjawiska atmosferyczneChoroby zaka\u017ane &#8211; grypaChoroby zaka\u017ane w naszym domuCzes\u0142aw Mi\u0142osz jako laureat Literackiej Nagrody NoblaDokumentowanie zdarze\u0144. Projekt fotograficznyDomowy recyklingDzieci dzwoni\u0105 &#8211; telefon zaufania dzieci i m\u0142odzie\u017cyDzie\u0144 OjcaEmocjeFormy ochrony przyrodyGraffitiHigiena osobistaJak bezpiecznie sp\u0119dzamy czas wolnyJak wed\u0142ug staro\u017cytnych Grek\u00f3w powsta\u0142y pory rokuJestem EKOKartka z pami\u0119tnikaKaruzela barwKatalogi elektroniczne bibliotekKody QRLas przyjacielem cz\u0142owieka\u017bycie i tw\u00f3rczo\u015b\u0107 Henryka SienkiewiczaJak napisa\u0107 zaproszenieJak zredagowa\u0107 podzi\u0119kowanieJakie informacje przekazujemy w sieciJan Pawe\u0142 II &#8211; \u017cyciorys i z\u0142ote my\u015bliMagiczny \u015bwiat ba\u015bniMi\u0119dzynarodowy Dzie\u0144 Muze\u00f3wMocne i s\u0142abe strony charakteru cz\u0142owiekaMoja ma\u0142a ojczyznaMoja ulubiona ksi\u0105\u017ckaM\u00f3j ksi\u0119gozbi\u00f3r &#8211; m\u00f3j ekslibrisM\u00f3j ulubiony bohater ksi\u0105\u017ckowyNajwa\u017cniejsze warto\u015bci w \u017cyciu cz\u0142owiekaNie szata zdobi&hellip;<\/p>\n","category_list_v2":"","author_info_v2":{"name":"Martyna Zalewska","url":"https:\/\/gostynin.bpplock.pl\/en\/author\/mprzygodzka\/"},"comments_num_v2":"0 comments","_links":{"self":[{"href":"https:\/\/gostynin.bpplock.pl\/en\/wp-json\/wp\/v2\/pages\/1613","targetHints":{"allow":["GET"]}}],"collection":[{"href":"https:\/\/gostynin.bpplock.pl\/en\/wp-json\/wp\/v2\/pages"}],"about":[{"href":"https:\/\/gostynin.bpplock.pl\/en\/wp-json\/wp\/v2\/types\/page"}],"author":[{"embeddable":true,"href":"https:\/\/gostynin.bpplock.pl\/en\/wp-json\/wp\/v2\/users\/112"}],"replies":[{"embeddable":true,"href":"https:\/\/gostynin.bpplock.pl\/en\/wp-json\/wp\/v2\/comments?post=1613"}],"version-history":[{"count":11,"href":"https:\/\/gostynin.bpplock.pl\/en\/wp-json\/wp\/v2\/pages\/1613\/revisions"}],"predecessor-version":[{"id":2014,"href":"https:\/\/gostynin.bpplock.pl\/en\/wp-json\/wp\/v2\/pages\/1613\/revisions\/2014"}],"wp:attachment":[{"href":"https:\/\/gostynin.bpplock.pl\/en\/wp-json\/wp\/v2\/media?parent=1613"}],"curies":[{"name":"wp","href":"https:\/\/api.w.org\/{rel}","templated":true}]}}