{"id":3923,"date":"2022-06-27T15:40:31","date_gmt":"2022-06-27T13:40:31","guid":{"rendered":"https:\/\/gostynin.bpplock.pl\/mapa-strony\/"},"modified":"2022-11-04T11:34:37","modified_gmt":"2022-11-04T10:34:37","slug":"mapa-strony","status":"publish","type":"page","link":"https:\/\/gostynin.bpplock.pl\/en\/mapa-strony\/","title":{"rendered":"Mapa strony"},"content":{"rendered":"<ul class=\"wp-block-page-list\"><li class=\"wp-block-pages-list__item\"><a class=\"wp-block-pages-list__item__link\" href=\"https:\/\/gostynin.bpplock.pl\/en\/aktualnosci\/\">Aktualno\u015bci<\/a><\/li><li class=\"wp-block-pages-list__item\"><a class=\"wp-block-pages-list__item__link\" href=\"https:\/\/gostynin.bpplock.pl\/en\/czasopisma\/\">Czasopisma<\/a><\/li><li class=\"wp-block-pages-list__item\"><a class=\"wp-block-pages-list__item__link\" href=\"https:\/\/gostynin.bpplock.pl\/en\/czasopisma-dla-nauczycieli-ktorych-pelne-tresci-dostepne-sa-on-line\/\">Czasopisma dla nauczycieli, kt\u00f3rych pe\u0142ne tre\u015bci dost\u0119pne s\u0105 on-line<\/a><\/li><li class=\"wp-block-pages-list__item\"><a class=\"wp-block-pages-list__item__link\" href=\"https:\/\/gostynin.bpplock.pl\/en\/czasopisma-prenumerowane-2021\/\">Czasopisma prenumerowane w 2024 r.<\/a><\/li><li class=\"wp-block-pages-list__item\"><a class=\"wp-block-pages-list__item__link\" href=\"https:\/\/gostynin.bpplock.pl\/en\/czytelnia-wraz-pracownia-komputerowa\/\">Czytelnia z pracowni\u0105 komputerow\u0105<\/a><\/li><li class=\"wp-block-pages-list__item\"><a class=\"wp-block-pages-list__item__link\" href=\"https:\/\/gostynin.bpplock.pl\/en\/deklaracja-dostepnosci\/\">Deklaracja dost\u0119pno\u015bci<\/a><\/li><li class=\"wp-block-pages-list__item\"><a class=\"wp-block-pages-list__item__link\" href=\"https:\/\/gostynin.bpplock.pl\/en\/dzialalnosc-i-zadania\/\">Dzia\u0142alno\u015b\u0107 i zadania<\/a><\/li><li class=\"wp-block-pages-list__item\"><a class=\"wp-block-pages-list__item__link\" href=\"https:\/\/gostynin.bpplock.pl\/en\/edukacja-zdalna\/\">Edukacja zdalna<\/a><\/li><li class=\"wp-block-pages-list__item\"><a class=\"wp-block-pages-list__item__link\" href=\"https:\/\/gostynin.bpplock.pl\/en\/gromadzenie-i-opracowanie-zbiorow\/\">Gromadzenie i Opracowanie Zbior\u00f3w<\/a><\/li><li class=\"wp-block-pages-list__item\"><a class=\"wp-block-pages-list__item__link\" href=\"https:\/\/gostynin.bpplock.pl\/en\/historia\/\">Historia<\/a><\/li><li class=\"wp-block-pages-list__item menu-item-home\"><a class=\"wp-block-pages-list__item__link\" href=\"https:\/\/gostynin.bpplock.pl\/en\/\">Home<\/a><\/li><li class=\"wp-block-pages-list__item\"><a class=\"wp-block-pages-list__item__link\" href=\"https:\/\/gostynin.bpplock.pl\/en\/ibuk-libra-filmy-instruktazowe-zestawienia-bibliograficzne\/\">IBUK Libra, filmy instrukta\u017cowe, zestawienia bibliograficzne<\/a><\/li><li class=\"wp-block-pages-list__item\"><a class=\"wp-block-pages-list__item__link\" href=\"https:\/\/gostynin.bpplock.pl\/en\/https-libra-ibuk-pl-pomoc\/\">Instrukcja korzystania z katalogu IBUK Libra<\/a><\/li><li class=\"wp-block-pages-list__item\"><a class=\"wp-block-pages-list__item__link\" href=\"https:\/\/gostynin.bpplock.pl\/en\/instrukcja-korzystania-z-katalogu-integro\/\">Instrukcja korzystania z katalogu INTEGRO<\/a><\/li><li class=\"wp-block-pages-list__item\"><a class=\"wp-block-pages-list__item__link\" href=\"https:\/\/gostynin.bpplock.pl\/en\/klasy-4-8\/\">Klasy 4 &#8211; 8<\/a><\/li><li class=\"wp-block-pages-list__item\"><a class=\"wp-block-pages-list__item__link\" href=\"https:\/\/gostynin.bpplock.pl\/en\/klauzula-informacyjna\/\">Klauzula informacyjna<\/a><\/li><li class=\"wp-block-pages-list__item\"><a class=\"wp-block-pages-list__item__link\" href=\"https:\/\/gostynin.bpplock.pl\/en\/konkursy\/\">Konkursy<\/a><\/li><li class=\"wp-block-pages-list__item\"><a class=\"wp-block-pages-list__item__link\" href=\"https:\/\/gostynin.bpplock.pl\/en\/kontakt\/\">Kontakt<\/a><\/li><li class=\"wp-block-pages-list__item\"><a class=\"wp-block-pages-list__item__link\" href=\"https:\/\/gostynin.bpplock.pl\/en\/log-in\/\">log in<\/a><\/li><li class=\"wp-block-pages-list__item\"><a class=\"wp-block-pages-list__item__link\" href=\"https:\/\/gostynin.bpplock.pl\/en\/mapa-strony\/\">Mapa strony<\/a><\/li><li class=\"wp-block-pages-list__item\"><a class=\"wp-block-pages-list__item__link\" href=\"https:\/\/gostynin.bpplock.pl\/en\/materialy-udostepnione-calkowicie-bezplatnie-na-czas-zawieszenia-zajec-dydaktyczno-wychowawczych-w-szkolach\/\">Materia\u0142y udost\u0119pnione ca\u0142kowicie bezp\u0142atnie na czas zawieszenia zaj\u0119\u0107 dydaktyczno- wychowawczych w szko\u0142ach<\/a><\/li><li class=\"wp-block-pages-list__item\"><a class=\"wp-block-pages-list__item__link\" href=\"https:\/\/gostynin.bpplock.pl\/en\/nadzor-pedagogiczny\/\">Nadz\u00f3r pedagogiczny<\/a><\/li><li class=\"wp-block-pages-list__item\"><a class=\"wp-block-pages-list__item__link\" href=\"https:\/\/gostynin.bpplock.pl\/en\/nadzor-pedagogiczny-wiecej-artykulow\/\">Nadz\u00f3r pedagogiczny wi\u0119cej artyku\u0142\u00f3w<\/a><\/li><li class=\"wp-block-pages-list__item\"><a class=\"wp-block-pages-list__item__link\" href=\"https:\/\/gostynin.bpplock.pl\/en\/narzedzia-tik\/\">Narz\u0119dzia TIK<\/a><\/li><li class=\"wp-block-pages-list__item\"><a class=\"wp-block-pages-list__item__link\" href=\"https:\/\/gostynin.bpplock.pl\/en\/newsletter\/\">Newsletter<\/a><\/li><li class=\"wp-block-pages-list__item\"><a class=\"wp-block-pages-list__item__link\" href=\"https:\/\/gostynin.bpplock.pl\/en\/newsletter-2\/\">Newsletter<\/a><\/li><li class=\"wp-block-pages-list__item\"><a class=\"wp-block-pages-list__item__link\" href=\"https:\/\/gostynin.bpplock.pl\/en\/obsluga\/\">Obs\u0142uga<\/a><\/li><li class=\"wp-block-pages-list__item\"><a class=\"wp-block-pages-list__item__link\" href=\"https:\/\/gostynin.bpplock.pl\/en\/patroni-roku\/\">Patroni roku<\/a><\/li><li class=\"wp-block-pages-list__item\"><a class=\"wp-block-pages-list__item__link\" href=\"https:\/\/gostynin.bpplock.pl\/en\/platformy-i-serwisy-przydatne-w-ksztalceniu-na-odleglosc\/\">Platformy i serwisy przydatne w kszta\u0142ceniu na odleg\u0142o\u015b\u0107<\/a><\/li><li class=\"wp-block-pages-list__item\"><a class=\"wp-block-pages-list__item__link\" href=\"https:\/\/gostynin.bpplock.pl\/en\/potwierdzenie-realizacji\/\">Potwierdzenie realizacji<\/a><\/li><li class=\"wp-block-pages-list__item\"><a class=\"wp-block-pages-list__item__link\" href=\"https:\/\/gostynin.bpplock.pl\/en\/pracownicy\/\">Pracownicy<\/a><\/li><li class=\"wp-block-pages-list__item\"><a class=\"wp-block-pages-list__item__link\" href=\"https:\/\/gostynin.bpplock.pl\/en\/prawa-autorskie-w-czasie-pandemii\/\">Prawa autorskie w czasie pandemii<\/a><\/li><li class=\"wp-block-pages-list__item\"><a class=\"wp-block-pages-list__item__link\" href=\"https:\/\/gostynin.bpplock.pl\/en\/%d0%bf%d0%be%d0%bb%d0%b8%d1%82%d0%b8%d0%ba%d0%b0-%d0%ba%d0%be%d0%bd%d1%84%d0%b8%d0%b4%d0%b5%d0%bd%d1%86%d0%b8%d0%b0%d0%bb%d1%8c%d0%bd%d0%be%d1%81%d1%82%d0%b8\/\">Privacy policy<\/a><\/li><li class=\"wp-block-pages-list__item\"><a class=\"wp-block-pages-list__item__link\" href=\"https:\/\/gostynin.bpplock.pl\/en\/procedura-covid-19\/\">Procedura COVID 19<\/a><\/li><li class=\"wp-block-pages-list__item\"><a class=\"wp-block-pages-list__item__link\" href=\"https:\/\/gostynin.bpplock.pl\/en\/przegladanie-zgloszen\/\">Przegl\u0105danie zg\u0142osze\u0144<\/a><\/li><li class=\"wp-block-pages-list__item\"><a class=\"wp-block-pages-list__item__link\" href=\"https:\/\/gostynin.bpplock.pl\/en\/przydatne-linki\/\">Przydatne linki<\/a><\/li><li class=\"wp-block-pages-list__item\"><a class=\"wp-block-pages-list__item__link\" href=\"https:\/\/gostynin.bpplock.pl\/en\/register\/\">Register<\/a><\/li><li class=\"wp-block-pages-list__item\"><a class=\"wp-block-pages-list__item__link\" href=\"https:\/\/gostynin.bpplock.pl\/en\/regulamin\/\">Regulamin<\/a><\/li><li class=\"wp-block-pages-list__item\"><a class=\"wp-block-pages-list__item__link\" href=\"https:\/\/gostynin.bpplock.pl\/en\/regulamin-udostepniania\/\">Regulamin udost\u0119pniania<\/a><\/li><li class=\"wp-block-pages-list__item\"><a class=\"wp-block-pages-list__item__link\" href=\"https:\/\/gostynin.bpplock.pl\/en\/rodo\/\">RODO<\/a><\/li><li class=\"wp-block-pages-list__item has-child\"><a class=\"wp-block-pages-list__item__link\" href=\"https:\/\/gostynin.bpplock.pl\/en\/scenariusze-lekcji-do-wykorzystania-w-edukacji-zdalnej\/\">Scenariusze lekcji do wykorzystania w edukacji zdalnej<\/a><ul class=\"wp-block-navigation__submenu-container\"><li class=\"wp-block-pages-list__item has-child \"><a class=\"wp-block-pages-list__item__link\" href=\"https:\/\/gostynin.bpplock.pl\/en\/scenariusze-lekcji-do-wykorzystania-w-edukacji-zdalnej\/szkoly-podstawowe\/\">Szko\u0142y podstawowe<\/a><ul class=\"wp-block-navigation__submenu-container\"><li class=\"wp-block-pages-list__item \"><a class=\"wp-block-pages-list__item__link\" href=\"https:\/\/gostynin.bpplock.pl\/en\/scenariusze-lekcji-do-wykorzystania-w-edukacji-zdalnej\/szkoly-podstawowe\/klasy-1-3\/\">Klasy 1 &#8211; 3<\/a><\/li><\/ul><\/li><\/ul><\/li><li class=\"wp-block-pages-list__item\"><a class=\"wp-block-pages-list__item__link\" href=\"https:\/\/gostynin.bpplock.pl\/en\/sieci-wspolpracy\/\">Sieci wsp\u00f3\u0142pracy<\/a><\/li><li class=\"wp-block-pages-list__item\"><a class=\"wp-block-pages-list__item__link\" href=\"https:\/\/gostynin.bpplock.pl\/en\/skany\/\">SKANY<\/a><\/li><li class=\"wp-block-pages-list__item\"><a class=\"wp-block-pages-list__item__link\" href=\"https:\/\/gostynin.bpplock.pl\/en\/sprawdz\/\">Sprawd\u017a<\/a><\/li><li class=\"wp-block-pages-list__item\"><a class=\"wp-block-pages-list__item__link\" href=\"https:\/\/gostynin.bpplock.pl\/en\/standardy-ochrony-maloletnich\/\">Standardy Ochrony Ma\u0142oletnich<\/a><\/li><li class=\"wp-block-pages-list__item\"><a class=\"wp-block-pages-list__item__link\" href=\"https:\/\/gostynin.bpplock.pl\/en\/strona-kursow\/\">Strona kurs\u00f3w<\/a><\/li><li class=\"wp-block-pages-list__item\"><a class=\"wp-block-pages-list__item__link\" href=\"https:\/\/gostynin.bpplock.pl\/en\/struktura\/\">Struktura<\/a><\/li><li class=\"wp-block-pages-list__item\"><a class=\"wp-block-pages-list__item__link\" href=\"https:\/\/gostynin.bpplock.pl\/en\/szkoly-ponadpodstawowe\/\">Szko\u0142y ponadpodstawowe<\/a><\/li><li class=\"wp-block-pages-list__item has-child\"><a class=\"wp-block-pages-list__item__link\" href=\"https:\/\/gostynin.bpplock.pl\/en\/user-profile\/\">User profile<\/a><ul class=\"wp-block-navigation__submenu-container\"><li class=\"wp-block-pages-list__item \"><a class=\"wp-block-pages-list__item__link\" href=\"https:\/\/gostynin.bpplock.pl\/en\/user-profile\/my-articles\/\">My Articles<\/a><\/li><li class=\"wp-block-pages-list__item \"><a class=\"wp-block-pages-list__item__link\" href=\"https:\/\/gostynin.bpplock.pl\/en\/user-profile\/my-complaints-and-requests\/\">My complaints and requests<\/a><\/li><li class=\"wp-block-pages-list__item \"><a class=\"wp-block-pages-list__item__link\" href=\"https:\/\/gostynin.bpplock.pl\/en\/user-profile\/my-consent\/\">My consent<\/a><\/li><li class=\"wp-block-pages-list__item \"><a class=\"wp-block-pages-list__item__link\" href=\"https:\/\/gostynin.bpplock.pl\/en\/user-profile\/my-courses\/\">My courses<\/a><\/li><li class=\"wp-block-pages-list__item \"><a class=\"wp-block-pages-list__item__link\" href=\"https:\/\/gostynin.bpplock.pl\/en\/user-profile\/my-errors\/\">My errors<\/a><\/li><li class=\"wp-block-pages-list__item \"><a class=\"wp-block-pages-list__item__link\" href=\"https:\/\/gostynin.bpplock.pl\/en\/user-profile\/my-events\/\">My events<\/a><\/li><li class=\"wp-block-pages-list__item \"><a class=\"wp-block-pages-list__item__link\" href=\"https:\/\/gostynin.bpplock.pl\/en\/user-profile\/my-exhibitions\/\">My exhibitions<\/a><\/li><li class=\"wp-block-pages-list__item \"><a class=\"wp-block-pages-list__item__link\" href=\"https:\/\/gostynin.bpplock.pl\/en\/user-profile\/my-inquiries\/\">My Inquiries<\/a><\/li><li class=\"wp-block-pages-list__item \"><a class=\"wp-block-pages-list__item__link\" href=\"https:\/\/gostynin.bpplock.pl\/en\/user-profile\/my-library-lessons\/\">My library lessons<\/a><\/li><li class=\"wp-block-pages-list__item \"><a class=\"wp-block-pages-list__item__link\" href=\"https:\/\/gostynin.bpplock.pl\/en\/user-profile\/my-library-lists\/\">My library lists<\/a><\/li><li class=\"wp-block-pages-list__item \"><a class=\"wp-block-pages-list__item__link\" href=\"https:\/\/gostynin.bpplock.pl\/en\/user-profile\/my-news\/\">My news<\/a><\/li><li class=\"wp-block-pages-list__item \"><a class=\"wp-block-pages-list__item__link\" href=\"https:\/\/gostynin.bpplock.pl\/en\/user-profile\/my-practices\/\">My practices<\/a><\/li><li class=\"wp-block-pages-list__item has-child \"><a class=\"wp-block-pages-list__item__link\" href=\"https:\/\/gostynin.bpplock.pl\/en\/user-profile\/my-profile\/\">My profile<\/a><ul class=\"wp-block-navigation__submenu-container\"><li class=\"wp-block-pages-list__item \"><a class=\"wp-block-pages-list__item__link\" href=\"https:\/\/gostynin.bpplock.pl\/en\/user-profile\/my-profile\/edit-profile\/\">Edit profile<\/a><\/li><\/ul><\/li><li class=\"wp-block-pages-list__item \"><a class=\"wp-block-pages-list__item__link\" href=\"https:\/\/gostynin.bpplock.pl\/en\/user-profile\/my-purchase-suggestions\/\">My purchase suggestions<\/a><\/li><li class=\"wp-block-pages-list__item \"><a class=\"wp-block-pages-list__item__link\" href=\"https:\/\/gostynin.bpplock.pl\/en\/user-profile\/my-scans\/\">My scans<\/a><\/li><li class=\"wp-block-pages-list__item \"><a class=\"wp-block-pages-list__item__link\" href=\"https:\/\/gostynin.bpplock.pl\/en\/user-profile\/my-videoconferences\/\">My videoconferences<\/a><\/li><\/ul><\/li><li class=\"wp-block-pages-list__item\"><a class=\"wp-block-pages-list__item__link\" href=\"https:\/\/gostynin.bpplock.pl\/en\/wydarzenia\/\">Wydarzenia<\/a><\/li><li class=\"wp-block-pages-list__item\"><a class=\"wp-block-pages-list__item__link\" href=\"https:\/\/gostynin.bpplock.pl\/en\/wypozyczalnia\/\">Wypo\u017cyczalnia<\/a><\/li><li class=\"wp-block-pages-list__item\"><a class=\"wp-block-pages-list__item__link\" href=\"https:\/\/gostynin.bpplock.pl\/en\/zajecia\/\">Zaj\u0119cia<\/a><\/li><li class=\"wp-block-pages-list__item\"><a class=\"wp-block-pages-list__item__link\" href=\"https:\/\/gostynin.bpplock.pl\/en\/zestawienia\/\">Zestawienia<\/a><\/li><li class=\"wp-block-pages-list__item\"><a class=\"wp-block-pages-list__item__link\" href=\"https:\/\/gostynin.bpplock.pl\/en\/zgloszenie-potwierdzone\/\">Zg\u0142oszenie potwierdzone<\/a><\/li><li class=\"wp-block-pages-list__item\"><a class=\"wp-block-pages-list__item__link\" href=\"https:\/\/gostynin.bpplock.pl\/en\/zgoda-na-otrzymywanie-wiadomosci-zwiazanych-z-wydarzeniami-i-wideokonferencjami\/\">Zgoda na otrzymywanie wiadomo\u015bci zwi\u0105zanych z wydarzeniami i wideokonferencjami<\/a><\/li><\/ul>","protected":false},"excerpt":{"rendered":"","protected":false},"author":110,"featured_media":0,"parent":0,"menu_order":0,"comment_status":"closed","ping_status":"closed","template":"","meta":{"_acf_changed":false,"_oasis_is_in_workflow":0,"_oasis_original":0,"inline_featured_image":false,"site-sidebar-layout":"default","site-content-layout":"","ast-site-content-layout":"default","site-content-style":"default","site-sidebar-style":"default","ast-global-header-display":"","ast-banner-title-visibility":"","ast-main-header-display":"","ast-hfb-above-header-display":"","ast-hfb-below-header-display":"","ast-hfb-mobile-header-display":"","site-post-title":"","ast-breadcrumbs-content":"","ast-featured-img":"","footer-sml-layout":"","ast-disable-related-posts":"","theme-transparent-header-meta":"","adv-header-id-meta":"","stick-header-meta":"","header-above-stick-meta":"","header-main-stick-meta":"","header-below-stick-meta":"","astra-migrate-meta-layouts":"default","ast-page-background-enabled":"default","ast-page-background-meta":{"desktop":{"background-color":"","background-image":"","background-repeat":"repeat","background-position":"center center","background-size":"auto","background-attachment":"scroll","background-type":"","background-media":"","overlay-type":"","overlay-color":"","overlay-opacity":"","overlay-gradient":""},"tablet":{"background-color":"","background-image":"","background-repeat":"repeat","background-position":"center center","background-size":"auto","background-attachment":"scroll","background-type":"","background-media":"","overlay-type":"","overlay-color":"","overlay-opacity":"","overlay-gradient":""},"mobile":{"background-color":"","background-image":"","background-repeat":"repeat","background-position":"center center","background-size":"auto","background-attachment":"scroll","background-type":"","background-media":"","overlay-type":"","overlay-color":"","overlay-opacity":"","overlay-gradient":""}},"ast-content-background-meta":{"desktop":{"background-color":"var(--ast-global-color-5)","background-image":"","background-repeat":"repeat","background-position":"center center","background-size":"auto","background-attachment":"scroll","background-type":"","background-media":"","overlay-type":"","overlay-color":"","overlay-opacity":"","overlay-gradient":""},"tablet":{"background-color":"var(--ast-global-color-5)","background-image":"","background-repeat":"repeat","background-position":"center center","background-size":"auto","background-attachment":"scroll","background-type":"","background-media":"","overlay-type":"","overlay-color":"","overlay-opacity":"","overlay-gradient":""},"mobile":{"background-color":"var(--ast-global-color-5)","background-image":"","background-repeat":"repeat","background-position":"center center","background-size":"auto","background-attachment":"scroll","background-type":"","background-media":"","overlay-type":"","overlay-color":"","overlay-opacity":"","overlay-gradient":""}},"_themeisle_gutenberg_block_has_review":false,"footnotes":""},"class_list":["post-3923","page","type-page","status-publish","hentry"],"acf":[],"featured_image_urls_v2":{"full":"","thumbnail":"","medium":"","medium_large":"","large":"","1536x1536":"","2048x2048":"","menu-24x24":"","menu-36x36":"","menu-48x48":""},"post_excerpt_stackable_v2":"<p>Aktualno\u015bciCzasopismaCzasopisma dla nauczycieli, kt\u00f3rych pe\u0142ne tre\u015bci dost\u0119pne s\u0105 on-lineCzasopisma prenumerowane w 2024 r.Czytelnia z pracowni\u0105 komputerow\u0105Deklaracja dost\u0119pno\u015bciDzia\u0142alno\u015b\u0107 i zadaniaEdukacja zdalnaGromadzenie i Opracowanie Zbior\u00f3wHistoriaHomeIBUK Libra, filmy instrukta\u017cowe, zestawienia bibliograficzneInstrukcja korzystania z katalogu IBUK LibraInstrukcja korzystania z katalogu INTEGROKlasy 4 &#8211; 8Klauzula informacyjnaKonkursyKontaktlog inMapa stronyMateria\u0142y udost\u0119pnione ca\u0142kowicie bezp\u0142atnie na czas zawieszenia zaj\u0119\u0107 dydaktyczno- wychowawczych w szko\u0142achNadz\u00f3r pedagogicznyNadz\u00f3r pedagogiczny wi\u0119cej artyku\u0142\u00f3wNarz\u0119dzia TIKNewsletterNewsletterObs\u0142ugaPatroni rokuPlatformy i serwisy przydatne w kszta\u0142ceniu na odleg\u0142o\u015b\u0107Potwierdzenie realizacjiPracownicyPrawa autorskie w czasie pandemiiPrivacy policyProcedura COVID 19Przegl\u0105danie zg\u0142osze\u0144Przydatne linkiRegisterRegulaminRegulamin udost\u0119pnianiaRODOScenariusze lekcji do wykorzystania w edukacji zdalnejSzko\u0142y podstawoweKlasy 1 &#8211; 3Sieci wsp\u00f3\u0142pracySKANYSprawd\u017aStandardy Ochrony Ma\u0142oletnichStrona kurs\u00f3wStrukturaSzko\u0142y ponadpodstawoweUser profileMy ArticlesMy complaints and requestsMy consentMy coursesMy&hellip;<\/p>\n","category_list_v2":"","author_info_v2":{"name":"","url":"https:\/\/gostynin.bpplock.pl\/en\/author\/"},"comments_num_v2":"0 comments","_links":{"self":[{"href":"https:\/\/gostynin.bpplock.pl\/en\/wp-json\/wp\/v2\/pages\/3923","targetHints":{"allow":["GET"]}}],"collection":[{"href":"https:\/\/gostynin.bpplock.pl\/en\/wp-json\/wp\/v2\/pages"}],"about":[{"href":"https:\/\/gostynin.bpplock.pl\/en\/wp-json\/wp\/v2\/types\/page"}],"author":[{"embeddable":true,"href":"https:\/\/gostynin.bpplock.pl\/en\/wp-json\/wp\/v2\/users\/110"}],"replies":[{"embeddable":true,"href":"https:\/\/gostynin.bpplock.pl\/en\/wp-json\/wp\/v2\/comments?post=3923"}],"version-history":[{"count":1,"href":"https:\/\/gostynin.bpplock.pl\/en\/wp-json\/wp\/v2\/pages\/3923\/revisions"}],"predecessor-version":[{"id":4892,"href":"https:\/\/gostynin.bpplock.pl\/en\/wp-json\/wp\/v2\/pages\/3923\/revisions\/4892"}],"wp:attachment":[{"href":"https:\/\/gostynin.bpplock.pl\/en\/wp-json\/wp\/v2\/media?parent=3923"}],"curies":[{"name":"wp","href":"https:\/\/api.w.org\/{rel}","templated":true}]}}