{"id":11698,"date":"2024-02-21T14:55:47","date_gmt":"2024-02-21T13:55:47","guid":{"rendered":"https:\/\/gostynin.bpplock.pl\/?page_id=11698"},"modified":"2024-12-18T09:06:58","modified_gmt":"2024-12-18T08:06:58","slug":"wypozyczalnia","status":"publish","type":"page","link":"https:\/\/gostynin.bpplock.pl\/uk\/wypozyczalnia\/","title":{"rendered":"Wypo\u017cyczalnia"},"content":{"rendered":"\n<p>Wydzia\u0142 oferuje mo\u017cliwo\u015b\u0107 wypo\u017cyczania materia\u0142\u00f3w bibliotecznych nauczycielom, osobom studiuj\u0105cym pedagogik\u0119 i przedmioty pokrewne, pracownikom poradni psychologiczno-pedagogicznych, poradni zawodowych, o\u015brodk\u00f3w pomocy spo\u0142ecznej, \u015bwietlic \u015brodowiskowych, nadzorowi pedagogicznemu, badaczom historii i teorii edukacji a tak\u017ce rodzicom i opiekunom oraz innym osobom pe\u0142noletnim.<\/p>\n\n\n\n<p>Pracownicy Wydzia\u0142u zajmuj\u0105 si\u0119:<\/p>\n\n\n\n<ul class=\"wp-block-list\">\n<li>zapisywaniem czytelnik\u00f3w do biblioteki,<\/li>\n\n\n\n<li>wypo\u017cyczaniem materia\u0142\u00f3w bibliotecznych,<\/li>\n\n\n\n<li>wypo\u017cyczaniem mi\u0119dzybibliotecznym,<\/li>\n\n\n\n<li>udzielaniem U\u017cytkownikom biblioteki wszelkiej pomocy w zakresie korzystania ze zbior\u00f3w wypo\u017cyczalni oraz dost\u0119pnego sprz\u0119tu,<\/li>\n\n\n\n<li>udzielaniem informacji bibliograficznych, katalogowych i rzeczowych,<\/li>\n\n\n\n<li>wskazaniem dost\u0119pnych elektronicznych i cyfrowych zasob\u00f3w oraz \u017ar\u00f3de\u0142 informacji,<\/li>\n\n\n\n<li>statystyk\u0105 czytelnictwa,<\/li>\n\n\n\n<li>prezentowaniem regularnych wystawek tematycznych.<\/li>\n<\/ul>\n\n\n\n<div style=\"height:20px\" aria-hidden=\"true\" class=\"wp-block-spacer\"><\/div>\n\n\n\n<div class=\"wp-block-stackable-card stk-block-card stk-block stk-1d311e1 is-style-default\" data-v=\"2\" data-block-id=\"1d311e1\"><style>.stk-1d311e1 .stk-block-card__image{height:358px !important;}.stk-1d311e1 .stk-block-card__image img{object-fit:contain !important;}<\/style><div class=\"stk--no-padding stk-container stk-1d311e1-container stk-hover-parent\"><figure class=\"stk-block-card__image stk-img-wrapper stk-image--shape-stretch\"><img loading=\"lazy\" decoding=\"async\" class=\"stk-img wp-image-11827\" src=\"https:\/\/gostynin.bpplock.pl\/wp-content\/uploads\/sites\/30\/2024\/02\/9117846-int.jpg\" width=\"1536\" height=\"2048\" alt=\"Jolanta Sieczkowska\" srcset=\"https:\/\/gostynin.bpplock.pl\/wp-content\/uploads\/sites\/30\/2024\/02\/9117846-int.jpg 1536w, https:\/\/gostynin.bpplock.pl\/wp-content\/uploads\/sites\/30\/2024\/02\/9117846-int-225x300.jpg 225w, https:\/\/gostynin.bpplock.pl\/wp-content\/uploads\/sites\/30\/2024\/02\/9117846-int-768x1024.jpg 768w, https:\/\/gostynin.bpplock.pl\/wp-content\/uploads\/sites\/30\/2024\/02\/9117846-int-1152x1536.jpg 1152w, https:\/\/gostynin.bpplock.pl\/wp-content\/uploads\/sites\/30\/2024\/02\/9117846-int-1320x1760.jpg 1320w, https:\/\/gostynin.bpplock.pl\/wp-content\/uploads\/sites\/30\/2024\/02\/9117846-int-18x24.jpg 18w, https:\/\/gostynin.bpplock.pl\/wp-content\/uploads\/sites\/30\/2024\/02\/9117846-int-27x36.jpg 27w, https:\/\/gostynin.bpplock.pl\/wp-content\/uploads\/sites\/30\/2024\/02\/9117846-int-36x48.jpg 36w\" sizes=\"auto, (max-width: 1536px) 100vw, 1536px\" \/><\/figure><div class=\"stk-container-padding stk-block-card__content\"><div class=\"stk-block-content stk-inner-blocks stk-1d311e1-inner-blocks\">\n<div class=\"wp-block-stackable-heading stk-block-heading stk-block-heading--v2 stk-block stk-1fce584\" id=\"nauczycielka-bibliotekarka\" data-block-id=\"1fce584\"><h2 class=\"stk-block-heading__text has-text-align-center\">Nauczycielka bibliotekarka<\/h2><\/div>\n\n\n\n<div class=\"wp-block-stackable-subtitle stk-block-subtitle stk-block stk-a7b2e33\" data-block-id=\"a7b2e33\"><p class=\"stk-block-subtitle__text stk-subtitle has-text-align-center\"><strong><strong><strong>Iwona Grabarczyk<\/strong><\/strong><\/strong><\/p><\/div>\n\n\n\n<p class=\"has-text-align-center\"><a href=\"mailto:iwona.grabarczyk@bpplock.pl\">iwona.grabarczyk@bpplock.p<\/a>l<\/p>\n<\/div><\/div><\/div><\/div>\n","protected":false},"excerpt":{"rendered":"<p>Wydzia\u0142 oferuje mo\u017cliwo\u015b\u0107 wypo\u017cyczania materia\u0142\u00f3w bibliotecznych nauczycielom, osobom studiuj\u0105cym pedagogik\u0119 i przedmioty pokrewne, pracownikom poradni psychologiczno-pedagogicznych, poradni zawodowych, o\u015brodk\u00f3w pomocy [&hellip;]<\/p>\n","protected":false},"author":899,"featured_media":0,"parent":0,"menu_order":0,"comment_status":"closed","ping_status":"closed","template":"","meta":{"_acf_changed":false,"_oasis_is_in_workflow":0,"_oasis_original":0,"inline_featured_image":false,"site-sidebar-layout":"default","site-content-layout":"","ast-site-content-layout":"default","site-content-style":"default","site-sidebar-style":"default","ast-global-header-display":"","ast-banner-title-visibility":"","ast-main-header-display":"","ast-hfb-above-header-display":"","ast-hfb-below-header-display":"","ast-hfb-mobile-header-display":"","site-post-title":"","ast-breadcrumbs-content":"","ast-featured-img":"","footer-sml-layout":"","ast-disable-related-posts":"","theme-transparent-header-meta":"","adv-header-id-meta":"","stick-header-meta":"","header-above-stick-meta":"","header-main-stick-meta":"","header-below-stick-meta":"","astra-migrate-meta-layouts":"set","ast-page-background-enabled":"default","ast-page-background-meta":{"desktop":{"background-color":"","background-image":"","background-repeat":"repeat","background-position":"center center","background-size":"auto","background-attachment":"scroll","background-type":"","background-media":"","overlay-type":"","overlay-color":"","overlay-opacity":"","overlay-gradient":""},"tablet":{"background-color":"","background-image":"","background-repeat":"repeat","background-position":"center center","background-size":"auto","background-attachment":"scroll","background-type":"","background-media":"","overlay-type":"","overlay-color":"","overlay-opacity":"","overlay-gradient":""},"mobile":{"background-color":"","background-image":"","background-repeat":"repeat","background-position":"center center","background-size":"auto","background-attachment":"scroll","background-type":"","background-media":"","overlay-type":"","overlay-color":"","overlay-opacity":"","overlay-gradient":""}},"ast-content-background-meta":{"desktop":{"background-color":"var(--ast-global-color-5)","background-image":"","background-repeat":"repeat","background-position":"center center","background-size":"auto","background-attachment":"scroll","background-type":"","background-media":"","overlay-type":"","overlay-color":"","overlay-opacity":"","overlay-gradient":""},"tablet":{"background-color":"var(--ast-global-color-5)","background-image":"","background-repeat":"repeat","background-position":"center center","background-size":"auto","background-attachment":"scroll","background-type":"","background-media":"","overlay-type":"","overlay-color":"","overlay-opacity":"","overlay-gradient":""},"mobile":{"background-color":"var(--ast-global-color-5)","background-image":"","background-repeat":"repeat","background-position":"center center","background-size":"auto","background-attachment":"scroll","background-type":"","background-media":"","overlay-type":"","overlay-color":"","overlay-opacity":"","overlay-gradient":""}},"_themeisle_gutenberg_block_has_review":false,"footnotes":""},"class_list":["post-11698","page","type-page","status-publish","hentry"],"acf":[],"featured_image_urls_v2":{"full":"","thumbnail":"","medium":"","medium_large":"","large":"","1536x1536":"","2048x2048":"","menu-24x24":"","menu-36x36":"","menu-48x48":""},"post_excerpt_stackable_v2":"<p>Wydzia\u0142 oferuje mo\u017cliwo\u015b\u0107 wypo\u017cyczania materia\u0142\u00f3w bibliotecznych nauczycielom, osobom studiuj\u0105cym pedagogik\u0119 i przedmioty pokrewne, pracownikom poradni psychologiczno-pedagogicznych, poradni zawodowych, o\u015brodk\u00f3w pomocy spo\u0142ecznej, \u015bwietlic \u015brodowiskowych, nadzorowi pedagogicznemu, badaczom historii i teorii edukacji a tak\u017ce rodzicom i opiekunom oraz innym osobom pe\u0142noletnim. Pracownicy Wydzia\u0142u zajmuj\u0105 si\u0119: zapisywaniem czytelnik\u00f3w do biblioteki, wypo\u017cyczaniem materia\u0142\u00f3w bibliotecznych, wypo\u017cyczaniem mi\u0119dzybibliotecznym, udzielaniem U\u017cytkownikom biblioteki wszelkiej pomocy w zakresie korzystania ze zbior\u00f3w wypo\u017cyczalni oraz dost\u0119pnego sprz\u0119tu, udzielaniem informacji bibliograficznych, katalogowych i rzeczowych, wskazaniem dost\u0119pnych elektronicznych i cyfrowych zasob\u00f3w oraz \u017ar\u00f3de\u0142 informacji, statystyk\u0105 czytelnictwa, prezentowaniem regularnych wystawek tematycznych. Nauczycielka bibliotekarka Iwona Grabarczyk iwona.grabarczyk@bpplock.pl<\/p>\n","category_list_v2":"","author_info_v2":{"name":"lserafinowski","url":"https:\/\/gostynin.bpplock.pl\/uk\/author\/lserafinowski\/"},"comments_num_v2":"0 \u043a\u043e\u043c\u0435\u043d\u0442\u0430\u0440\u0456\u0432","_links":{"self":[{"href":"https:\/\/gostynin.bpplock.pl\/uk\/wp-json\/wp\/v2\/pages\/11698","targetHints":{"allow":["GET"]}}],"collection":[{"href":"https:\/\/gostynin.bpplock.pl\/uk\/wp-json\/wp\/v2\/pages"}],"about":[{"href":"https:\/\/gostynin.bpplock.pl\/uk\/wp-json\/wp\/v2\/types\/page"}],"author":[{"embeddable":true,"href":"https:\/\/gostynin.bpplock.pl\/uk\/wp-json\/wp\/v2\/users\/899"}],"replies":[{"embeddable":true,"href":"https:\/\/gostynin.bpplock.pl\/uk\/wp-json\/wp\/v2\/comments?post=11698"}],"version-history":[{"count":12,"href":"https:\/\/gostynin.bpplock.pl\/uk\/wp-json\/wp\/v2\/pages\/11698\/revisions"}],"predecessor-version":[{"id":19549,"href":"https:\/\/gostynin.bpplock.pl\/uk\/wp-json\/wp\/v2\/pages\/11698\/revisions\/19549"}],"wp:attachment":[{"href":"https:\/\/gostynin.bpplock.pl\/uk\/wp-json\/wp\/v2\/media?parent=11698"}],"curies":[{"name":"wp","href":"https:\/\/api.w.org\/{rel}","templated":true}]}}