{"id":11713,"date":"2024-02-21T14:56:40","date_gmt":"2024-02-21T13:56:40","guid":{"rendered":"https:\/\/gostynin.bpplock.pl\/?page_id=11713"},"modified":"2024-12-18T09:08:25","modified_gmt":"2024-12-18T08:08:25","slug":"czytelnia-wraz-pracownia-komputerowa","status":"publish","type":"page","link":"https:\/\/gostynin.bpplock.pl\/uk\/czytelnia-wraz-pracownia-komputerowa\/","title":{"rendered":"Czytelnia z pracowni\u0105 komputerow\u0105"},"content":{"rendered":"\n<p>Wydzia\u0142 dysponuje 7 miejscami dla czytelnik\u00f3w. Mog\u0105 oni skorzysta\u0107 z ksi\u0119gozbioru obejmuj\u0105cego wydawnictwa encyklopedyczne, s\u0142ownikowe, informacyjne oraz literatur\u0119 naukow\u0105 ze wszystkich dziedzin wiedzy ze szczeg\u00f3lnym uwzgl\u0119dnieniem pedagogiki, psychologii i socjologii. Odwiedzaj\u0105cy Czytelni\u0119 maj\u0105 do dyspozycji oko\u0142o 100 tytu\u0142\u00f3w prenumerowanych czasopism a tak\u017ce stanowisko do korzystania z&nbsp;Internetu. Czytelnia oferuje r\u00f3wnie mo\u017cliwo\u015b\u0107 skorzystania z&nbsp;samoobs\u0142ugowej kserokopiarki.<\/p>\n\n\n\n<p>Pracownicy Wydzia\u0142u zajmuj\u0105 si\u0119:<\/p>\n\n\n\n<ul class=\"wp-block-list\">\n<li>udost\u0119pnianiem zbior\u00f3w Czytelni wszystkim ch\u0119tnym<\/li>\n\n\n\n<li>gromadzeniem i udost\u0119pnianiem zestawie\u0144 bibliograficznych na r\u00f3\u017cne tematy<\/li>\n\n\n\n<li>prowadzeniem zaj\u0119\u0107 z edukacji czytelniczej i medialnej<\/li>\n\n\n\n<li>udzielaniem porad metodycznych nauczycielom-bibliotekarzom<\/li>\n\n\n\n<li>udzielaniem informacji bibliotecznych i bibliograficznych<\/li>\n<\/ul>\n\n\n\n<div style=\"height:20px\" aria-hidden=\"true\" class=\"wp-block-spacer\"><\/div>\n\n\n\n<div class=\"wp-block-stackable-card stk-block-card stk-block stk-1d311e1 is-style-default\" data-v=\"2\" data-block-id=\"1d311e1\"><style>.stk-1d311e1 .stk-block-card__image{height:358px !important;}.stk-1d311e1 .stk-block-card__image img{object-fit:contain !important;}<\/style><div class=\"stk--no-padding stk-container stk-1d311e1-container stk-hover-parent\"><figure class=\"stk-block-card__image stk-img-wrapper stk-image--shape-stretch\"><img loading=\"lazy\" decoding=\"async\" class=\"stk-img wp-image-11767\" src=\"https:\/\/gostynin.bpplock.pl\/wp-content\/uploads\/sites\/30\/2024\/02\/9117912-int.jpg\" width=\"1536\" height=\"2048\" alt=\"Jolanta Sieczkowska\" srcset=\"https:\/\/gostynin.bpplock.pl\/wp-content\/uploads\/sites\/30\/2024\/02\/9117912-int.jpg 1536w, https:\/\/gostynin.bpplock.pl\/wp-content\/uploads\/sites\/30\/2024\/02\/9117912-int-225x300.jpg 225w, https:\/\/gostynin.bpplock.pl\/wp-content\/uploads\/sites\/30\/2024\/02\/9117912-int-768x1024.jpg 768w, https:\/\/gostynin.bpplock.pl\/wp-content\/uploads\/sites\/30\/2024\/02\/9117912-int-1152x1536.jpg 1152w, https:\/\/gostynin.bpplock.pl\/wp-content\/uploads\/sites\/30\/2024\/02\/9117912-int-1320x1760.jpg 1320w, https:\/\/gostynin.bpplock.pl\/wp-content\/uploads\/sites\/30\/2024\/02\/9117912-int-18x24.jpg 18w, https:\/\/gostynin.bpplock.pl\/wp-content\/uploads\/sites\/30\/2024\/02\/9117912-int-27x36.jpg 27w, https:\/\/gostynin.bpplock.pl\/wp-content\/uploads\/sites\/30\/2024\/02\/9117912-int-36x48.jpg 36w\" sizes=\"auto, (max-width: 1536px) 100vw, 1536px\" \/><\/figure><div class=\"stk-container-padding stk-block-card__content\"><div class=\"stk-block-content stk-inner-blocks stk-1d311e1-inner-blocks\">\n<div class=\"wp-block-stackable-heading stk-block-heading stk-block-heading--v2 stk-block stk-1fce584\" id=\"nauczycielka-bibliotekarka\" data-block-id=\"1fce584\"><h2 class=\"stk-block-heading__text has-text-align-center\">Nauczycielka bibliotekarka<\/h2><\/div>\n\n\n\n<div class=\"wp-block-stackable-subtitle stk-block-subtitle stk-block stk-a7b2e33\" data-block-id=\"a7b2e33\"><p class=\"stk-block-subtitle__text stk-subtitle has-text-align-center\"><strong>Jolanta Sieczkowska<\/strong><\/p><\/div>\n\n\n\n<p class=\"has-text-align-center\"><a href=\"mailto:jolanta.sieczkowska@bpplock.pl\">jolanta.sieczkowska@bpplock.pl<\/a><\/p>\n<\/div><\/div><\/div><\/div>\n","protected":false},"excerpt":{"rendered":"<p>Wydzia\u0142 dysponuje 7 miejscami dla czytelnik\u00f3w. Mog\u0105 oni skorzysta\u0107 z ksi\u0119gozbioru obejmuj\u0105cego wydawnictwa encyklopedyczne, s\u0142ownikowe, informacyjne oraz literatur\u0119 naukow\u0105 ze [&hellip;]<\/p>\n","protected":false},"author":899,"featured_media":0,"parent":0,"menu_order":0,"comment_status":"closed","ping_status":"closed","template":"","meta":{"_acf_changed":false,"_oasis_is_in_workflow":0,"_oasis_original":0,"inline_featured_image":false,"site-sidebar-layout":"default","site-content-layout":"","ast-site-content-layout":"default","site-content-style":"default","site-sidebar-style":"default","ast-global-header-display":"","ast-banner-title-visibility":"","ast-main-header-display":"","ast-hfb-above-header-display":"","ast-hfb-below-header-display":"","ast-hfb-mobile-header-display":"","site-post-title":"","ast-breadcrumbs-content":"","ast-featured-img":"","footer-sml-layout":"","ast-disable-related-posts":"","theme-transparent-header-meta":"","adv-header-id-meta":"","stick-header-meta":"","header-above-stick-meta":"","header-main-stick-meta":"","header-below-stick-meta":"","astra-migrate-meta-layouts":"set","ast-page-background-enabled":"default","ast-page-background-meta":{"desktop":{"background-color":"","background-image":"","background-repeat":"repeat","background-position":"center center","background-size":"auto","background-attachment":"scroll","background-type":"","background-media":"","overlay-type":"","overlay-color":"","overlay-opacity":"","overlay-gradient":""},"tablet":{"background-color":"","background-image":"","background-repeat":"repeat","background-position":"center center","background-size":"auto","background-attachment":"scroll","background-type":"","background-media":"","overlay-type":"","overlay-color":"","overlay-opacity":"","overlay-gradient":""},"mobile":{"background-color":"","background-image":"","background-repeat":"repeat","background-position":"center center","background-size":"auto","background-attachment":"scroll","background-type":"","background-media":"","overlay-type":"","overlay-color":"","overlay-opacity":"","overlay-gradient":""}},"ast-content-background-meta":{"desktop":{"background-color":"var(--ast-global-color-5)","background-image":"","background-repeat":"repeat","background-position":"center center","background-size":"auto","background-attachment":"scroll","background-type":"","background-media":"","overlay-type":"","overlay-color":"","overlay-opacity":"","overlay-gradient":""},"tablet":{"background-color":"var(--ast-global-color-5)","background-image":"","background-repeat":"repeat","background-position":"center center","background-size":"auto","background-attachment":"scroll","background-type":"","background-media":"","overlay-type":"","overlay-color":"","overlay-opacity":"","overlay-gradient":""},"mobile":{"background-color":"var(--ast-global-color-5)","background-image":"","background-repeat":"repeat","background-position":"center center","background-size":"auto","background-attachment":"scroll","background-type":"","background-media":"","overlay-type":"","overlay-color":"","overlay-opacity":"","overlay-gradient":""}},"_themeisle_gutenberg_block_has_review":false,"footnotes":""},"class_list":["post-11713","page","type-page","status-publish","hentry"],"acf":[],"featured_image_urls_v2":{"full":"","thumbnail":"","medium":"","medium_large":"","large":"","1536x1536":"","2048x2048":"","menu-24x24":"","menu-36x36":"","menu-48x48":""},"post_excerpt_stackable_v2":"<p>Wydzia\u0142 dysponuje 7 miejscami dla czytelnik\u00f3w. Mog\u0105 oni skorzysta\u0107 z ksi\u0119gozbioru obejmuj\u0105cego wydawnictwa encyklopedyczne, s\u0142ownikowe, informacyjne oraz literatur\u0119 naukow\u0105 ze wszystkich dziedzin wiedzy ze szczeg\u00f3lnym uwzgl\u0119dnieniem pedagogiki, psychologii i socjologii. Odwiedzaj\u0105cy Czytelni\u0119 maj\u0105 do dyspozycji oko\u0142o 100 tytu\u0142\u00f3w prenumerowanych czasopism a tak\u017ce stanowisko do korzystania z&nbsp;Internetu. Czytelnia oferuje r\u00f3wnie mo\u017cliwo\u015b\u0107 skorzystania z&nbsp;samoobs\u0142ugowej kserokopiarki. Pracownicy Wydzia\u0142u zajmuj\u0105 si\u0119: udost\u0119pnianiem zbior\u00f3w Czytelni wszystkim ch\u0119tnym gromadzeniem i udost\u0119pnianiem zestawie\u0144 bibliograficznych na r\u00f3\u017cne tematy prowadzeniem zaj\u0119\u0107 z edukacji czytelniczej i medialnej udzielaniem porad metodycznych nauczycielom-bibliotekarzom udzielaniem informacji bibliotecznych i bibliograficznych Nauczycielka bibliotekarka Jolanta Sieczkowska jolanta.sieczkowska@bpplock.pl<\/p>\n","category_list_v2":"","author_info_v2":{"name":"lserafinowski","url":"https:\/\/gostynin.bpplock.pl\/uk\/author\/lserafinowski\/"},"comments_num_v2":"0 \u043a\u043e\u043c\u0435\u043d\u0442\u0430\u0440\u0456\u0432","_links":{"self":[{"href":"https:\/\/gostynin.bpplock.pl\/uk\/wp-json\/wp\/v2\/pages\/11713","targetHints":{"allow":["GET"]}}],"collection":[{"href":"https:\/\/gostynin.bpplock.pl\/uk\/wp-json\/wp\/v2\/pages"}],"about":[{"href":"https:\/\/gostynin.bpplock.pl\/uk\/wp-json\/wp\/v2\/types\/page"}],"author":[{"embeddable":true,"href":"https:\/\/gostynin.bpplock.pl\/uk\/wp-json\/wp\/v2\/users\/899"}],"replies":[{"embeddable":true,"href":"https:\/\/gostynin.bpplock.pl\/uk\/wp-json\/wp\/v2\/comments?post=11713"}],"version-history":[{"count":16,"href":"https:\/\/gostynin.bpplock.pl\/uk\/wp-json\/wp\/v2\/pages\/11713\/revisions"}],"predecessor-version":[{"id":19561,"href":"https:\/\/gostynin.bpplock.pl\/uk\/wp-json\/wp\/v2\/pages\/11713\/revisions\/19561"}],"wp:attachment":[{"href":"https:\/\/gostynin.bpplock.pl\/uk\/wp-json\/wp\/v2\/media?parent=11713"}],"curies":[{"name":"wp","href":"https:\/\/api.w.org\/{rel}","templated":true}]}}