{"id":1526,"date":"2021-11-25T10:49:15","date_gmt":"2021-11-25T09:49:15","guid":{"rendered":"https:\/\/gostynin.bpplock.pl\/?page_id=1526"},"modified":"2021-11-25T11:09:31","modified_gmt":"2021-11-25T10:09:31","slug":"szkoly-ponadpodstawowe","status":"publish","type":"page","link":"https:\/\/gostynin.bpplock.pl\/uk\/szkoly-ponadpodstawowe\/","title":{"rendered":"Szko\u0142y ponadpodstawowe"},"content":{"rendered":"\n<div class=\"wp-block-columns is-layout-flex wp-container-core-columns-is-layout-28f84493 wp-block-columns-is-layout-flex\">\n<div class=\"wp-block-column is-layout-flow wp-block-column-is-layout-flow\">\n<div class=\"wp-block-image\"><figure class=\"aligncenter size-full\"><a href=\"https:\/\/gostynin.bpplock.pl\/scenariusze-lekcji-do-wykorzystania-w-edukacji-zdalnej\/\"><img loading=\"lazy\" decoding=\"async\" width=\"96\" height=\"98\" src=\"https:\/\/gostynin.bpplock.pl\/wp-content\/uploads\/sites\/30\/2021\/11\/powrot-1.png\" alt=\"\" class=\"wp-image-1535\" srcset=\"https:\/\/gostynin.bpplock.pl\/wp-content\/uploads\/sites\/30\/2021\/11\/powrot-1.png 96w, https:\/\/gostynin.bpplock.pl\/wp-content\/uploads\/sites\/30\/2021\/11\/powrot-1-24x24.png 24w, https:\/\/gostynin.bpplock.pl\/wp-content\/uploads\/sites\/30\/2021\/11\/powrot-1-36x36.png 36w, https:\/\/gostynin.bpplock.pl\/wp-content\/uploads\/sites\/30\/2021\/11\/powrot-1-48x48.png 48w\" sizes=\"auto, (max-width: 96px) 100vw, 96px\" \/><\/a><\/figure><\/div>\n<\/div>\n<\/div>\n\n\n\n<div style=\"height:100px\" aria-hidden=\"true\" class=\"wp-block-spacer\"><\/div>\n\n\n\n<div class=\"wp-block-columns is-layout-flex wp-container-core-columns-is-layout-28f84493 wp-block-columns-is-layout-flex\">\n<div class=\"wp-block-column is-layout-flow wp-block-column-is-layout-flow\">\n<p>Pliki do pobrania:<\/p>\n\n\n\n<div class=\"wp-block-file\"><a href=\"https:\/\/gostynin.bpplock.pl\/wp-content\/uploads\/sites\/30\/2021\/11\/1_Maja_co_to_za_swieto.pdf\" target=\"_blank\" rel=\"noreferrer noopener\">1 Maja- co to za \u015bwi\u0119to<\/a><\/div>\n\n\n\n<div class=\"wp-block-file\"><a href=\"https:\/\/gostynin.bpplock.pl\/wp-content\/uploads\/sites\/30\/2021\/11\/BLOGOWANIE_pomysl_na_budowanie_wlasnej_marki_w_Internecie.pdf\" target=\"_blank\" rel=\"noreferrer noopener\">BLOGOWANIE-pomys\u0142 na budowanie w\u0142asnej marki w Internecie<\/a><\/div>\n\n\n\n<div class=\"wp-block-file\"><a href=\"https:\/\/gostynin.bpplock.pl\/wp-content\/uploads\/sites\/30\/2021\/11\/Budowanie_reputacji_w_sieci.pdf\" target=\"_blank\" rel=\"noreferrer noopener\">Budowanie reputacji w sieci<\/a><\/div>\n\n\n\n<div class=\"wp-block-file\"><a href=\"https:\/\/gostynin.bpplock.pl\/wp-content\/uploads\/sites\/30\/2021\/11\/elearning.pdf\" target=\"_blank\" rel=\"noreferrer noopener\">E-learning- wiedza na klikni\u0119cie<\/a><\/div>\n\n\n\n<div class=\"wp-block-file\"><a href=\"https:\/\/gostynin.bpplock.pl\/wp-content\/uploads\/sites\/30\/2021\/11\/Higiena_Cyfrowa.pdf\" target=\"_blank\" rel=\"noreferrer noopener\">Higiena Cyfrowa<\/a><\/div>\n\n\n\n<div class=\"wp-block-file\"><a href=\"https:\/\/gostynin.bpplock.pl\/wp-content\/uploads\/sites\/30\/2021\/11\/Historia_ksiazki_wirtualna_wycieczka_do_muzeum_Scenariusz_Ed_Zd_TJ.pdf\" target=\"_blank\" rel=\"noreferrer noopener\">Historia ksi\u0105\u017cki wirtualna wycieczka do muzeum Scenariusz<\/a><\/div>\n\n\n\n<div class=\"wp-block-file\"><a href=\"https:\/\/gostynin.bpplock.pl\/wp-content\/uploads\/sites\/30\/2021\/11\/Jak_zaszczepic_sie_przed_trema_ponadpodstawowa.pdf\" target=\"_blank\" rel=\"noreferrer noopener\">Jak zaszczepi\u0107 si\u0119 przed trema ponadpodstawowa<\/a><\/div>\n\n\n\n<div class=\"wp-block-file\"><a href=\"https:\/\/gostynin.bpplock.pl\/wp-content\/uploads\/sites\/30\/2021\/11\/Media_spolecznosciowe_a_prawa_autorskie_Twoj_wizerunek_w_sieci.pdf\" target=\"_blank\" rel=\"noreferrer noopener\">Media spo\u0142eczno\u015bciowe a prawa autorskie Tw\u00f3j wizerunek w sieci<\/a><\/div>\n\n\n\n<div class=\"wp-block-file\"><a href=\"https:\/\/gostynin.bpplock.pl\/wp-content\/uploads\/sites\/30\/2021\/11\/Muzyka_i_film_ponadpodstawowa.pdf\" target=\"_blank\" rel=\"noreferrer noopener\">Muzyka i film ponadpodstawowa<\/a><\/div>\n\n\n\n<div class=\"wp-block-file\"><a href=\"https:\/\/gostynin.bpplock.pl\/wp-content\/uploads\/sites\/30\/2021\/11\/Olga_Tokarczuk_polska_noblistka_podst_I-II.pdf\" target=\"_blank\" rel=\"noreferrer noopener\">Olga Tokarczuk-polska noblistka<\/a><\/div>\n\n\n\n<div class=\"wp-block-file\"><a href=\"https:\/\/gostynin.bpplock.pl\/wp-content\/uploads\/sites\/30\/2021\/11\/Przeslanie_Zbigniewa_Herberta_ponadpodst.pdf\" target=\"_blank\" rel=\"noreferrer noopener\">Przeslanie Zbigniewa Herberta<\/a><\/div>\n\n\n\n<div class=\"wp-block-file\"><a href=\"https:\/\/gostynin.bpplock.pl\/wp-content\/uploads\/sites\/30\/2021\/11\/Punkt_wyjscia_droga_do_resocjalizacji_ponadpodstawowa.pdf\" target=\"_blank\" rel=\"noreferrer noopener\">Punkt wyjscia droga do resocjalizacji<\/a><\/div>\n\n\n\n<div class=\"wp-block-file\"><a href=\"https:\/\/gostynin.bpplock.pl\/wp-content\/uploads\/sites\/30\/2021\/11\/Rozmowa_kwalifikacyjna_ponadpodst.docx.pdf\" target=\"_blank\" rel=\"noreferrer noopener\">Rozmowa kwalifikacyjna<\/a><\/div>\n\n\n\n<div class=\"wp-block-file\"><a href=\"https:\/\/gostynin.bpplock.pl\/wp-content\/uploads\/sites\/30\/2021\/11\/Sekrety_wyszukiwarek.pdf\" target=\"_blank\" rel=\"noreferrer noopener\">Sekrety wyszukiwarek<\/a><\/div>\n\n\n\n<div class=\"wp-block-file\"><a href=\"https:\/\/gostynin.bpplock.pl\/wp-content\/uploads\/sites\/30\/2021\/11\/Skad_czerpac_wiedze_ponadpodstawowa.docx.pdf\" target=\"_blank\" rel=\"noreferrer noopener\">Skad czerpac wiedze<\/a><\/div>\n\n\n\n<div class=\"wp-block-file\"><a href=\"https:\/\/gostynin.bpplock.pl\/wp-content\/uploads\/sites\/30\/2021\/11\/Stworz_CV_Canva_ponadpodstawowa.pdf\" target=\"_blank\" rel=\"noreferrer noopener\">Stw\u00f3rz CV Canva<\/a><\/div>\n\n\n\n<div class=\"wp-block-file\"><a href=\"https:\/\/gostynin.bpplock.pl\/wp-content\/uploads\/sites\/30\/2021\/11\/Quiz_ortograficzny_100_najczesciej_popelnianych_bledow_w_Internecie_Scenariusz_Ed_Zd_TJ.pdf\" target=\"_blank\" rel=\"noreferrer noopener\">Quiz ortograficzny 100 najcz\u0119\u015bciej pope\u0142nianych b\u0142\u0119d\u00f3w w Internecie <\/a><\/div>\n\n\n\n<div class=\"wp-block-file\"><a href=\"https:\/\/gostynin.bpplock.pl\/wp-content\/uploads\/sites\/30\/2021\/11\/Wakelet_tworzymy_tematyczne_wirtualne_kolekcje_z_zasobow_dostepnych_w_Internecie_ponapodst.pdf\" target=\"_blank\" rel=\"noreferrer noopener\">Wakelet tworzymy tematyczne wirtualne kolekcje z zasob\u00f3w dost\u0119pnych w Internecie<\/a><\/div>\n\n\n\n<div class=\"wp-block-file\"><a href=\"https:\/\/gostynin.bpplock.pl\/wp-content\/uploads\/sites\/30\/2021\/11\/zrodla_informacji_naukowej_ponadpodstawowa.pdf\" target=\"_blank\" rel=\"noreferrer noopener\">\u0179rodla informacji naukowej <\/a><\/div>\n<\/div>\n<\/div>\n","protected":false},"excerpt":{"rendered":"<p>Pliki do pobrania:<\/p>\n","protected":false},"author":112,"featured_media":0,"parent":0,"menu_order":0,"comment_status":"closed","ping_status":"closed","template":"","meta":{"_acf_changed":false,"_oasis_is_in_workflow":0,"_oasis_original":0,"inline_featured_image":false,"site-sidebar-layout":"default","site-content-layout":"","ast-site-content-layout":"default","site-content-style":"default","site-sidebar-style":"default","ast-global-header-display":"","ast-banner-title-visibility":"","ast-main-header-display":"","ast-hfb-above-header-display":"","ast-hfb-below-header-display":"","ast-hfb-mobile-header-display":"","site-post-title":"","ast-breadcrumbs-content":"","ast-featured-img":"","footer-sml-layout":"","ast-disable-related-posts":"","theme-transparent-header-meta":"","adv-header-id-meta":"","stick-header-meta":"","header-above-stick-meta":"","header-main-stick-meta":"","header-below-stick-meta":"","astra-migrate-meta-layouts":"default","ast-page-background-enabled":"default","ast-page-background-meta":{"desktop":{"background-color":"","background-image":"","background-repeat":"repeat","background-position":"center center","background-size":"auto","background-attachment":"scroll","background-type":"","background-media":"","overlay-type":"","overlay-color":"","overlay-opacity":"","overlay-gradient":""},"tablet":{"background-color":"","background-image":"","background-repeat":"repeat","background-position":"center center","background-size":"auto","background-attachment":"scroll","background-type":"","background-media":"","overlay-type":"","overlay-color":"","overlay-opacity":"","overlay-gradient":""},"mobile":{"background-color":"","background-image":"","background-repeat":"repeat","background-position":"center center","background-size":"auto","background-attachment":"scroll","background-type":"","background-media":"","overlay-type":"","overlay-color":"","overlay-opacity":"","overlay-gradient":""}},"ast-content-background-meta":{"desktop":{"background-color":"var(--ast-global-color-5)","background-image":"","background-repeat":"repeat","background-position":"center center","background-size":"auto","background-attachment":"scroll","background-type":"","background-media":"","overlay-type":"","overlay-color":"","overlay-opacity":"","overlay-gradient":""},"tablet":{"background-color":"var(--ast-global-color-5)","background-image":"","background-repeat":"repeat","background-position":"center center","background-size":"auto","background-attachment":"scroll","background-type":"","background-media":"","overlay-type":"","overlay-color":"","overlay-opacity":"","overlay-gradient":""},"mobile":{"background-color":"var(--ast-global-color-5)","background-image":"","background-repeat":"repeat","background-position":"center center","background-size":"auto","background-attachment":"scroll","background-type":"","background-media":"","overlay-type":"","overlay-color":"","overlay-opacity":"","overlay-gradient":""}},"_themeisle_gutenberg_block_has_review":false,"footnotes":""},"class_list":["post-1526","page","type-page","status-publish","hentry"],"acf":[],"featured_image_urls_v2":{"full":"","thumbnail":"","medium":"","medium_large":"","large":"","1536x1536":"","2048x2048":"","menu-24x24":"","menu-36x36":"","menu-48x48":""},"post_excerpt_stackable_v2":"<p>Pliki do pobrania: 1 Maja- co to za \u015bwi\u0119to BLOGOWANIE-pomys\u0142 na budowanie w\u0142asnej marki w Internecie Budowanie reputacji w sieci E-learning- wiedza na klikni\u0119cie Higiena Cyfrowa Historia ksi\u0105\u017cki wirtualna wycieczka do muzeum Scenariusz Jak zaszczepi\u0107 si\u0119 przed trema ponadpodstawowa Media spo\u0142eczno\u015bciowe a prawa autorskie Tw\u00f3j wizerunek w sieci Muzyka i film ponadpodstawowa Olga Tokarczuk-polska noblistka Przeslanie Zbigniewa Herberta Punkt wyjscia droga do resocjalizacji Rozmowa kwalifikacyjna Sekrety wyszukiwarek Skad czerpac wiedze Stw\u00f3rz CV Canva Quiz ortograficzny 100 najcz\u0119\u015bciej pope\u0142nianych b\u0142\u0119d\u00f3w w Internecie Wakelet tworzymy tematyczne wirtualne kolekcje z zasob\u00f3w dost\u0119pnych w Internecie \u0179rodla informacji naukowej<\/p>\n","category_list_v2":"","author_info_v2":{"name":"Martyna Zalewska","url":"https:\/\/gostynin.bpplock.pl\/uk\/author\/mprzygodzka\/"},"comments_num_v2":"0 \u043a\u043e\u043c\u0435\u043d\u0442\u0430\u0440\u0456\u0432","_links":{"self":[{"href":"https:\/\/gostynin.bpplock.pl\/uk\/wp-json\/wp\/v2\/pages\/1526","targetHints":{"allow":["GET"]}}],"collection":[{"href":"https:\/\/gostynin.bpplock.pl\/uk\/wp-json\/wp\/v2\/pages"}],"about":[{"href":"https:\/\/gostynin.bpplock.pl\/uk\/wp-json\/wp\/v2\/types\/page"}],"author":[{"embeddable":true,"href":"https:\/\/gostynin.bpplock.pl\/uk\/wp-json\/wp\/v2\/users\/112"}],"replies":[{"embeddable":true,"href":"https:\/\/gostynin.bpplock.pl\/uk\/wp-json\/wp\/v2\/comments?post=1526"}],"version-history":[{"count":9,"href":"https:\/\/gostynin.bpplock.pl\/uk\/wp-json\/wp\/v2\/pages\/1526\/revisions"}],"predecessor-version":[{"id":1605,"href":"https:\/\/gostynin.bpplock.pl\/uk\/wp-json\/wp\/v2\/pages\/1526\/revisions\/1605"}],"wp:attachment":[{"href":"https:\/\/gostynin.bpplock.pl\/uk\/wp-json\/wp\/v2\/media?parent=1526"}],"curies":[{"name":"wp","href":"https:\/\/api.w.org\/{rel}","templated":true}]}}