{"id":1608,"date":"2021-11-25T11:13:00","date_gmt":"2021-11-25T10:13:00","guid":{"rendered":"https:\/\/gostynin.bpplock.pl\/?page_id=1608"},"modified":"2024-01-10T09:09:00","modified_gmt":"2024-01-10T08:09:00","slug":"klasy-1-3","status":"publish","type":"page","link":"https:\/\/gostynin.bpplock.pl\/uk\/scenariusze-lekcji-do-wykorzystania-w-edukacji-zdalnej\/szkoly-podstawowe\/klasy-1-3\/","title":{"rendered":"Klasy 1 &#8211; 3"},"content":{"rendered":"\n<div class=\"wp-block-columns is-layout-flex wp-container-core-columns-is-layout-28f84493 wp-block-columns-is-layout-flex\">\n<div class=\"wp-block-column is-layout-flow wp-block-column-is-layout-flow\">\n<div class=\"wp-block-image\"><figure class=\"aligncenter size-full\"><a href=\"https:\/\/gostynin.bpplock.pl\/szkoly-podstawowe\/\"><img loading=\"lazy\" decoding=\"async\" width=\"96\" height=\"98\" src=\"https:\/\/gostynin.bpplock.pl\/wp-content\/uploads\/sites\/30\/2021\/11\/powrot-1.png\" alt=\"\" class=\"wp-image-1535\" srcset=\"https:\/\/gostynin.bpplock.pl\/wp-content\/uploads\/sites\/30\/2021\/11\/powrot-1.png 96w, https:\/\/gostynin.bpplock.pl\/wp-content\/uploads\/sites\/30\/2021\/11\/powrot-1-24x24.png 24w, https:\/\/gostynin.bpplock.pl\/wp-content\/uploads\/sites\/30\/2021\/11\/powrot-1-36x36.png 36w, https:\/\/gostynin.bpplock.pl\/wp-content\/uploads\/sites\/30\/2021\/11\/powrot-1-48x48.png 48w\" sizes=\"auto, (max-width: 96px) 100vw, 96px\" \/><\/a><\/figure><\/div>\n<\/div>\n<\/div>\n\n\n\n<ol class=\"wp-block-list\"><li><a href=\"https:\/\/gostynin.bpplock.pl\/wp-content\/uploads\/sites\/30\/2021\/11\/Barwy_symbole_narodowe_kl_II.pdf\" target=\"_blank\" rel=\"noreferrer noopener\">Barwy i symbole narodowe<\/a><\/li><li><a href=\"https:\/\/gostynin.bpplock.pl\/wp-content\/uploads\/sites\/30\/2021\/11\/Bez_zlosci_mamy_wiecej_radosci_kl_III_podstawowa.pdf\" target=\"_blank\" rel=\"noreferrer noopener\">Bez z\u0142o\u015bci mamy wi\u0119cej rado\u015bci<\/a><\/li><li><a href=\"https:\/\/gostynin.bpplock.pl\/wp-content\/uploads\/sites\/30\/2021\/11\/Bezpieczne_wakacje_kl_I_III.pdf\" target=\"_blank\" rel=\"noreferrer noopener\">Bezpieczne wakacje<\/a><\/li><li><a href=\"https:\/\/gostynin.bpplock.pl\/wp-content\/uploads\/sites\/30\/2021\/11\/Brzydkie_kaczatko_podst_kl_II.pdf\" target=\"_blank\" rel=\"noreferrer noopener\">Brzydkie kacz\u0105tko<\/a><\/li><li><a href=\"https:\/\/gostynin.bpplock.pl\/wp-content\/uploads\/sites\/30\/2021\/11\/Cechy_basni_na_przykladzie_Calineczki_kl_I_III.pdf\" target=\"_blank\" rel=\"noreferrer noopener\">Cechy Ba\u015bni Calineczka<\/a><\/li><li><a href=\"https:\/\/gostynin.bpplock.pl\/wp-content\/uploads\/sites\/30\/2021\/11\/Co_to_jest_ksiazka_I_III.pdf\" target=\"_blank\" rel=\"noreferrer noopener\">Co to jest ksi\u0105\u017cka<\/a><\/li><li><a href=\"https:\/\/gostynin.bpplock.pl\/wp-content\/uploads\/sites\/30\/2021\/11\/Dzien_Kosmosu_kl_II_III.pdf\" target=\"_blank\" rel=\"noreferrer noopener\">Dzie\u0144 kosmosu 21.05<\/a><\/li><li><a href=\"https:\/\/gostynin.bpplock.pl\/wp-content\/uploads\/sites\/30\/2021\/11\/Dzien_Kropki_Dot_Day_podst_kl_II.pdf\" target=\"_blank\" rel=\"noreferrer noopener\">Dzie\u0144 Kropki \u201eDot Day\u201d<\/a><\/li><li><a href=\"https:\/\/gostynin.bpplock.pl\/wp-content\/uploads\/sites\/30\/2021\/11\/Miedzynarodowy_Dzien_Muzeow_kl_I-III_IV-VIII.pdf\" target=\"_blank\" rel=\"noreferrer noopener\">Mi\u0119dzynarodowy Dzie\u0144 Muze\u00f3w<\/a><\/li><li><a href=\"https:\/\/gostynin.bpplock.pl\/wp-content\/uploads\/sites\/30\/2021\/11\/Moja_mama_jest_wspaniala_kl_II.pdf\" target=\"_blank\" rel=\"noreferrer noopener\">Moja mama jest wspania\u0142a<\/a><\/li><li><a href=\"https:\/\/gostynin.bpplock.pl\/wp-content\/uploads\/sites\/30\/2021\/11\/Moja_rodzina_I_III.pdf\" target=\"_blank\" rel=\"noreferrer noopener\">Moja rodzina<\/a><\/li><li><a href=\"https:\/\/gostynin.bpplock.pl\/wp-content\/uploads\/sites\/30\/2021\/11\/O_Rupakach_Danuta_Wawilow_podst_kl_II.docx.pdf\" target=\"_blank\" rel=\"noreferrer noopener\">O Rupakach &#8211;\u00a0 Danuta Wawi\u0142ow<\/a><\/li><li><a href=\"https:\/\/gostynin.bpplock.pl\/wp-content\/uploads\/sites\/30\/2021\/11\/Odbicie_krajobrazu_wiosennego_podst_kl_II.pdf\" target=\"_blank\" rel=\"noreferrer noopener\">Odbicie krajobrazu wiosennego<\/a><\/li><li><a href=\"https:\/\/gostynin.bpplock.pl\/wp-content\/uploads\/sites\/30\/2021\/11\/Opis_postaci_na_przykladzie_Szewczyka_Dratewki_kl_I_III.pdf\" target=\"_blank\" rel=\"noreferrer noopener\">Opis postaci na przyk\u0142adzie Szewczyka Dratewki<\/a><\/li><li><a href=\"https:\/\/gostynin.bpplock.pl\/wp-content\/uploads\/sites\/30\/2021\/11\/Potwor_podst_kl_III.pdf\" target=\"_blank\" rel=\"noreferrer noopener\">Potw\u00f3r<\/a><\/li><li><a href=\"https:\/\/gostynin.bpplock.pl\/wp-content\/uploads\/sites\/30\/2021\/11\/Poznajemy_wiosenne_ptaki_kl_3.pdf\" target=\"_blank\" rel=\"noreferrer noopener\">Poznajemy wiosenne ptaki<\/a><\/li><li><a href=\"https:\/\/gostynin.bpplock.pl\/wp-content\/uploads\/sites\/30\/2021\/11\/Pszczele_sprawy_kl_1.pdf\" target=\"_blank\" rel=\"noreferrer noopener\">Pszczele sprawy<\/a><\/li><li><a href=\"https:\/\/gostynin.bpplock.pl\/wp-content\/uploads\/sites\/30\/2021\/11\/Skarpetkowa_przygoda_podst_kl_II.pdf\" target=\"_blank\" rel=\"noreferrer noopener\">Skarpetkowa przygoda<\/a><\/li><li><a href=\"https:\/\/gostynin.bpplock.pl\/wp-content\/uploads\/sites\/30\/2021\/11\/Spotkanie_z_ksiazka_podst_kl_I.pdf\" target=\"_blank\" rel=\"noreferrer noopener\">Spotkanie z ksi\u0105\u017ck\u0105<\/a><\/li><li><a href=\"https:\/\/gostynin.bpplock.pl\/wp-content\/uploads\/sites\/30\/2021\/11\/Symbole_narodowe_kl_I_III.pdf\" target=\"_blank\" rel=\"noreferrer noopener\">Symbole narodowe<\/a><\/li><li><a href=\"https:\/\/gostynin.bpplock.pl\/wp-content\/uploads\/sites\/30\/2021\/11\/swiatowy_Dzie_Oceanow_kl_III_IV_V.doc.pdf\" target=\"_blank\" rel=\"noreferrer noopener\">\u015awiatowy Dzie\u0144 Ocean\u00f3w &#8211; 8.06<\/a><\/li><li><a href=\"https:\/\/gostynin.bpplock.pl\/wp-content\/uploads\/sites\/30\/2021\/11\/swiatowy_Dzien_Przyjaciela.pdf\" target=\"_blank\" rel=\"noreferrer noopener\">\u015awiatowy Dzie\u0144 Przyjaciela &#8211; 9.06<\/a><\/li><li><a href=\"https:\/\/gostynin.bpplock.pl\/wp-content\/uploads\/sites\/30\/2021\/11\/Teatrzyk_kamishibai_podst_kl_III.docx.pdf\" target=\"_blank\" rel=\"noreferrer noopener\">Teatrzyk kamishibai<\/a><\/li><li><a href=\"https:\/\/gostynin.bpplock.pl\/wp-content\/uploads\/sites\/30\/2021\/11\/Wakacje-z-astronomia_kl_I_III.pdf\" target=\"_blank\" rel=\"noreferrer noopener\">Wakacje z astronomi\u0105!<\/a><\/li><li><a href=\"https:\/\/gostynin.bpplock.pl\/wp-content\/uploads\/sites\/30\/2021\/11\/Wazny_dzien_Dzien_Matki_podst_kl_III.pdf\" target=\"_blank\" rel=\"noreferrer noopener\">Wa\u017cny dzie\u0144 &#8211; Dzie\u0144 Matki<\/a><\/li><li><a href=\"https:\/\/gostynin.bpplock.pl\/wp-content\/uploads\/sites\/30\/2021\/11\/Wszyscy_mamy_marzenia_podst_kl_III.pdf\" target=\"_blank\" rel=\"noreferrer noopener\">Wszyscy mamy marzenia<\/a><\/li><li><a href=\"https:\/\/gostynin.bpplock.pl\/wp-content\/uploads\/sites\/30\/2021\/11\/Wyrazamy_swoje_uczucia_podst_kl_II-III.pdf\" target=\"_blank\" rel=\"noreferrer noopener\">Wyra\u017camy swoje uczucia<\/a><\/li><\/ol>\n","protected":false},"excerpt":{"rendered":"<p>Barwy i symbole narodowe Bez z\u0142o\u015bci mamy wi\u0119cej rado\u015bci Bezpieczne wakacje Brzydkie kacz\u0105tko Cechy Ba\u015bni Calineczka Co to jest ksi\u0105\u017cka [&hellip;]<\/p>\n","protected":false},"author":112,"featured_media":0,"parent":1511,"menu_order":0,"comment_status":"closed","ping_status":"closed","template":"","meta":{"_acf_changed":false,"_oasis_is_in_workflow":0,"_oasis_original":0,"inline_featured_image":false,"site-sidebar-layout":"default","site-content-layout":"","ast-site-content-layout":"default","site-content-style":"default","site-sidebar-style":"default","ast-global-header-display":"","ast-banner-title-visibility":"","ast-main-header-display":"","ast-hfb-above-header-display":"","ast-hfb-below-header-display":"","ast-hfb-mobile-header-display":"","site-post-title":"","ast-breadcrumbs-content":"","ast-featured-img":"","footer-sml-layout":"","ast-disable-related-posts":"","theme-transparent-header-meta":"","adv-header-id-meta":"","stick-header-meta":"","header-above-stick-meta":"","header-main-stick-meta":"","header-below-stick-meta":"","astra-migrate-meta-layouts":"default","ast-page-background-enabled":"default","ast-page-background-meta":{"desktop":{"background-color":"","background-image":"","background-repeat":"repeat","background-position":"center center","background-size":"auto","background-attachment":"scroll","background-type":"","background-media":"","overlay-type":"","overlay-color":"","overlay-opacity":"","overlay-gradient":""},"tablet":{"background-color":"","background-image":"","background-repeat":"repeat","background-position":"center center","background-size":"auto","background-attachment":"scroll","background-type":"","background-media":"","overlay-type":"","overlay-color":"","overlay-opacity":"","overlay-gradient":""},"mobile":{"background-color":"","background-image":"","background-repeat":"repeat","background-position":"center center","background-size":"auto","background-attachment":"scroll","background-type":"","background-media":"","overlay-type":"","overlay-color":"","overlay-opacity":"","overlay-gradient":""}},"ast-content-background-meta":{"desktop":{"background-color":"var(--ast-global-color-5)","background-image":"","background-repeat":"repeat","background-position":"center center","background-size":"auto","background-attachment":"scroll","background-type":"","background-media":"","overlay-type":"","overlay-color":"","overlay-opacity":"","overlay-gradient":""},"tablet":{"background-color":"var(--ast-global-color-5)","background-image":"","background-repeat":"repeat","background-position":"center center","background-size":"auto","background-attachment":"scroll","background-type":"","background-media":"","overlay-type":"","overlay-color":"","overlay-opacity":"","overlay-gradient":""},"mobile":{"background-color":"var(--ast-global-color-5)","background-image":"","background-repeat":"repeat","background-position":"center center","background-size":"auto","background-attachment":"scroll","background-type":"","background-media":"","overlay-type":"","overlay-color":"","overlay-opacity":"","overlay-gradient":""}},"_themeisle_gutenberg_block_has_review":false,"footnotes":""},"class_list":["post-1608","page","type-page","status-publish","hentry"],"acf":[],"featured_image_urls_v2":{"full":"","thumbnail":"","medium":"","medium_large":"","large":"","1536x1536":"","2048x2048":"","menu-24x24":"","menu-36x36":"","menu-48x48":""},"post_excerpt_stackable_v2":"<p>Barwy i symbole narodoweBez z\u0142o\u015bci mamy wi\u0119cej rado\u015bciBezpieczne wakacjeBrzydkie kacz\u0105tkoCechy Ba\u015bni CalineczkaCo to jest ksi\u0105\u017ckaDzie\u0144 kosmosu 21.05Dzie\u0144 Kropki \u201eDot Day\u201dMi\u0119dzynarodowy Dzie\u0144 Muze\u00f3wMoja mama jest wspania\u0142aMoja rodzinaO Rupakach &#8211;\u00a0 Danuta Wawi\u0142owOdbicie krajobrazu wiosennegoOpis postaci na przyk\u0142adzie Szewczyka DratewkiPotw\u00f3rPoznajemy wiosenne ptakiPszczele sprawySkarpetkowa przygodaSpotkanie z ksi\u0105\u017ck\u0105Symbole narodowe\u015awiatowy Dzie\u0144 Ocean\u00f3w &#8211; 8.06\u015awiatowy Dzie\u0144 Przyjaciela &#8211; 9.06Teatrzyk kamishibaiWakacje z astronomi\u0105!Wa\u017cny dzie\u0144 &#8211; Dzie\u0144 MatkiWszyscy mamy marzeniaWyra\u017camy swoje uczucia<\/p>\n","category_list_v2":"","author_info_v2":{"name":"Martyna Zalewska","url":"https:\/\/gostynin.bpplock.pl\/uk\/author\/mprzygodzka\/"},"comments_num_v2":"0 \u043a\u043e\u043c\u0435\u043d\u0442\u0430\u0440\u0456\u0432","_links":{"self":[{"href":"https:\/\/gostynin.bpplock.pl\/uk\/wp-json\/wp\/v2\/pages\/1608","targetHints":{"allow":["GET"]}}],"collection":[{"href":"https:\/\/gostynin.bpplock.pl\/uk\/wp-json\/wp\/v2\/pages"}],"about":[{"href":"https:\/\/gostynin.bpplock.pl\/uk\/wp-json\/wp\/v2\/types\/page"}],"author":[{"embeddable":true,"href":"https:\/\/gostynin.bpplock.pl\/uk\/wp-json\/wp\/v2\/users\/112"}],"replies":[{"embeddable":true,"href":"https:\/\/gostynin.bpplock.pl\/uk\/wp-json\/wp\/v2\/comments?post=1608"}],"version-history":[{"count":5,"href":"https:\/\/gostynin.bpplock.pl\/uk\/wp-json\/wp\/v2\/pages\/1608\/revisions"}],"predecessor-version":[{"id":7321,"href":"https:\/\/gostynin.bpplock.pl\/uk\/wp-json\/wp\/v2\/pages\/1608\/revisions\/7321"}],"up":[{"embeddable":true,"href":"https:\/\/gostynin.bpplock.pl\/uk\/wp-json\/wp\/v2\/pages\/1511"}],"wp:attachment":[{"href":"https:\/\/gostynin.bpplock.pl\/uk\/wp-json\/wp\/v2\/media?parent=1608"}],"curies":[{"name":"wp","href":"https:\/\/api.w.org\/{rel}","templated":true}]}}