{"id":2078,"date":"2021-11-26T09:49:03","date_gmt":"2021-11-26T08:49:03","guid":{"rendered":"https:\/\/gostynin.bpplock.pl\/?page_id=2078"},"modified":"2021-11-26T09:51:24","modified_gmt":"2021-11-26T08:51:24","slug":"czasopisma-dla-nauczycieli-ktorych-pelne-tresci-dostepne-sa-on-line","status":"publish","type":"page","link":"https:\/\/gostynin.bpplock.pl\/uk\/czasopisma-dla-nauczycieli-ktorych-pelne-tresci-dostepne-sa-on-line\/","title":{"rendered":"Czasopisma dla nauczycieli, kt\u00f3rych pe\u0142ne tre\u015bci dost\u0119pne s\u0105 on-line"},"content":{"rendered":"\n<h2 class=\"wp-block-heading\">Dost\u0119p do pe\u0142nych tekst\u00f3w czasopism<\/h2>\n\n\n\n<p><a href=\"http:\/\/www.ain.ipin.edu.pl\/zeszyty-aktualne.html\" target=\"_blank\" rel=\"noopener\">Alkoholizm i Narkomania<\/a><\/p>\n\n\n\n<p><a href=\"https:\/\/www.domrainmana.pl\/category\/archiwum-pisma\/\" target=\"_blank\" rel=\"noopener\">Autyzm<\/a><\/p>\n\n\n\n<p><a href=\"http:\/\/www.czasopismopsychologiczne.pl\/roczniki\" target=\"_blank\" rel=\"noreferrer noopener\">Czasopismo Psychologiczne<\/a><\/p>\n\n\n\n<p><a href=\"http:\/\/cns.aps.edu.pl\/wydania-archiwalne\/\" target=\"_blank\" rel=\"noopener\">Cz\u0142owiek Niepe\u0142nosprawno\u015b\u0107 Spo\u0142ecze\u0144stwo<\/a><\/p>\n\n\n\n<p><a href=\"http:\/\/www.di.univ.rzeszow.pl\/wydania.htm\" target=\"_blank\" rel=\"noopener\">Dydaktyka Informatyki<\/a><\/p>\n\n\n\n<p><a href=\"http:\/\/dzieckokrzywdzone.fdds.pl\/index.php\/DK\" target=\"_blank\" rel=\"noopener\">Dziecko Krzywdzone: teoria, badania, praktyka<\/a><\/p>\n\n\n\n<p><a href=\"http:\/\/www.ata.edu.pl\/edukacja-doroslych.html\" target=\"_blank\" rel=\"noopener\">Edukacja Doros\u0142ych<\/a><\/p>\n\n\n\n<p><a href=\"https:\/\/czasopisma.ignatianum.edu.pl\/eetp\" target=\"_blank\" rel=\"noopener\">Edukacja Elementarna w Teorii i Praktyce<\/a><\/p>\n\n\n\n<p><a href=\"http:\/\/edukacjaetyczna.pl\/\" target=\"_blank\" rel=\"noopener\">Edukacja Etyczna<\/a><\/p>\n\n\n\n<p><a href=\"https:\/\/wshtwp.pl\/edukacja-humanistyczna\/\" target=\"_blank\" rel=\"noopener\">Edukacja Humanistyczna<\/a><\/p>\n\n\n\n<p><a href=\"http:\/\/www.edukacjamuzyczna.ajd.czest.pl\/\" target=\"_blank\" rel=\"noopener\">Edukacja Muzyczna<\/a><\/p>\n\n\n\n<p><a href=\"https:\/\/www.wlodkowic.pl\/edukacja-otwarta.html?showall=1\" target=\"_blank\" rel=\"noreferrer noopener\">Edukacja Otwarta<\/a>&nbsp;<\/p>\n\n\n\n<p><a href=\"http:\/\/www.edukacjaustawicznadoroslych.eu\/\" target=\"_blank\" rel=\"noopener\">Edukacja Ustawiczna Doros\u0142ych<\/a><\/p>\n\n\n\n<p><a href=\"http:\/\/www.edukacja.ibe.edu.pl\/\" target=\"_blank\" rel=\"noopener\">Edukacja. Studia, Badania, Innowacje<\/a><\/p>\n\n\n\n<p><a href=\"https:\/\/kpbc.umk.pl\/dlibra\/publication\/225198\/edition\/223299#structure\" target=\"_blank\" rel=\"noreferrer noopener\">Folia Toruniensia<\/a><\/p>\n\n\n\n<p><a href=\"http:\/\/forumoswiatowe.pl\/\" target=\"_blank\" rel=\"noopener\">Forum O\u015bwiatowe<\/a><\/p>\n\n\n\n<p><a href=\"http:\/\/gerontologia.org.pl\/czasopismo-gerontologia-polska\/\" target=\"_blank\" rel=\"noopener\">Gerontologia Polska<\/a><\/p>\n\n\n\n<p><a href=\"https:\/\/sbc.org.pl\/dlibra\/results?q=guliwer&amp;action=SimpleSearchAction&amp;type=-6&amp;p=0\" target=\"_blank\" rel=\"noopener\">Guliwer<\/a><\/p>\n\n\n\n<p><a href=\"http:\/\/www.humanizacja-pracy.pl\/witryna\/a2019.htm\" target=\"_blank\" rel=\"noreferrer noopener\">Humanizacja Pracy<\/a>&nbsp;<\/p>\n\n\n\n<p><a href=\"https:\/\/www.scdn.pl\/dzialalnosc-scdn\/inspiracje\" target=\"_blank\" rel=\"noopener\">Inspiracje<\/a><\/p>\n\n\n\n<p><a href=\"http:\/\/www.niepelnosprawni.pl\/ledge\/x\/203891\" target=\"_blank\" rel=\"noreferrer noopener\">Integracja<\/a>&nbsp;<\/p>\n\n\n\n<p><a href=\"https:\/\/pressto.amu.edu.pl\/index.php\/ikps\/index\" target=\"_blank\" rel=\"noopener\">Interdyscyplinarne Konteksty Pedagogiki Specjalnej<\/a><\/p>\n\n\n\n<p><a href=\"http:\/\/jki.amu.edu.pl\/?pl_jezyk-komunikacja-informacja,5\" target=\"_blank\" rel=\"noopener\">J\u0119zyk w Komunikacji<\/a><\/p>\n\n\n\n<p><a href=\"http:\/\/jows.pl\/content\/archiwum\" target=\"_blank\" rel=\"noopener\">J\u0119zyki Obce w Szkole: czasopismo dla nauczycieli: [angielski, francuski, hiszpa\u0144ski, \u0142aci\u0144ski, niemiecki, rosyjski, w\u0142oski]<\/a><\/p>\n\n\n\n<p><a href=\"https:\/\/wmodn.olsztyn.pl\/czasopismo-kajet\/\" target=\"_blank\" rel=\"noopener\">Kajet<\/a><\/p>\n\n\n\n<p><a href=\"http:\/\/www.archiwum.kino.org.pl\/\" target=\"_blank\" rel=\"noopener\">Kino<\/a><\/p>\n\n\n\n<p><a href=\"http:\/\/www.kultura-i-edukacja.pl\/\" target=\"_blank\" rel=\"noreferrer noopener\">Kultura i edukacja<\/a><\/p>\n\n\n\n<p><a href=\"http:\/\/kis.czasopisma.pan.pl\/dlibra\/journal\/99842\" target=\"_blank\" rel=\"noreferrer noopener\">Kultura i spo\u0142ecze\u0144stwo<\/a><a href=\"https:\/\/journals.umcs.pl\/kw\" target=\"_blank\" rel=\"noreferrer noopener\"><\/a><\/p>\n\n\n\n<p><a href=\"https:\/\/journals.umcs.pl\/kw\" target=\"_blank\" rel=\"noreferrer noopener\">Kultura i Warto\u015bci<\/a><a href=\"https:\/\/pressto.amu.edu.pl\/index.php\/kse\/index\" target=\"_blank\" rel=\"noopener\"><\/a><\/p>\n\n\n\n<p><a href=\"https:\/\/pressto.amu.edu.pl\/index.php\/kse\/index\" target=\"_blank\" rel=\"noopener\">Kultura-Spo\u0142ecze\u0144stwo-Edukacja<\/a><\/p>\n\n\n\n<p><a href=\"https:\/\/ke.pcen.pl\/\" target=\"_blank\" rel=\"noreferrer noopener\">Kwartalnik Edukacyjny<\/a><a href=\"http:\/\/www.problemypolitykispolecznej.pl\/\" target=\"_blank\" rel=\"noreferrer noopener\"><\/a><\/p>\n\n\n\n<p><a href=\"http:\/\/www.problemypolitykispolecznej.pl\/\" target=\"_blank\" rel=\"noreferrer noopener\">Problemy polityki spo\u0142ecznej<\/a><\/p>\n\n\n\n<p><a href=\"https:\/\/kwartalnikpedagogiczny.pl\/resources\/html\/articlesList?issueId=12758\" target=\"_blank\" rel=\"noopener\">Kwartalnik Pedagogiczny<\/a><\/p>\n\n\n\n<p><a href=\"http:\/\/www.mediaispoleczenstwo.ath.bielsko.pl\/\" target=\"_blank\" rel=\"noopener\">Media i Spo\u0142ecze\u0144stwo<\/a><\/p>\n\n\n\n<p><a href=\"https:\/\/czasopisma.uwm.edu.pl\/index.php\/mkks\/index\" target=\"_blank\" rel=\"noopener\">Media \u2013 Kultura \u2013 Komunikacja Spo\u0142eczna<\/a><\/p>\n\n\n\n<p><a href=\"https:\/\/czasopisma.ignatianum.edu.pl\/nis\/issue\/view\/103\" target=\"_blank\" rel=\"noopener\">Nauczyciel i Szko\u0142a<\/a><\/p>\n\n\n\n<p><a href=\"http:\/\/kn.pfron.org.pl\/\" target=\"_blank\" rel=\"noopener\">Niepe\u0142nosprawno\u015b\u0107<\/a><\/p>\n\n\n\n<p><a href=\"http:\/\/niepelnosprawnosc.ug.edu.pl\/\" target=\"_blank\" rel=\"noopener\">Niepe\u0142nosprawno\u015b\u0107<\/a><\/p>\n\n\n\n<p><a href=\"http:\/\/hatesz.vot.pl\/logopedia\/strona\/nowa-logopedia\" target=\"_blank\" rel=\"noopener\">Nowa Logopedia<\/a><\/p>\n\n\n\n<p><a href=\"http:\/\/pedagogika-filozoficzna.eu\/?cat=9\" target=\"_blank\" rel=\"noopener\">Pedagogika filozoficzna<\/a><\/p>\n\n\n\n<p><a href=\"http:\/\/pedagogika-rodziny.spoleczna.pl\/\" target=\"_blank\" rel=\"noopener\">Pedagogika Rodziny<\/a><\/p>\n\n\n\n<p><a href=\"http:\/\/pedagogikaspoleczna.com\/o-kwartalniku\/\" target=\"_blank\" rel=\"noopener\">Pedagogika Spo\u0142eczna<\/a><\/p>\n\n\n\n<p><a href=\"https:\/\/problemyopiekunczo-wychowaw.pl\/resources\/html\/archives\" target=\"_blank\" rel=\"noopener\">Problemy Opieku\u0144czo-Wychowawcze<\/a><\/p>\n\n\n\n<p><a href=\"http:\/\/www.problemypolitykispolecznej.pl\/\" target=\"_blank\" rel=\"noreferrer noopener\">Problemy polityki spo\u0142ecznej<\/a><\/p>\n\n\n\n<p><a href=\"http:\/\/pwe.ug.edu.pl\/\" target=\"_blank\" rel=\"noopener\">Problemy Wczesnej Edukacji<\/a><\/p>\n\n\n\n<p><a href=\"http:\/\/www.ptt-terapia.pl\/przeglad-terapeutyczny\/informacje-ogolne\/\" target=\"_blank\" rel=\"noopener\">Przegl\u0105d Terapeutyczny<\/a><\/p>\n\n\n\n<p><a href=\"https:\/\/zg.tpd.org.pl\/pl\/wydawnictwa\/91-pismo-przyjaciel-dziecka.html\" target=\"_blank\" rel=\"noopener\">Przyjaciel Dziecka<\/a><\/p>\n\n\n\n<p><a href=\"http:\/\/www.ejournals.eu\/Psychologia-Rozwojowa\/zakladka\/124\/\" target=\"_blank\" rel=\"noopener\">Psychologia Rozwojowa<\/a><\/p>\n\n\n\n<p><a href=\"http:\/\/e-psychologiawychowawcza.pl\/\" target=\"_blank\" rel=\"noopener\">Psychologia Wychowawcza<\/a><\/p>\n\n\n\n<p><a href=\"http:\/\/www.psychoterapiaptp.pl\/\" target=\"_blank\" rel=\"noopener\">Psychoterapia<\/a><\/p>\n\n\n\n<p><a href=\"http:\/\/refleksje.zcdn.edu.pl\/\" target=\"_blank\" rel=\"noopener\">Refleksje<\/a><\/p>\n\n\n\n<p><a href=\"http:\/\/apcz.umk.pl\/czasopisma\/index.php\/RA\" target=\"_blank\" rel=\"noopener\">Rocznik Andragogiczny<\/a><\/p>\n\n\n\n<p><a href=\"https:\/\/repozytorium.amu.edu.pl\/handle\/10593\/3907\" target=\"_blank\" rel=\"noopener\">Roczniki Socjologii Rodziny<\/a><\/p>\n\n\n\n<p><a href=\"http:\/\/www.wydawnictwo.wsei.eu\/index.php\/sipp\" target=\"_blank\" rel=\"noopener\">Studia i prace pedagogiczne<\/a><\/p>\n\n\n\n<p><a href=\"https:\/\/studiapedagogiczne.ujk.edu.pl\/\" target=\"_blank\" rel=\"noopener\">Studia Pedagogiczne<\/a><\/p>\n\n\n\n<p><a href=\"http:\/\/www.studiapsychologiczne.pl\/\" target=\"_blank\" rel=\"noopener\">Studia Psychologiczne<\/a><\/p>\n\n\n\n<p><a href=\"https:\/\/e-szkolaspecjalna.pl\/resources\/html\/archives\" target=\"_blank\" rel=\"noopener\">Szko\u0142a Specjalna<\/a><\/p>\n\n\n\n<p><a href=\"http:\/\/www.swiatproblemow.pl\/\" target=\"_blank\" rel=\"noopener\">\u015awiat Problem\u00f3w<\/a><\/p>\n\n\n\n<p><a href=\"https:\/\/www.ore.edu.pl\/2015\/04\/o-czasopismie-trendy\/\" target=\"_blank\" rel=\"noopener\">Trendy<\/a><\/p>\n\n\n\n<p><a href=\"https:\/\/www.odnpoznan.pl\/sub,pl,rok2016-2017.html\" target=\"_blank\" rel=\"noopener\">Uczy\u0107 Lepiej<\/a><\/p>\n\n\n\n<p><a href=\"http:\/\/wwr.uni.wroc.pl\/pl\/tl-vol-pl\" target=\"_blank\" rel=\"noopener\">Wychowanie w Rodzinie<\/a><\/p>\n\n\n\n<p><a href=\"http:\/\/www.krakow.janski.edu.pl\/zie\" target=\"_blank\" rel=\"noopener\">Zarz\u0105dzanie i Edukacja<\/a><\/p>\n\n\n\n<p><a href=\"http:\/\/www.ejournals.eu\/ZPS\/zakladka\/277\/\" target=\"_blank\" rel=\"noopener\">Zeszyty Pracy Socjalnej<\/a><\/p>\n","protected":false},"excerpt":{"rendered":"<p>Dost\u0119p do pe\u0142nych tekst\u00f3w czasopism Alkoholizm i Narkomania Autyzm Czasopismo Psychologiczne Cz\u0142owiek Niepe\u0142nosprawno\u015b\u0107 Spo\u0142ecze\u0144stwo Dydaktyka Informatyki Dziecko Krzywdzone: teoria, badania, [&hellip;]<\/p>\n","protected":false},"author":112,"featured_media":0,"parent":0,"menu_order":0,"comment_status":"closed","ping_status":"closed","template":"","meta":{"_acf_changed":false,"_oasis_is_in_workflow":0,"_oasis_original":0,"inline_featured_image":false,"site-sidebar-layout":"default","site-content-layout":"","ast-site-content-layout":"default","site-content-style":"default","site-sidebar-style":"default","ast-global-header-display":"","ast-banner-title-visibility":"","ast-main-header-display":"","ast-hfb-above-header-display":"","ast-hfb-below-header-display":"","ast-hfb-mobile-header-display":"","site-post-title":"","ast-breadcrumbs-content":"","ast-featured-img":"","footer-sml-layout":"","ast-disable-related-posts":"","theme-transparent-header-meta":"","adv-header-id-meta":"","stick-header-meta":"","header-above-stick-meta":"","header-main-stick-meta":"","header-below-stick-meta":"","astra-migrate-meta-layouts":"default","ast-page-background-enabled":"default","ast-page-background-meta":{"desktop":{"background-color":"","background-image":"","background-repeat":"repeat","background-position":"center center","background-size":"auto","background-attachment":"scroll","background-type":"","background-media":"","overlay-type":"","overlay-color":"","overlay-opacity":"","overlay-gradient":""},"tablet":{"background-color":"","background-image":"","background-repeat":"repeat","background-position":"center center","background-size":"auto","background-attachment":"scroll","background-type":"","background-media":"","overlay-type":"","overlay-color":"","overlay-opacity":"","overlay-gradient":""},"mobile":{"background-color":"","background-image":"","background-repeat":"repeat","background-position":"center center","background-size":"auto","background-attachment":"scroll","background-type":"","background-media":"","overlay-type":"","overlay-color":"","overlay-opacity":"","overlay-gradient":""}},"ast-content-background-meta":{"desktop":{"background-color":"var(--ast-global-color-5)","background-image":"","background-repeat":"repeat","background-position":"center center","background-size":"auto","background-attachment":"scroll","background-type":"","background-media":"","overlay-type":"","overlay-color":"","overlay-opacity":"","overlay-gradient":""},"tablet":{"background-color":"var(--ast-global-color-5)","background-image":"","background-repeat":"repeat","background-position":"center center","background-size":"auto","background-attachment":"scroll","background-type":"","background-media":"","overlay-type":"","overlay-color":"","overlay-opacity":"","overlay-gradient":""},"mobile":{"background-color":"var(--ast-global-color-5)","background-image":"","background-repeat":"repeat","background-position":"center center","background-size":"auto","background-attachment":"scroll","background-type":"","background-media":"","overlay-type":"","overlay-color":"","overlay-opacity":"","overlay-gradient":""}},"_themeisle_gutenberg_block_has_review":false,"footnotes":""},"class_list":["post-2078","page","type-page","status-publish","hentry"],"acf":[],"featured_image_urls_v2":{"full":"","thumbnail":"","medium":"","medium_large":"","large":"","1536x1536":"","2048x2048":"","menu-24x24":"","menu-36x36":"","menu-48x48":""},"post_excerpt_stackable_v2":"<p>Dost\u0119p do pe\u0142nych tekst\u00f3w czasopism Alkoholizm i Narkomania Autyzm Czasopismo Psychologiczne Cz\u0142owiek Niepe\u0142nosprawno\u015b\u0107 Spo\u0142ecze\u0144stwo Dydaktyka Informatyki Dziecko Krzywdzone: teoria, badania, praktyka Edukacja Doros\u0142ych Edukacja Elementarna w Teorii i Praktyce Edukacja Etyczna Edukacja Humanistyczna Edukacja Muzyczna Edukacja Otwarta&nbsp; Edukacja Ustawiczna Doros\u0142ych Edukacja. Studia, Badania, Innowacje Folia Toruniensia Forum O\u015bwiatowe Gerontologia Polska Guliwer Humanizacja Pracy&nbsp; Inspiracje Integracja&nbsp; Interdyscyplinarne Konteksty Pedagogiki Specjalnej J\u0119zyk w Komunikacji J\u0119zyki Obce w Szkole: czasopismo dla nauczycieli: [angielski, francuski, hiszpa\u0144ski, \u0142aci\u0144ski, niemiecki, rosyjski, w\u0142oski] Kajet Kino Kultura i edukacja Kultura i spo\u0142ecze\u0144stwo Kultura i Warto\u015bci Kultura-Spo\u0142ecze\u0144stwo-Edukacja Kwartalnik Edukacyjny Problemy polityki spo\u0142ecznej Kwartalnik Pedagogiczny Media i Spo\u0142ecze\u0144stwo Media \u2013&hellip;<\/p>\n","category_list_v2":"","author_info_v2":{"name":"Martyna Zalewska","url":"https:\/\/gostynin.bpplock.pl\/uk\/author\/mprzygodzka\/"},"comments_num_v2":"0 \u043a\u043e\u043c\u0435\u043d\u0442\u0430\u0440\u0456\u0432","_links":{"self":[{"href":"https:\/\/gostynin.bpplock.pl\/uk\/wp-json\/wp\/v2\/pages\/2078","targetHints":{"allow":["GET"]}}],"collection":[{"href":"https:\/\/gostynin.bpplock.pl\/uk\/wp-json\/wp\/v2\/pages"}],"about":[{"href":"https:\/\/gostynin.bpplock.pl\/uk\/wp-json\/wp\/v2\/types\/page"}],"author":[{"embeddable":true,"href":"https:\/\/gostynin.bpplock.pl\/uk\/wp-json\/wp\/v2\/users\/112"}],"replies":[{"embeddable":true,"href":"https:\/\/gostynin.bpplock.pl\/uk\/wp-json\/wp\/v2\/comments?post=2078"}],"version-history":[{"count":5,"href":"https:\/\/gostynin.bpplock.pl\/uk\/wp-json\/wp\/v2\/pages\/2078\/revisions"}],"predecessor-version":[{"id":9979,"href":"https:\/\/gostynin.bpplock.pl\/uk\/wp-json\/wp\/v2\/pages\/2078\/revisions\/9979"}],"wp:attachment":[{"href":"https:\/\/gostynin.bpplock.pl\/uk\/wp-json\/wp\/v2\/media?parent=2078"}],"curies":[{"name":"wp","href":"https:\/\/api.w.org\/{rel}","templated":true}]}}