{"id":4841,"date":"2022-06-27T15:40:31","date_gmt":"2022-06-27T13:40:31","guid":{"rendered":"https:\/\/gostynin.bpplock.pl\/mapa-strony\/"},"modified":"2022-11-07T11:47:10","modified_gmt":"2022-11-07T10:47:10","slug":"mapa-strony","status":"publish","type":"page","link":"https:\/\/gostynin.bpplock.pl\/uk\/mapa-strony\/","title":{"rendered":"\u041a\u0430\u0440\u0442\u0430 \u0441\u0430\u0439\u0442\u0443"},"content":{"rendered":"<ul class=\"wp-block-page-list\"><li class=\"wp-block-pages-list__item\"><a class=\"wp-block-pages-list__item__link\" href=\"https:\/\/gostynin.bpplock.pl\/uk\/czasopisma-dla-nauczycieli-ktorych-pelne-tresci-dostepne-sa-on-line\/\">Czasopisma dla nauczycieli, kt\u00f3rych pe\u0142ne tre\u015bci dost\u0119pne s\u0105 on-line<\/a><\/li><li class=\"wp-block-pages-list__item\"><a class=\"wp-block-pages-list__item__link\" href=\"https:\/\/gostynin.bpplock.pl\/uk\/czasopisma-prenumerowane-2021\/\">Czasopisma prenumerowane w 2024 r.<\/a><\/li><li class=\"wp-block-pages-list__item\"><a class=\"wp-block-pages-list__item__link\" href=\"https:\/\/gostynin.bpplock.pl\/uk\/czytelnia-wraz-pracownia-komputerowa\/\">Czytelnia z pracowni\u0105 komputerow\u0105<\/a><\/li><li class=\"wp-block-pages-list__item\"><a class=\"wp-block-pages-list__item__link\" href=\"https:\/\/gostynin.bpplock.pl\/uk\/rodo\/\">GDPR<\/a><\/li><li class=\"wp-block-pages-list__item\"><a class=\"wp-block-pages-list__item__link\" href=\"https:\/\/gostynin.bpplock.pl\/uk\/gromadzenie-i-opracowanie-zbiorow\/\">Gromadzenie i Opracowanie Zbior\u00f3w<\/a><\/li><li class=\"wp-block-pages-list__item\"><a class=\"wp-block-pages-list__item__link\" href=\"https:\/\/gostynin.bpplock.pl\/uk\/ibuk-libra-filmy-instruktazowe-zestawienia-bibliograficzne\/\">IBUK Libra, filmy instrukta\u017cowe, zestawienia bibliograficzne<\/a><\/li><li class=\"wp-block-pages-list__item\"><a class=\"wp-block-pages-list__item__link\" href=\"https:\/\/gostynin.bpplock.pl\/uk\/https-libra-ibuk-pl-pomoc\/\">Instrukcja korzystania z katalogu IBUK Libra<\/a><\/li><li class=\"wp-block-pages-list__item\"><a class=\"wp-block-pages-list__item__link\" href=\"https:\/\/gostynin.bpplock.pl\/uk\/instrukcja-korzystania-z-katalogu-integro\/\">Instrukcja korzystania z katalogu INTEGRO<\/a><\/li><li class=\"wp-block-pages-list__item\"><a class=\"wp-block-pages-list__item__link\" href=\"https:\/\/gostynin.bpplock.pl\/uk\/klasy-4-8\/\">Klasy 4 &#8211; 8<\/a><\/li><li class=\"wp-block-pages-list__item\"><a class=\"wp-block-pages-list__item__link\" href=\"https:\/\/gostynin.bpplock.pl\/uk\/klauzula-informacyjna\/\">Klauzula informacyjna<\/a><\/li><li class=\"wp-block-pages-list__item\"><a class=\"wp-block-pages-list__item__link\" href=\"https:\/\/gostynin.bpplock.pl\/uk\/konkursy\/\">Konkursy<\/a><\/li><li class=\"wp-block-pages-list__item\"><a class=\"wp-block-pages-list__item__link\" href=\"https:\/\/gostynin.bpplock.pl\/uk\/materialy-udostepnione-calkowicie-bezplatnie-na-czas-zawieszenia-zajec-dydaktyczno-wychowawczych-w-szkolach\/\">Materia\u0142y udost\u0119pnione ca\u0142kowicie bezp\u0142atnie na czas zawieszenia zaj\u0119\u0107 dydaktyczno- wychowawczych w szko\u0142ach<\/a><\/li><li class=\"wp-block-pages-list__item\"><a class=\"wp-block-pages-list__item__link\" href=\"https:\/\/gostynin.bpplock.pl\/uk\/nadzor-pedagogiczny-wiecej-artykulow\/\">Nadz\u00f3r pedagogiczny wi\u0119cej artyku\u0142\u00f3w<\/a><\/li><li class=\"wp-block-pages-list__item\"><a class=\"wp-block-pages-list__item__link\" href=\"https:\/\/gostynin.bpplock.pl\/uk\/narzedzia-tik\/\">Narz\u0119dzia TIK<\/a><\/li><li class=\"wp-block-pages-list__item\"><a class=\"wp-block-pages-list__item__link\" href=\"https:\/\/gostynin.bpplock.pl\/uk\/obsluga\/\">Obs\u0142uga<\/a><\/li><li class=\"wp-block-pages-list__item\"><a class=\"wp-block-pages-list__item__link\" href=\"https:\/\/gostynin.bpplock.pl\/uk\/platformy-i-serwisy-przydatne-w-ksztalceniu-na-odleglosc\/\">Platformy i serwisy przydatne w kszta\u0142ceniu na odleg\u0142o\u015b\u0107<\/a><\/li><li class=\"wp-block-pages-list__item\"><a class=\"wp-block-pages-list__item__link\" href=\"https:\/\/gostynin.bpplock.pl\/uk\/potwierdzenie-realizacji\/\">Potwierdzenie realizacji<\/a><\/li><li class=\"wp-block-pages-list__item\"><a class=\"wp-block-pages-list__item__link\" href=\"https:\/\/gostynin.bpplock.pl\/uk\/prawa-autorskie-w-czasie-pandemii\/\">Prawa autorskie w czasie pandemii<\/a><\/li><li class=\"wp-block-pages-list__item\"><a class=\"wp-block-pages-list__item__link\" href=\"https:\/\/gostynin.bpplock.pl\/uk\/procedura-covid-19\/\">Procedura COVID 19<\/a><\/li><li class=\"wp-block-pages-list__item\"><a class=\"wp-block-pages-list__item__link\" href=\"https:\/\/gostynin.bpplock.pl\/uk\/regulamin-udostepniania\/\">Regulamin udost\u0119pniania<\/a><\/li><li class=\"wp-block-pages-list__item has-child\"><a class=\"wp-block-pages-list__item__link\" href=\"https:\/\/gostynin.bpplock.pl\/uk\/scenariusze-lekcji-do-wykorzystania-w-edukacji-zdalnej\/\">Scenariusze lekcji do wykorzystania w edukacji zdalnej<\/a><ul class=\"wp-block-navigation__submenu-container\"><li class=\"wp-block-pages-list__item has-child \"><a class=\"wp-block-pages-list__item__link\" href=\"https:\/\/gostynin.bpplock.pl\/uk\/scenariusze-lekcji-do-wykorzystania-w-edukacji-zdalnej\/szkoly-podstawowe\/\">Szko\u0142y podstawowe<\/a><ul class=\"wp-block-navigation__submenu-container\"><li class=\"wp-block-pages-list__item \"><a class=\"wp-block-pages-list__item__link\" href=\"https:\/\/gostynin.bpplock.pl\/uk\/scenariusze-lekcji-do-wykorzystania-w-edukacji-zdalnej\/szkoly-podstawowe\/klasy-1-3\/\">Klasy 1 &#8211; 3<\/a><\/li><\/ul><\/li><\/ul><\/li><li class=\"wp-block-pages-list__item\"><a class=\"wp-block-pages-list__item__link\" href=\"https:\/\/gostynin.bpplock.pl\/uk\/sieci-wspolpracy\/\">Sieci wsp\u00f3\u0142pracy<\/a><\/li><li class=\"wp-block-pages-list__item\"><a class=\"wp-block-pages-list__item__link\" href=\"https:\/\/gostynin.bpplock.pl\/uk\/skany\/\">SKANY<\/a><\/li><li class=\"wp-block-pages-list__item\"><a class=\"wp-block-pages-list__item__link\" href=\"https:\/\/gostynin.bpplock.pl\/uk\/sprawdz\/\">Sprawd\u017a<\/a><\/li><li class=\"wp-block-pages-list__item\"><a class=\"wp-block-pages-list__item__link\" href=\"https:\/\/gostynin.bpplock.pl\/uk\/standardy-ochrony-maloletnich\/\">Standardy Ochrony Ma\u0142oletnich<\/a><\/li><li class=\"wp-block-pages-list__item\"><a class=\"wp-block-pages-list__item__link\" href=\"https:\/\/gostynin.bpplock.pl\/uk\/strona-kursow\/\">Strona kurs\u00f3w<\/a><\/li><li class=\"wp-block-pages-list__item\"><a class=\"wp-block-pages-list__item__link\" href=\"https:\/\/gostynin.bpplock.pl\/uk\/szkoly-ponadpodstawowe\/\">Szko\u0142y ponadpodstawowe<\/a><\/li><li class=\"wp-block-pages-list__item\"><a class=\"wp-block-pages-list__item__link\" href=\"https:\/\/gostynin.bpplock.pl\/uk\/wydarzenia\/\">Wydarzenia<\/a><\/li><li class=\"wp-block-pages-list__item\"><a class=\"wp-block-pages-list__item__link\" href=\"https:\/\/gostynin.bpplock.pl\/uk\/wypozyczalnia\/\">Wypo\u017cyczalnia<\/a><\/li><li class=\"wp-block-pages-list__item\"><a class=\"wp-block-pages-list__item__link\" href=\"https:\/\/gostynin.bpplock.pl\/uk\/zgoda-na-otrzymywanie-wiadomosci-zwiazanych-z-wydarzeniami-i-wideokonferencjami\/\">Zgoda na otrzymywanie wiadomo\u015bci zwi\u0105zanych z wydarzeniami i wideokonferencjami<\/a><\/li><li class=\"wp-block-pages-list__item\"><a class=\"wp-block-pages-list__item__link\" href=\"https:\/\/gostynin.bpplock.pl\/uk\/deklaracja-dostepnosci\/\">\u0414\u0435\u043a\u043b\u0430\u0440\u0430\u0446\u0456\u044f \u0434\u043e\u0441\u0442\u0443\u043f\u043d\u043e\u0441\u0442\u0456<\/a><\/li><li class=\"wp-block-pages-list__item\"><a class=\"wp-block-pages-list__item__link\" href=\"https:\/\/gostynin.bpplock.pl\/uk\/edukacja-zdalna\/\">\u0414\u0438\u0441\u0442\u0430\u043d\u0446\u0456\u0439\u043d\u0435 \u043d\u0430\u0432\u0447\u0430\u043d\u043d\u044f<\/a><\/li><li class=\"wp-block-pages-list__item\"><a class=\"wp-block-pages-list__item__link\" href=\"https:\/\/gostynin.bpplock.pl\/uk\/zajecia\/\">\u0414\u0456\u044f\u043b\u044c\u043d\u0456\u0441\u0442\u044c<\/a><\/li><li class=\"wp-block-pages-list__item\"><a class=\"wp-block-pages-list__item__link\" href=\"https:\/\/gostynin.bpplock.pl\/uk\/dzialalnosc-i-zadania\/\">\u0414\u0456\u044f\u043b\u044c\u043d\u0456\u0441\u0442\u044c \u0456 \u0437\u0430\u0432\u0434\u0430\u043d\u043d\u044f<\/a><\/li><li class=\"wp-block-pages-list__item menu-item-home\"><a class=\"wp-block-pages-list__item__link\" href=\"https:\/\/gostynin.bpplock.pl\/uk\/\">\u0434\u043e\u0434\u043e\u043c\u0443<\/a><\/li><li class=\"wp-block-pages-list__item\"><a class=\"wp-block-pages-list__item__link\" href=\"https:\/\/gostynin.bpplock.pl\/uk\/czasopisma\/\">\u0416\u0443\u0440\u043d\u0430\u043b\u0438<\/a><\/li><li class=\"wp-block-pages-list__item\"><a class=\"wp-block-pages-list__item__link\" href=\"https:\/\/gostynin.bpplock.pl\/uk\/register\/\">\u0437\u0430\u0440\u0435\u0454\u0441\u0442\u0440\u0443\u0432\u0430\u0442\u0438\u0441\u044f<\/a><\/li><li class=\"wp-block-pages-list__item\"><a class=\"wp-block-pages-list__item__link\" href=\"https:\/\/gostynin.bpplock.pl\/uk\/newsletter\/\">\u0406\u043d\u0444\u043e\u0440\u043c\u0430\u0446\u0456\u0439\u043d\u0438\u0439 \u0431\u044e\u043b\u0435\u0442\u0435\u043d\u044c<\/a><\/li><li class=\"wp-block-pages-list__item\"><a class=\"wp-block-pages-list__item__link\" href=\"https:\/\/gostynin.bpplock.pl\/uk\/newsletter-2\/\">\u0406\u043d\u0444\u043e\u0440\u043c\u0430\u0446\u0456\u0439\u043d\u0438\u0439 \u0431\u044e\u043b\u0435\u0442\u0435\u043d\u044c<\/a><\/li><li class=\"wp-block-pages-list__item\"><a class=\"wp-block-pages-list__item__link\" href=\"https:\/\/gostynin.bpplock.pl\/uk\/historia\/\">\u0456\u0441\u0442\u043e\u0440\u0456\u044f<\/a><\/li><li class=\"wp-block-pages-list__item\"><a class=\"wp-block-pages-list__item__link\" href=\"https:\/\/gostynin.bpplock.pl\/uk\/mapa-strony\/\">\u041a\u0430\u0440\u0442\u0430 \u0441\u0430\u0439\u0442\u0443<\/a><\/li><li class=\"wp-block-pages-list__item\"><a class=\"wp-block-pages-list__item__link\" href=\"https:\/\/gostynin.bpplock.pl\/uk\/kontakt\/\">\u041a\u043e\u043d\u0442\u0430\u043a\u0442\u0438<\/a><\/li><li class=\"wp-block-pages-list__item\"><a class=\"wp-block-pages-list__item__link\" href=\"https:\/\/gostynin.bpplock.pl\/uk\/przydatne-linki\/\">\u041a\u043e\u0440\u0438\u0441\u043d\u0456 \u043f\u043e\u0441\u0438\u043b\u0430\u043d\u043d\u044f<\/a><\/li><li class=\"wp-block-pages-list__item\"><a class=\"wp-block-pages-list__item__link\" href=\"https:\/\/gostynin.bpplock.pl\/uk\/aktualnosci\/\">\u041d\u043e\u0432\u0438\u043d\u0438<\/a><\/li><li class=\"wp-block-pages-list__item\"><a class=\"wp-block-pages-list__item__link\" href=\"https:\/\/gostynin.bpplock.pl\/uk\/nadzor-pedagogiczny\/\">\u041f\u0435\u0434\u0430\u0433\u043e\u0433\u0456\u0447\u043d\u0438\u0439 \u043d\u0430\u0433\u043b\u044f\u0434<\/a><\/li><li class=\"wp-block-pages-list__item\"><a class=\"wp-block-pages-list__item__link\" href=\"https:\/\/gostynin.bpplock.pl\/uk\/przegladanie-zgloszen\/\">\u041f\u0435\u0440\u0435\u0433\u043b\u044f\u0434 \u0437\u0432\u0456\u0442\u0456\u0432<\/a><\/li><li class=\"wp-block-pages-list__item\"><a class=\"wp-block-pages-list__item__link\" href=\"https:\/\/gostynin.bpplock.pl\/uk\/zgloszenie-potwierdzone\/\">\u041f\u043e\u0432\u0456\u0434\u043e\u043c\u043b\u0435\u043d\u043d\u044f \u043f\u0456\u0434\u0442\u0432\u0435\u0440\u0434\u0436\u0435\u043d\u0435<\/a><\/li><li class=\"wp-block-pages-list__item\"><a class=\"wp-block-pages-list__item__link\" href=\"https:\/\/gostynin.bpplock.pl\/uk\/patroni-roku\/\">\u041f\u043e\u043a\u0440\u043e\u0432\u0438\u0442\u0435\u043b\u0456 \u0440\u043e\u043a\u0443<\/a><\/li><li class=\"wp-block-pages-list__item\"><a class=\"wp-block-pages-list__item__link\" href=\"https:\/\/gostynin.bpplock.pl\/uk\/%d0%bf%d0%be%d0%bb%d0%b8%d1%82%d0%b8%d0%ba%d0%b0-%d0%ba%d0%be%d0%bd%d1%84%d0%b8%d0%b4%d0%b5%d0%bd%d1%86%d0%b8%d0%b0%d0%bb%d1%8c%d0%bd%d0%be%d1%81%d1%82%d0%b8\/\">\u041f\u043e\u043b\u0456\u0442\u0438\u043a\u0430 \u043a\u043e\u043d\u0444\u0456\u0434\u0435\u043d\u0446\u0456\u0439\u043d\u043e\u0441\u0442\u0456<\/a><\/li><li class=\"wp-block-pages-list__item has-child\"><a class=\"wp-block-pages-list__item__link\" href=\"https:\/\/gostynin.bpplock.pl\/uk\/user-profile\/\">\u041f\u0440\u043e\u0444\u0456\u043b\u044c \u043a\u043e\u0440\u0438\u0441\u0442\u0443\u0432\u0430\u0447\u0430<\/a><ul class=\"wp-block-navigation__submenu-container\"><li class=\"wp-block-pages-list__item has-child \"><a class=\"wp-block-pages-list__item__link\" href=\"https:\/\/gostynin.bpplock.pl\/uk\/user-profile\/my-profile\/\">\u041c\u0456\u0439 \u043f\u0440\u043e\u0444\u0456\u043b\u044c<\/a><ul class=\"wp-block-navigation__submenu-container\"><li class=\"wp-block-pages-list__item \"><a class=\"wp-block-pages-list__item__link\" href=\"https:\/\/gostynin.bpplock.pl\/uk\/user-profile\/my-profile\/edit-profile\/\">\u0420\u0435\u0434\u0430\u0433\u0443\u0432\u0430\u0442\u0438 \u043f\u0440\u043e\u0444\u0456\u043b\u044c<\/a><\/li><\/ul><\/li><li class=\"wp-block-pages-list__item \"><a class=\"wp-block-pages-list__item__link\" href=\"https:\/\/gostynin.bpplock.pl\/uk\/user-profile\/my-library-lists\/\">\u041c\u043e\u0457 \u0431\u0456\u0431\u043b\u0456\u043e\u0442\u0435\u0447\u043d\u0456 \u0441\u043f\u0438\u0441\u043a\u0438<\/a><\/li><li class=\"wp-block-pages-list__item \"><a class=\"wp-block-pages-list__item__link\" href=\"https:\/\/gostynin.bpplock.pl\/uk\/user-profile\/my-library-lessons\/\">\u041c\u043e\u0457 \u0431\u0456\u0431\u043b\u0456\u043e\u0442\u0435\u0447\u043d\u0456 \u0443\u0440\u043e\u043a\u0438<\/a><\/li><li class=\"wp-block-pages-list__item \"><a class=\"wp-block-pages-list__item__link\" href=\"https:\/\/gostynin.bpplock.pl\/uk\/user-profile\/my-exhibitions\/\">\u041c\u043e\u0457 \u0432\u0438\u0441\u0442\u0430\u0432\u043a\u0438<\/a><\/li><li class=\"wp-block-pages-list__item \"><a class=\"wp-block-pages-list__item__link\" href=\"https:\/\/gostynin.bpplock.pl\/uk\/user-profile\/my-videoconferences\/\">\u041c\u043e\u0457 \u0432\u0456\u0434\u0435\u043e\u043a\u043e\u043d\u0444\u0435\u0440\u0435\u043d\u0446\u0456\u0457<\/a><\/li><li class=\"wp-block-pages-list__item \"><a class=\"wp-block-pages-list__item__link\" href=\"https:\/\/gostynin.bpplock.pl\/uk\/user-profile\/my-inquiries\/\">\u041c\u043e\u0457 \u0437\u0430\u043f\u0438\u0442\u0438<\/a><\/li><li class=\"wp-block-pages-list__item \"><a class=\"wp-block-pages-list__item__link\" href=\"https:\/\/gostynin.bpplock.pl\/uk\/user-profile\/my-courses\/\">\u041c\u043e\u0457 \u043a\u0443\u0440\u0441\u0438<\/a><\/li><li class=\"wp-block-pages-list__item \"><a class=\"wp-block-pages-list__item__link\" href=\"https:\/\/gostynin.bpplock.pl\/uk\/user-profile\/my-news\/\">\u041c\u043e\u0457 \u043d\u043e\u0432\u0438\u043d\u0438<\/a><\/li><li class=\"wp-block-pages-list__item \"><a class=\"wp-block-pages-list__item__link\" href=\"https:\/\/gostynin.bpplock.pl\/uk\/user-profile\/my-events\/\">\u041c\u043e\u0457 \u043f\u043e\u0434\u0456\u0457<\/a><\/li><li class=\"wp-block-pages-list__item \"><a class=\"wp-block-pages-list__item__link\" href=\"https:\/\/gostynin.bpplock.pl\/uk\/user-profile\/my-errors\/\">\u041c\u043e\u0457 \u043f\u043e\u043c\u0438\u043b\u043a\u0438<\/a><\/li><li class=\"wp-block-pages-list__item \"><a class=\"wp-block-pages-list__item__link\" href=\"https:\/\/gostynin.bpplock.pl\/uk\/user-profile\/my-practices\/\">\u041c\u043e\u0457 \u043f\u0440\u0430\u043a\u0442\u0438\u043a\u0438<\/a><\/li><li class=\"wp-block-pages-list__item \"><a class=\"wp-block-pages-list__item__link\" href=\"https:\/\/gostynin.bpplock.pl\/uk\/user-profile\/my-purchase-suggestions\/\">\u041c\u043e\u0457 \u043f\u0440\u043e\u043f\u043e\u0437\u0438\u0446\u0456\u0457 \u0449\u043e\u0434\u043e \u043f\u043e\u043a\u0443\u043f\u043a\u0438<\/a><\/li><li class=\"wp-block-pages-list__item \"><a class=\"wp-block-pages-list__item__link\" href=\"https:\/\/gostynin.bpplock.pl\/uk\/user-profile\/my-scans\/\">\u041c\u043e\u0457 \u0441\u043a\u0430\u043d\u0438<\/a><\/li><li class=\"wp-block-pages-list__item \"><a class=\"wp-block-pages-list__item__link\" href=\"https:\/\/gostynin.bpplock.pl\/uk\/user-profile\/my-complaints-and-requests\/\">\u041c\u043e\u0457 \u0441\u043a\u0430\u0440\u0433\u0438 \u0442\u0430 \u043f\u0440\u043e\u0445\u0430\u043d\u043d\u044f<\/a><\/li><li class=\"wp-block-pages-list__item \"><a class=\"wp-block-pages-list__item__link\" href=\"https:\/\/gostynin.bpplock.pl\/uk\/user-profile\/my-articles\/\">\u041c\u043e\u0457 \u0441\u0442\u0430\u0442\u0442\u0456<\/a><\/li><li class=\"wp-block-pages-list__item \"><a class=\"wp-block-pages-list__item__link\" href=\"https:\/\/gostynin.bpplock.pl\/uk\/user-profile\/my-consent\/\">\u041c\u043e\u044f \u0437\u0433\u043e\u0434\u0430<\/a><\/li><\/ul><\/li><li class=\"wp-block-pages-list__item\"><a class=\"wp-block-pages-list__item__link\" href=\"https:\/\/gostynin.bpplock.pl\/uk\/zestawienia\/\">\u0420\u0435\u0437\u044e\u043c\u0435<\/a><\/li><li class=\"wp-block-pages-list__item\"><a class=\"wp-block-pages-list__item__link\" href=\"https:\/\/gostynin.bpplock.pl\/uk\/pracownicy\/\">\u0420\u043e\u0431\u0456\u0442\u043d\u0438\u043a\u0438<\/a><\/li><li class=\"wp-block-pages-list__item\"><a class=\"wp-block-pages-list__item__link\" href=\"https:\/\/gostynin.bpplock.pl\/uk\/regulamin\/\">\u0421\u0442\u0430\u0442\u0443\u0442<\/a><\/li><li class=\"wp-block-pages-list__item\"><a class=\"wp-block-pages-list__item__link\" href=\"https:\/\/gostynin.bpplock.pl\/uk\/struktura\/\">\u0421\u0442\u0440\u0443\u043a\u0442\u0443\u0440\u0430<\/a><\/li><li class=\"wp-block-pages-list__item\"><a class=\"wp-block-pages-list__item__link\" href=\"https:\/\/gostynin.bpplock.pl\/uk\/log-in\/\">\u0443\u0432\u0456\u0439\u0442\u0438<\/a><\/li><\/ul>","protected":false},"excerpt":{"rendered":"","protected":false},"author":110,"featured_media":0,"parent":0,"menu_order":0,"comment_status":"closed","ping_status":"closed","template":"","meta":{"_acf_changed":false,"_oasis_is_in_workflow":0,"_oasis_original":0,"inline_featured_image":false,"site-sidebar-layout":"default","site-content-layout":"","ast-site-content-layout":"default","site-content-style":"default","site-sidebar-style":"default","ast-global-header-display":"","ast-banner-title-visibility":"","ast-main-header-display":"","ast-hfb-above-header-display":"","ast-hfb-below-header-display":"","ast-hfb-mobile-header-display":"","site-post-title":"","ast-breadcrumbs-content":"","ast-featured-img":"","footer-sml-layout":"","ast-disable-related-posts":"","theme-transparent-header-meta":"","adv-header-id-meta":"","stick-header-meta":"","header-above-stick-meta":"","header-main-stick-meta":"","header-below-stick-meta":"","astra-migrate-meta-layouts":"default","ast-page-background-enabled":"default","ast-page-background-meta":{"desktop":{"background-color":"","background-image":"","background-repeat":"repeat","background-position":"center center","background-size":"auto","background-attachment":"scroll","background-type":"","background-media":"","overlay-type":"","overlay-color":"","overlay-opacity":"","overlay-gradient":""},"tablet":{"background-color":"","background-image":"","background-repeat":"repeat","background-position":"center center","background-size":"auto","background-attachment":"scroll","background-type":"","background-media":"","overlay-type":"","overlay-color":"","overlay-opacity":"","overlay-gradient":""},"mobile":{"background-color":"","background-image":"","background-repeat":"repeat","background-position":"center center","background-size":"auto","background-attachment":"scroll","background-type":"","background-media":"","overlay-type":"","overlay-color":"","overlay-opacity":"","overlay-gradient":""}},"ast-content-background-meta":{"desktop":{"background-color":"var(--ast-global-color-5)","background-image":"","background-repeat":"repeat","background-position":"center center","background-size":"auto","background-attachment":"scroll","background-type":"","background-media":"","overlay-type":"","overlay-color":"","overlay-opacity":"","overlay-gradient":""},"tablet":{"background-color":"var(--ast-global-color-5)","background-image":"","background-repeat":"repeat","background-position":"center center","background-size":"auto","background-attachment":"scroll","background-type":"","background-media":"","overlay-type":"","overlay-color":"","overlay-opacity":"","overlay-gradient":""},"mobile":{"background-color":"var(--ast-global-color-5)","background-image":"","background-repeat":"repeat","background-position":"center center","background-size":"auto","background-attachment":"scroll","background-type":"","background-media":"","overlay-type":"","overlay-color":"","overlay-opacity":"","overlay-gradient":""}},"_themeisle_gutenberg_block_has_review":false,"footnotes":""},"class_list":["post-4841","page","type-page","status-publish","hentry"],"acf":[],"featured_image_urls_v2":{"full":"","thumbnail":"","medium":"","medium_large":"","large":"","1536x1536":"","2048x2048":"","menu-24x24":"","menu-36x36":"","menu-48x48":""},"post_excerpt_stackable_v2":"<p>Czasopisma dla nauczycieli, kt\u00f3rych pe\u0142ne tre\u015bci dost\u0119pne s\u0105 on-lineCzasopisma prenumerowane w 2024 r.Czytelnia z pracowni\u0105 komputerow\u0105GDPRGromadzenie i Opracowanie Zbior\u00f3wIBUK Libra, filmy instrukta\u017cowe, zestawienia bibliograficzneInstrukcja korzystania z katalogu IBUK LibraInstrukcja korzystania z katalogu INTEGROKlasy 4 &#8211; 8Klauzula informacyjnaKonkursyMateria\u0142y udost\u0119pnione ca\u0142kowicie bezp\u0142atnie na czas zawieszenia zaj\u0119\u0107 dydaktyczno- wychowawczych w szko\u0142achNadz\u00f3r pedagogiczny wi\u0119cej artyku\u0142\u00f3wNarz\u0119dzia TIKObs\u0142ugaPlatformy i serwisy przydatne w kszta\u0142ceniu na odleg\u0142o\u015b\u0107Potwierdzenie realizacjiPrawa autorskie w czasie pandemiiProcedura COVID 19Regulamin udost\u0119pnianiaScenariusze lekcji do wykorzystania w edukacji zdalnejSzko\u0142y podstawoweKlasy 1 &#8211; 3Sieci wsp\u00f3\u0142pracySKANYSprawd\u017aStandardy Ochrony Ma\u0142oletnichStrona kurs\u00f3wSzko\u0142y ponadpodstawoweWydarzeniaWypo\u017cyczalniaZgoda na otrzymywanie wiadomo\u015bci zwi\u0105zanych z wydarzeniami i wideokonferencjami\u0414\u0435\u043a\u043b\u0430\u0440\u0430\u0446\u0456\u044f \u0434\u043e\u0441\u0442\u0443\u043f\u043d\u043e\u0441\u0442\u0456\u0414\u0438\u0441\u0442\u0430\u043d\u0446\u0456\u0439\u043d\u0435 \u043d\u0430\u0432\u0447\u0430\u043d\u043d\u044f\u0414\u0456\u044f\u043b\u044c\u043d\u0456\u0441\u0442\u044c\u0414\u0456\u044f\u043b\u044c\u043d\u0456\u0441\u0442\u044c \u0456 \u0437\u0430\u0432\u0434\u0430\u043d\u043d\u044f\u0434\u043e\u0434\u043e\u043c\u0443\u0416\u0443\u0440\u043d\u0430\u043b\u0438\u0437\u0430\u0440\u0435\u0454\u0441\u0442\u0440\u0443\u0432\u0430\u0442\u0438\u0441\u044f\u0406\u043d\u0444\u043e\u0440\u043c\u0430\u0446\u0456\u0439\u043d\u0438\u0439 \u0431\u044e\u043b\u0435\u0442\u0435\u043d\u044c\u0406\u043d\u0444\u043e\u0440\u043c\u0430\u0446\u0456\u0439\u043d\u0438\u0439 \u0431\u044e\u043b\u0435\u0442\u0435\u043d\u044c\u0456\u0441\u0442\u043e\u0440\u0456\u044f\u041a\u0430\u0440\u0442\u0430 \u0441\u0430\u0439\u0442\u0443\u041a\u043e\u043d\u0442\u0430\u043a\u0442\u0438\u041a\u043e\u0440\u0438\u0441\u043d\u0456 \u043f\u043e\u0441\u0438\u043b\u0430\u043d\u043d\u044f\u041d\u043e\u0432\u0438\u043d\u0438\u041f\u0435\u0434\u0430\u0433\u043e\u0433\u0456\u0447\u043d\u0438\u0439 \u043d\u0430\u0433\u043b\u044f\u0434\u041f\u0435\u0440\u0435\u0433\u043b\u044f\u0434 \u0437\u0432\u0456\u0442\u0456\u0432\u041f\u043e\u0432\u0456\u0434\u043e\u043c\u043b\u0435\u043d\u043d\u044f&hellip;<\/p>\n","category_list_v2":"","author_info_v2":{"name":"","url":"https:\/\/gostynin.bpplock.pl\/uk\/author\/"},"comments_num_v2":"0 \u043a\u043e\u043c\u0435\u043d\u0442\u0430\u0440\u0456\u0432","_links":{"self":[{"href":"https:\/\/gostynin.bpplock.pl\/uk\/wp-json\/wp\/v2\/pages\/4841","targetHints":{"allow":["GET"]}}],"collection":[{"href":"https:\/\/gostynin.bpplock.pl\/uk\/wp-json\/wp\/v2\/pages"}],"about":[{"href":"https:\/\/gostynin.bpplock.pl\/uk\/wp-json\/wp\/v2\/types\/page"}],"author":[{"embeddable":true,"href":"https:\/\/gostynin.bpplock.pl\/uk\/wp-json\/wp\/v2\/users\/110"}],"replies":[{"embeddable":true,"href":"https:\/\/gostynin.bpplock.pl\/uk\/wp-json\/wp\/v2\/comments?post=4841"}],"version-history":[{"count":2,"href":"https:\/\/gostynin.bpplock.pl\/uk\/wp-json\/wp\/v2\/pages\/4841\/revisions"}],"predecessor-version":[{"id":5024,"href":"https:\/\/gostynin.bpplock.pl\/uk\/wp-json\/wp\/v2\/pages\/4841\/revisions\/5024"}],"wp:attachment":[{"href":"https:\/\/gostynin.bpplock.pl\/uk\/wp-json\/wp\/v2\/media?parent=4841"}],"curies":[{"name":"wp","href":"https:\/\/api.w.org\/{rel}","templated":true}]}}