{"id":4844,"date":"2021-11-25T10:04:18","date_gmt":"2021-11-25T09:04:18","guid":{"rendered":"https:\/\/gostynin.bpplock.pl\/czasopisma\/"},"modified":"2022-11-07T11:45:30","modified_gmt":"2022-11-07T10:45:30","slug":"czasopisma","status":"publish","type":"page","link":"https:\/\/gostynin.bpplock.pl\/uk\/czasopisma\/","title":{"rendered":"\u0416\u0443\u0440\u043d\u0430\u043b\u0438"},"content":{"rendered":"\n<h2 class=\"wp-block-heading\">Czasopisma prenumerowane 2021<\/h2>\n\n\n\n<div class=\"wp-block-columns is-layout-flex wp-container-core-columns-is-layout-28f84493 wp-block-columns-is-layout-flex\">\n<div class=\"wp-block-column is-layout-flow wp-block-column-is-layout-flow\" style=\"flex-basis:66.66%\">\n<p>Czasopisma prenumerowane b\u0105d\u017a otrzymywane przez Bibliotek\u0119 Pedagogiczn\u0105 w P\u0142ocku w 2021 r.<\/p>\n<\/div>\n\n\n\n<div class=\"wp-block-column is-layout-flow wp-block-column-is-layout-flow\" style=\"flex-basis:33.33%\">\n<p class=\"has-medium-font-size\"><strong><a href=\"https:\/\/gostynin.bpplock.pl\/czasopisma-prenumerowane-2021\/\">Czytaj wi\u0119cej&#8230;<\/a><\/strong><\/p>\n<\/div>\n<\/div>\n\n\n\n<h2 class=\"wp-block-heading\">Czasopisma<\/h2>\n\n\n\n<p>Poni\u017cszy wykaz zawiera czasopisma posiadane przez BP w P\u0142ocku i jej filie w&nbsp;Gostyninie. Posiadamy obecnie 263 tytu\u0142y i prenumerujemy rocznie 62 tytu\u0142y czasopism. Gromadzimy wi\u0119kszo\u015b\u0107 tytu\u0142\u00f3w czasopism pedagogicznych, metodycznych i&nbsp;psychologicznych o zasi\u0119gu og\u00f3lnokrajowym, selekcyjnie wybrane tytu\u0142y periodyk\u00f3w socjologicznych, spo\u0142ecznych, tytu\u0142y z zakresu informacji naukowej i bibliotekarstwa.<\/p>\n\n\n\n<p>&nbsp;&nbsp;&nbsp;&nbsp;&nbsp;&nbsp;&nbsp;&nbsp;&nbsp;&nbsp;&nbsp; Wymienione czasopisma dost\u0119pne s\u0105 w czytelniach naszych Bibliotek. Tytu\u0142y znajduj\u0105ce si\u0119 w danej bibliotece zaznaczone s\u0105 znakiem X w odpowiedniej rubryce. W celu u\u0142atwienia wyszukiwania danego tytu\u0142u w poni\u017cszej prezentacji zosta\u0142 zamieszczony spis tre\u015bci. Poszczeg\u00f3lne litery alfabetu to linki przekierowuj\u0105ce u\u017cytkownika do danego slajdu zawieraj\u0105cego zas\u00f3b danego czasopisma. Dodatkowo, za pomoc\u0105 legendy kolorystycznej zosta\u0142 wyodr\u0119bniony podzia\u0142 na czasopisma aktualne i archiwalne.<\/p>\n\n\n\n<p class=\"has-text-align-center has-medium-font-size\"><strong><a href=\"https:\/\/gostynin.bpplock.pl\/wp-content\/uploads\/sites\/30\/2021\/11\/prezentacja_czasopismBP2021.pdf\" target=\"_blank\" rel=\"noreferrer noopener\">WYKAZ CZASOPISM<\/a><\/strong><\/p>\n","protected":false},"excerpt":{"rendered":"<p>Czasopisma prenumerowane 2021 Czasopisma prenumerowane b\u0105d\u017a otrzymywane przez Bibliotek\u0119 Pedagogiczn\u0105 w P\u0142ocku w 2021 r. Czytaj wi\u0119cej&#8230; Czasopisma Poni\u017cszy wykaz [&hellip;]<\/p>\n","protected":false},"author":112,"featured_media":0,"parent":0,"menu_order":0,"comment_status":"closed","ping_status":"closed","template":"","meta":{"_acf_changed":false,"_oasis_is_in_workflow":0,"_oasis_original":0,"inline_featured_image":false,"site-sidebar-layout":"default","site-content-layout":"","ast-site-content-layout":"default","site-content-style":"default","site-sidebar-style":"default","ast-global-header-display":"","ast-banner-title-visibility":"","ast-main-header-display":"","ast-hfb-above-header-display":"","ast-hfb-below-header-display":"","ast-hfb-mobile-header-display":"","site-post-title":"","ast-breadcrumbs-content":"","ast-featured-img":"","footer-sml-layout":"","ast-disable-related-posts":"","theme-transparent-header-meta":"","adv-header-id-meta":"","stick-header-meta":"","header-above-stick-meta":"","header-main-stick-meta":"","header-below-stick-meta":"","astra-migrate-meta-layouts":"default","ast-page-background-enabled":"default","ast-page-background-meta":{"desktop":{"background-color":"","background-image":"","background-repeat":"repeat","background-position":"center center","background-size":"auto","background-attachment":"scroll","background-type":"","background-media":"","overlay-type":"","overlay-color":"","overlay-opacity":"","overlay-gradient":""},"tablet":{"background-color":"","background-image":"","background-repeat":"repeat","background-position":"center center","background-size":"auto","background-attachment":"scroll","background-type":"","background-media":"","overlay-type":"","overlay-color":"","overlay-opacity":"","overlay-gradient":""},"mobile":{"background-color":"","background-image":"","background-repeat":"repeat","background-position":"center center","background-size":"auto","background-attachment":"scroll","background-type":"","background-media":"","overlay-type":"","overlay-color":"","overlay-opacity":"","overlay-gradient":""}},"ast-content-background-meta":{"desktop":{"background-color":"var(--ast-global-color-5)","background-image":"","background-repeat":"repeat","background-position":"center center","background-size":"auto","background-attachment":"scroll","background-type":"","background-media":"","overlay-type":"","overlay-color":"","overlay-opacity":"","overlay-gradient":""},"tablet":{"background-color":"var(--ast-global-color-5)","background-image":"","background-repeat":"repeat","background-position":"center center","background-size":"auto","background-attachment":"scroll","background-type":"","background-media":"","overlay-type":"","overlay-color":"","overlay-opacity":"","overlay-gradient":""},"mobile":{"background-color":"var(--ast-global-color-5)","background-image":"","background-repeat":"repeat","background-position":"center center","background-size":"auto","background-attachment":"scroll","background-type":"","background-media":"","overlay-type":"","overlay-color":"","overlay-opacity":"","overlay-gradient":""}},"_themeisle_gutenberg_block_has_review":false,"footnotes":""},"class_list":["post-4844","page","type-page","status-publish","hentry"],"acf":[],"featured_image_urls_v2":{"full":"","thumbnail":"","medium":"","medium_large":"","large":"","1536x1536":"","2048x2048":"","menu-24x24":"","menu-36x36":"","menu-48x48":""},"post_excerpt_stackable_v2":"<p>Czasopisma prenumerowane 2021 Czasopisma prenumerowane b\u0105d\u017a otrzymywane przez Bibliotek\u0119 Pedagogiczn\u0105 w P\u0142ocku w 2021 r. Czytaj wi\u0119cej&#8230; Czasopisma Poni\u017cszy wykaz zawiera czasopisma posiadane przez BP w P\u0142ocku i jej filie w&nbsp;Gostyninie. Posiadamy obecnie 263 tytu\u0142y i prenumerujemy rocznie 62 tytu\u0142y czasopism. Gromadzimy wi\u0119kszo\u015b\u0107 tytu\u0142\u00f3w czasopism pedagogicznych, metodycznych i&nbsp;psychologicznych o zasi\u0119gu og\u00f3lnokrajowym, selekcyjnie wybrane tytu\u0142y periodyk\u00f3w socjologicznych, spo\u0142ecznych, tytu\u0142y z zakresu informacji naukowej i bibliotekarstwa. &nbsp;&nbsp;&nbsp;&nbsp;&nbsp;&nbsp;&nbsp;&nbsp;&nbsp;&nbsp;&nbsp; Wymienione czasopisma dost\u0119pne s\u0105 w czytelniach naszych Bibliotek. Tytu\u0142y znajduj\u0105ce si\u0119 w danej bibliotece zaznaczone s\u0105 znakiem X w odpowiedniej rubryce. W celu u\u0142atwienia wyszukiwania danego tytu\u0142u w poni\u017cszej prezentacji zosta\u0142 zamieszczony spis tre\u015bci. Poszczeg\u00f3lne&hellip;<\/p>\n","category_list_v2":"","author_info_v2":{"name":"Martyna Zalewska","url":"https:\/\/gostynin.bpplock.pl\/uk\/author\/mprzygodzka\/"},"comments_num_v2":"0 \u043a\u043e\u043c\u0435\u043d\u0442\u0430\u0440\u0456\u0432","_links":{"self":[{"href":"https:\/\/gostynin.bpplock.pl\/uk\/wp-json\/wp\/v2\/pages\/4844","targetHints":{"allow":["GET"]}}],"collection":[{"href":"https:\/\/gostynin.bpplock.pl\/uk\/wp-json\/wp\/v2\/pages"}],"about":[{"href":"https:\/\/gostynin.bpplock.pl\/uk\/wp-json\/wp\/v2\/types\/page"}],"author":[{"embeddable":true,"href":"https:\/\/gostynin.bpplock.pl\/uk\/wp-json\/wp\/v2\/users\/112"}],"replies":[{"embeddable":true,"href":"https:\/\/gostynin.bpplock.pl\/uk\/wp-json\/wp\/v2\/comments?post=4844"}],"version-history":[{"count":2,"href":"https:\/\/gostynin.bpplock.pl\/uk\/wp-json\/wp\/v2\/pages\/4844\/revisions"}],"predecessor-version":[{"id":5006,"href":"https:\/\/gostynin.bpplock.pl\/uk\/wp-json\/wp\/v2\/pages\/4844\/revisions\/5006"}],"wp:attachment":[{"href":"https:\/\/gostynin.bpplock.pl\/uk\/wp-json\/wp\/v2\/media?parent=4844"}],"curies":[{"name":"wp","href":"https:\/\/api.w.org\/{rel}","templated":true}]}}