{"id":8269,"date":"2024-01-15T15:06:09","date_gmt":"2024-01-15T14:06:09","guid":{"rendered":"https:\/\/gostynin.bpplock.pl\/?page_id=8269"},"modified":"2024-01-15T15:06:12","modified_gmt":"2024-01-15T14:06:12","slug":"skany","status":"publish","type":"page","link":"https:\/\/gostynin.bpplock.pl\/uk\/skany\/","title":{"rendered":"SKANY"},"content":{"rendered":"\n<ul class=\"wp-block-list\">\n<li>Skany wykonywane s\u0105 dla Czytelnik\u00f3w zarejestrowanych w Bibliotece Pedagogicznej w P\u0142ocku i filii w Gostyninie.<\/li>\n\n\n\n<li>Skanowanie materia\u0142\u00f3w bibliotecznych ze zbior\u00f3w Biblioteki Pedagogicznej w P\u0142ocku odbywa si\u0119 wy\u0142\u0105cznie z poszanowaniem prawa autorskiego.<\/li>\n\n\n\n<li>Zgodnie z Ustaw\u0105 o prawie autorskim i prawach pokrewnych skanowane mog\u0105 by\u0107 tylko fragmenty opublikowanych materia\u0142\u00f3w (do 20 stron). (Dz. U. 1994, Nr 24, poz. 83 z p\u00f3\u017an. zm.).<\/li>\n\n\n\n<li>W zale\u017cno\u015bci od stanu zachowania materia\u0142u bibliotekarz ma prawo odm\u00f3wi\u0107 wykonania tej us\u0142ugi.<\/li>\n\n\n\n<li>Biblioteka Pedagogiczna w P\u0142ocku i filia w Gostyninie wykonuje skany&nbsp;artyku\u0142\u00f3w z czasopism i fragment\u00f3w ksi\u0105\u017cek.<\/li>\n\n\n\n<li>Zam\u00f3wienia skan\u00f3w materia\u0142\u00f3w bibliotecznych przyjmowane s\u0105 drog\u0105 elektroniczn\u0105 na adres: czytelnia@bpplock.pl<\/li>\n\n\n\n<li>Skany zapisywane s\u0105 w formacie .jpg. W tym formacie zeskanowane materia\u0142y przesy\u0142ane s\u0105 za pomoc\u0105 poczty elektronicznej do zamawiaj\u0105cego.<\/li>\n\n\n\n<li>Zam\u00f3wienia b\u0119d\u0105 realizowane w kolejno\u015bci ich wp\u0142ywu.<\/li>\n\n\n\n<li>Zam\u00f3wione materia\u0142y biblioteczne mog\u0105 by\u0107 wykorzystywane tylko w celach niekomercyjnych.<\/li>\n<\/ul>\n","protected":false},"excerpt":{"rendered":"","protected":false},"author":1456,"featured_media":0,"parent":0,"menu_order":0,"comment_status":"closed","ping_status":"closed","template":"","meta":{"_acf_changed":false,"_oasis_is_in_workflow":0,"_oasis_original":0,"inline_featured_image":false,"site-sidebar-layout":"default","site-content-layout":"","ast-site-content-layout":"default","site-content-style":"default","site-sidebar-style":"default","ast-global-header-display":"","ast-banner-title-visibility":"","ast-main-header-display":"","ast-hfb-above-header-display":"","ast-hfb-below-header-display":"","ast-hfb-mobile-header-display":"","site-post-title":"","ast-breadcrumbs-content":"","ast-featured-img":"","footer-sml-layout":"","ast-disable-related-posts":"","theme-transparent-header-meta":"","adv-header-id-meta":"","stick-header-meta":"","header-above-stick-meta":"","header-main-stick-meta":"","header-below-stick-meta":"","astra-migrate-meta-layouts":"set","ast-page-background-enabled":"default","ast-page-background-meta":{"desktop":{"background-color":"","background-image":"","background-repeat":"repeat","background-position":"center center","background-size":"auto","background-attachment":"scroll","background-type":"","background-media":"","overlay-type":"","overlay-color":"","overlay-opacity":"","overlay-gradient":""},"tablet":{"background-color":"","background-image":"","background-repeat":"repeat","background-position":"center center","background-size":"auto","background-attachment":"scroll","background-type":"","background-media":"","overlay-type":"","overlay-color":"","overlay-opacity":"","overlay-gradient":""},"mobile":{"background-color":"","background-image":"","background-repeat":"repeat","background-position":"center center","background-size":"auto","background-attachment":"scroll","background-type":"","background-media":"","overlay-type":"","overlay-color":"","overlay-opacity":"","overlay-gradient":""}},"ast-content-background-meta":{"desktop":{"background-color":"var(--ast-global-color-5)","background-image":"","background-repeat":"repeat","background-position":"center center","background-size":"auto","background-attachment":"scroll","background-type":"","background-media":"","overlay-type":"","overlay-color":"","overlay-opacity":"","overlay-gradient":""},"tablet":{"background-color":"var(--ast-global-color-5)","background-image":"","background-repeat":"repeat","background-position":"center center","background-size":"auto","background-attachment":"scroll","background-type":"","background-media":"","overlay-type":"","overlay-color":"","overlay-opacity":"","overlay-gradient":""},"mobile":{"background-color":"var(--ast-global-color-5)","background-image":"","background-repeat":"repeat","background-position":"center center","background-size":"auto","background-attachment":"scroll","background-type":"","background-media":"","overlay-type":"","overlay-color":"","overlay-opacity":"","overlay-gradient":""}},"_themeisle_gutenberg_block_has_review":false,"footnotes":""},"class_list":["post-8269","page","type-page","status-publish","hentry"],"acf":[],"featured_image_urls_v2":{"full":"","thumbnail":"","medium":"","medium_large":"","large":"","1536x1536":"","2048x2048":"","menu-24x24":"","menu-36x36":"","menu-48x48":""},"post_excerpt_stackable_v2":"<p>Skany wykonywane s\u0105 dla Czytelnik\u00f3w zarejestrowanych w Bibliotece Pedagogicznej w P\u0142ocku i filii w Gostyninie. Skanowanie materia\u0142\u00f3w bibliotecznych ze zbior\u00f3w Biblioteki Pedagogicznej w P\u0142ocku odbywa si\u0119 wy\u0142\u0105cznie z poszanowaniem prawa autorskiego. Zgodnie z Ustaw\u0105 o prawie autorskim i prawach pokrewnych skanowane mog\u0105 by\u0107 tylko fragmenty opublikowanych materia\u0142\u00f3w (do 20 stron). (Dz. U. 1994, Nr 24, poz. 83 z p\u00f3\u017an. zm.). W zale\u017cno\u015bci od stanu zachowania materia\u0142u bibliotekarz ma prawo odm\u00f3wi\u0107 wykonania tej us\u0142ugi. Biblioteka Pedagogiczna w P\u0142ocku i filia w Gostyninie wykonuje skany&nbsp;artyku\u0142\u00f3w z czasopism i fragment\u00f3w ksi\u0105\u017cek. Zam\u00f3wienia skan\u00f3w materia\u0142\u00f3w bibliotecznych przyjmowane s\u0105 drog\u0105 elektroniczn\u0105 na adres: czytelnia@bpplock.pl Skany&hellip;<\/p>\n","category_list_v2":"","author_info_v2":{"name":"michalt","url":"https:\/\/gostynin.bpplock.pl\/uk\/author\/michalt\/"},"comments_num_v2":"0 \u043a\u043e\u043c\u0435\u043d\u0442\u0430\u0440\u0456\u0432","_links":{"self":[{"href":"https:\/\/gostynin.bpplock.pl\/uk\/wp-json\/wp\/v2\/pages\/8269","targetHints":{"allow":["GET"]}}],"collection":[{"href":"https:\/\/gostynin.bpplock.pl\/uk\/wp-json\/wp\/v2\/pages"}],"about":[{"href":"https:\/\/gostynin.bpplock.pl\/uk\/wp-json\/wp\/v2\/types\/page"}],"author":[{"embeddable":true,"href":"https:\/\/gostynin.bpplock.pl\/uk\/wp-json\/wp\/v2\/users\/1456"}],"replies":[{"embeddable":true,"href":"https:\/\/gostynin.bpplock.pl\/uk\/wp-json\/wp\/v2\/comments?post=8269"}],"version-history":[{"count":2,"href":"https:\/\/gostynin.bpplock.pl\/uk\/wp-json\/wp\/v2\/pages\/8269\/revisions"}],"predecessor-version":[{"id":8275,"href":"https:\/\/gostynin.bpplock.pl\/uk\/wp-json\/wp\/v2\/pages\/8269\/revisions\/8275"}],"wp:attachment":[{"href":"https:\/\/gostynin.bpplock.pl\/uk\/wp-json\/wp\/v2\/media?parent=8269"}],"curies":[{"name":"wp","href":"https:\/\/api.w.org\/{rel}","templated":true}]}}